{"id":1019,"date":"2024-12-05T17:41:44","date_gmt":"2024-12-05T17:41:44","guid":{"rendered":"https:\/\/national-archives.go-vip.net\/?page_id=1019"},"modified":"2025-10-02T12:32:56","modified_gmt":"2025-10-02T12:32:56","slug":"legal-research","status":"publish","type":"page","link":"https:\/\/nationalarchives.ie\/ga\/help-with-research\/types-of-research\/legal-research\/","title":{"rendered":"Legal research"},"content":{"rendered":"\n\n<section id=\"block-block_462474368972dbdd1da2002ec410a33e\" class=\"landing-page-header-block title-width-default block-color-green block-row-02-type-share block-row-02-share-position-bottom intro-full-width\" data-style=\"style-11\">    \n\n\t<div class=\"header \">\n\n\t\t\t\t\n<div class=\"translation-notice\">\n        <div class=\"inner container\">\n            <p><strong>Cuirfear aistri\u00fach\u00e1n ar f\u00e1il go luath<\/strong><\/p>\n            <p>\u00c1r leithsc\u00e9al as an m\u00edchaoithi\u00falacht. Cuirfear aistri\u00fach\u00e1n Gaeilge ar an leathanach seo ar f\u00e1il go luath. Go raibh maith agat as do chuid foighneachta agus muid ag obair ar leagan uasd\u00e1taithe.<\/p>\n        <\/div>\n    <\/div>\n\n\n\t\t\n\t\t<div class=\"container\">\n\t\t\t<div class=\"intro\">\n\t\t\t\t<h1 class=\"heading-0\">Taighde dl\u00ed <\/h1>\n\t\t\t\t\n\t\t\t<\/div>\n\t\t\t\n\t\t\t<!-- mobile -->\n\t\t\t\n\t\t\t\n\t\t<\/div>\n\n\t\t\t\t\t<div class=\"header-row-02\">\n\t\t\t\t<div class=\"container\">\n\t\t\t\t\t\t\t\t\t\t\t<div class=\"share\">\n\t\t\t\t\t\t\t<button class=\"share-button pulse fade-in\" data-js=\"share-button\">SHARE<\/button>\n\t\t\t\t\t\t<\/div>\n\t\t\t\t\t\t\t\t\t\t<div class=\"text h3\"><p>An bhfuil t\u00fa ag fiosr\u00fa stair an teaghlaigh, ag d\u00e9anamh staid\u00e9ir ar stair dhl\u00edthi\u00fail n\u00f3 pholaiti\u00fail n\u00f3 ag lorg c\u00e1s dl\u00edthi\u00fail ar leith? D&#8217;fh\u00e9adfadh fionnachtana suimi\u00fala a bheith mar thoradh ar gach ceann de na r\u00e9ims\u00ed seo.<\/p>\n<\/div>\t\t\t\t<\/div>\n\t\t\t<\/div>\n\t\t\t\t\n\t<\/div>\n\n\t\n<\/section>\n\n\t<span class=\"notification-top\" data-js=\"share-copied\">URL copied to clipboard<\/span>\n\n\n<section id=\"block-block_1163563ddd8017a54fa50ca308f7018d\" class=\"content-tile-block nai-block margin-top-small margin-bottom-none image_right text-regular text-black extra-padding-b bg-white no-border-top smaller-heading\" data-layout=\"layout-1-2\">        \n\t\t<div class=\"container\">\n\t\t\t\t<div class=\"content\">\n\t\t\t<div class=\"image\" data-image=\"cover\">\n\t\t\t\t\t\t\t\t\t\t\t\t\t\t\t\t\t\t\t\t\t\t\t\t\t\t\t\t<\/div>\n\t\t\t<div class=\"text\">\n\t\t\t\t<div class=\"text-content cms-content\">\n\t\t\t\t\t\t\t\t\t\t<p>Is foinse th\u00e1bhachtach iad taifid \u00f3 na c\u00fairteanna do thaighdeoir\u00ed a bhfuil suim acu i stair a dteaghlaigh, do mhic l\u00e9inn a bhfuil sp\u00e9is ar leith acu i stair dhl\u00edthi\u00fail n\u00f3 pholaiti\u00fail agus do thaighdeoir\u00ed gairmi\u00fala at\u00e1 ag lorg c\u00e1sanna c\u00fairte ar leith.<\/p>\n<p>T\u00e1 taifid dhl\u00edthi\u00fala l\u00e1n d&#8217;fhaisn\u00e9is luachmhar faoi na c\u00fairteanna agus faoi na daoine aonair a d&#8217;idirghn\u00edomhaigh leo. C\u00e9 go mbaineann taifead aonair le c\u00e1s ar leith ar an dromchla, l\u00e9ir\u00edonn \u00e1bhar forioml\u00e1n na dtaifead an tsocha\u00ed tr\u00e1th a crutha\u00edodh iad.<\/p>\n<p>Coime\u00e1dann an Chartlann N\u00e1isi\u00fanta taifid de gach leibh\u00e9al c\u00fairteanna seachas an Ch\u00fairt Choiri\u00fail Speisialta. Is f\u00e9idir creat dl\u00edthi\u00fail agus luachanna socha\u00edocha agus eacnama\u00edocha shocha\u00ed na h\u00c9ireann a fhiosr\u00fa \u00f3n 15\u00fa haois go dt\u00ed deireadh an 20\u00fa haois.<\/p>\n<div id=\"awebChromeHelper\" data-version=\"1.23.6\">\n<h3><strong>Ag ullmh\u00fa chun taifid ch\u00fairte a chuardach<\/strong><\/h3>\n<p>Sula dtugann t\u00fa cuairt ar an gCartlann N\u00e1isi\u00fanta, faigh amach an oiread faisn\u00e9ise agus is f\u00e9idir faoin \u00e1bhar n\u00f3 faoin gc\u00e1s c\u00fairte. Socra\u00edtear na taifid de r\u00e9ir an chaoi ar chruthaigh agus ar bhainistigh na c\u00fairteanna aonair iad. Chun taifid ch\u00fairte a chuardach, teasta\u00edonn an fhaisn\u00e9is seo a leanas uait:<\/p>\n<ul>\n<li>D\u00e1ta an tsu\u00ed<\/li>\n<li>Ainm na c\u00fairte inar \u00e9isteadh an c\u00e1s:\n<ul>\n<li>D\u00faiche<\/li>\n<li>Chuarda<\/li>\n<li>Ard-Ch\u00fairt<\/li>\n<li>Uachtarach<\/li>\n<\/ul>\n<\/li>\n<\/ul>\n<p>Gan an fhaisn\u00e9is seo, b&#8217;fh\u00e9idir nach mbeidh t\u00fa in ann taifid na c\u00fairte a chuardach go rath\u00fail.<\/p>\n<p>&nbsp;<\/p>\n<h3><strong>Conas staid\u00e9ar a dh\u00e9anamh ar ch\u00e1s dl\u00edthi\u00fail<\/strong><\/h3>\n<p>Chun a fh\u00e1il amach c\u00e1 h\u00e1it n\u00f3 cathain a bh\u00ed c\u00e1s dl\u00edthi\u00fail ar si\u00fal, seice\u00e1il cartlanna na nuacht\u00e1n \u00e1iti\u00fail agus n\u00e1isi\u00fanta, a bhfuil go leor acu ar l\u00edne. Is f\u00e9idir leat c\u00f3ipeanna micreascann\u00e1in de nuacht\u00e1in i <a href=\"https:\/\/www.nli.ie\/\">Leabharlann N\u00e1isi\u00fanta na h\u00c9ireann<\/a> a fh\u00e1il freisin.<\/p>\n<p>&nbsp;<\/p>\n<p>Is minic a bh\u00edonn faisn\u00e9is i nuacht\u00e1in stairi\u00fala faoi shu\u00edonna c\u00fairte agus faoi shonra\u00ed na gc\u00e1sanna a tion\u00f3ladh. D&#8217;fh\u00e9adfadh an fhaisn\u00e9is seo a bheith \u00fas\u00e1ideach chun aon chomhaid n\u00f3 doicim\u00e9adacht eile a d&#8217;fh\u00e9adfadh a bheith ann a aimsi\u00fa. \u00c1ir\u00edtear i dtaifid na C\u00fairte Cuarda comhaid ionchoisne cr\u00f3in\u00e9ir\u00ed agus is \u00e9ard at\u00e1 i dtaifid na C\u00fairte D\u00faiche cl\u00e1ir gan comhaid taca\u00edochta.<\/p>\n<p>&nbsp;<\/p>\n<h3><strong>Faigh rochtain ar thaifid ch\u00fairte sa Chartlann N\u00e1isi\u00fanta<\/strong><\/h3>\n<p>N\u00ed m\u00f3r dul i gcomhairle sa Seomra L\u00e9itheoireachta leis na h\u00e1iseanna aimsithe do thaifid ch\u00fairte lena n-\u00e1ir\u00edtear taifid na C\u00fairte D\u00faiche agus na C\u00fairte Cuarda agus gach ardch\u00fairt eile agus a gcomhlachta\u00ed r\u00e9amhtheachtacha. T\u00e1 sonra\u00ed iontu sin faoi na taifid agus faoi na c\u00f3id tagartha a \u00fas\u00e1idtear chun iad a aimsi\u00fa agus a aisghabh\u00e1il. T\u00e1 c\u00e1sanna dl\u00ed teaghlaigh d\u00fanta don phobal agus n\u00ed m\u00f3r cead a fh\u00e1il \u00f3n gCl\u00e1raitheoir Contae n\u00f3 \u00f3 Phr\u00edomh-Oifig na hArd-Ch\u00fairte.<\/p>\n<p><a href=\"https:\/\/nationalarchives.ie\/ga\/dean-cuairt-a-phleanail\/\">Plean\u00e1il cuairt<\/a><\/p>\n<p>&nbsp;<\/p>\n<h3><strong>Taifid na C\u00fairte D\u00faiche<\/strong><\/h3>\n<p>St\u00f3r\u00e1iltear taifid na C\u00fairte D\u00faiche ar an l\u00e1thair agus is f\u00e9idir iad a ord\u00fa agus a fheice\u00e1il ar l\u00e1 do chuairte.<\/p>\n<p>&nbsp;<\/p>\n<h3><strong>Gach taifead c\u00fairte eile<\/strong><\/h3>\n<p>Coime\u00e1dtar gach taifead dl\u00edthi\u00fail eile in\u00e1r n-\u00e1itreabh Ceithre Ch\u00fairt.<\/p>\n<p>\u00c1ir\u00edtear leo si\u00fad:<\/p>\n<ul>\n<li>Taifid na C\u00fairte Cuarda roimh l\u00e1r na 1970id\u00ed<\/li>\n<li>An Ard-Ch\u00fairt, an Ch\u00fairt Uachtarach agus an Ch\u00fairt Achomhairc Choiri\u00fail<\/li>\n<li>Taifid Cor\u00f3inneach agus S\u00edoch\u00e1na<\/li>\n<\/ul>\n<\/div>\n<div id=\"awebChromeHelper\" data-version=\"1.23.6\">\n<p>Chun rochtain a fh\u00e1il ar na taifid seo, lean na c\u00e9imeanna seo le do thoil:<\/p>\n<p>&nbsp;<\/p>\n<p>Tabhair cuairt ar an Seomra L\u00e9itheoireachta ag Sr\u00e1id an Easpaig chun f\u00e9achaint ar na h\u00e1iseanna aimsithe agus chun an taifead at\u00e1 uait agus a ch\u00f3d tagartha a aimsi\u00fa.<\/p>\n<ul>\n<li>De ghn\u00e1th b\u00edonn tr\u00ed chuid i gc\u00f3id tagartha mar sh\u00e1mpla 2004\/74\/993<\/li>\n<li>Mura bhfuil c\u00f3d tagartha de chuid na Cartlainne N\u00e1isi\u00fanta ag taifead, bain \u00fas\u00e1id as an tagairt bhunaidh mar sh\u00e1mpla CC\/CN\/E178\/1980<\/li>\n<li>Cuir ord\u00fa le haghaidh an taifid<\/li>\n<li>Fill ar ais go dt\u00ed an Seomra L\u00e9itheoireachta chun an taifead a chead\u00fa nuair a seachadadh chuig Sr\u00e1id an Easpaig \u00e9<\/li>\n<\/ul>\n<p>&nbsp;<\/p>\n<h3><strong>C\u00f3ipeanna deimhnithe de chartlanna a ord\u00fa<\/strong><\/h3>\n<p>Is f\u00e9idir c\u00f3ipeanna de thaifid dhl\u00edthi\u00fala a ord\u00fa. Is f\u00e9idir c\u00f3ip fh\u00edordheimhnithe, ar a dtugtar c\u00f3ip dheimhnithe freisin, a ord\u00fa m\u00e1s g\u00e1 chun cr\u00edocha dl\u00edthi\u00fala.<\/p>\n<p><a href=\"https:\/\/nationalarchives.ie\/ga\/help-with-research\/copies-publication-and-copyright\/order-certified-copies\/\">Ordaigh c\u00f3ipeanna deimhnithe<\/a><\/p>\n<p>&nbsp;<\/p>\n<h3><strong>Taifid luathch\u00fairte<\/strong><\/h3>\n<p>Maidir le taifid luathch\u00fairte a scriosadh in Oifig na dTaifead Poibl\u00ed in \u00c9irinn le linn an Chogaidh Chathartha i 1922, ba cheart duit c\u00f3ipeanna de na taifid bhunaidh a sheice\u00e1il. I measc na bhfoins\u00ed t\u00e1bhachtacha do na taifid seo t\u00e1 taifid a fuarthas \u00f3 fhoins\u00ed pr\u00edobh\u00e1ideacha amhail baili\u00fach\u00e1in aturnaetha agus taifid ghn\u00f3 n\u00f3 tras-scr\u00edbhinn\u00ed de thaifid a crutha\u00edodh sular cailleadh na taifid bhunaidh.<\/p>\n<p><a href=\"https:\/\/nationalarchives.ie\/ga\/collections\/\">Cuardaigh na baili\u00fach\u00e1in<\/a><\/p>\n<p>&nbsp;<\/p>\n<p>Chun eolas a fh\u00e1il ar uachtanna agus ar phrobh\u00e1id\u00ed, f\u00e9ach <a href=\"https:\/\/nationalarchives.ie\/ga\/help-with-research\/types-of-research\/how-to-find-a-will\/\">Conas uacht a aimsi\u00fa<\/a>.<\/p>\n<p>&nbsp;<\/p>\n<h3><strong>Ag tagairt do chartlanna<\/strong><\/h3>\n<p>Mar chuid de do chuid taighde, moltar duit n\u00f3ta a choinne\u00e1il d&#8217;aon chartlann a ndeachthas i gcomhairle leo. T\u00e1 n\u00f3ta\u00ed mionsonraithe de ch\u00f3id tagartha n\u00f3 tuairisc\u00ed ar theidil doicim\u00e9ad \u00fas\u00e1ideach m\u00e1s g\u00e1 duit na taifid a chead\u00fa ar\u00eds. I gc\u00e1s ina luann taighdeoir\u00ed doicim\u00e9id i bhfoilseach\u00e1in, t\u00e1 s\u00e9 t\u00e1bhachtach an fhaisn\u00e9is sin a choinne\u00e1il chun an c\u00f3d tagartha ceart agus na tuairisc\u00ed cearta ar dhoicim\u00e9id a chur san \u00e1ireamh.<\/p>\n<p><a href=\"https:\/\/nationalarchives.ie\/ga\/help-with-research\/referencing-archives\/\">Ag tagairt do chartlanna<\/a><\/p>\n<\/div>\n\t\t\t\t<\/div>\n\t\t\t\t<div class=\"ctas\">\n\t\t\t\t\t\t\t\t\t\t\t\t\t\t<\/div>\n\n\t\t\t\t\n\t\t\t<\/div>\n\t\t<\/div>\n\t<\/div>    \n<\/section>\n\n<section id=\"block-block_d94359337cb68801be380bb71bad965f\" class=\"cards-row-block nai-block margin-top-none margin-bottom-default numbers-columns-2 images-ratio-landscape\">\n    <div class=\"container\">          \n            <header class=\"section-header-component text-content\">\n        <div class=\"header-content\">                \n            <h2 class=\"h2\">Related content<\/h2>            \n                                                <\/div>\n    <\/header>     \n            <section class=\"cards\">\n                                    <article class=\"card-component fade-in\">\n                        <a href=\"https:\/\/nationalarchives.ie\/ga\/help-with-research\/get-started-with-archival-research\/\" title=\"Get started with archival research\">\n                                                                                                                \n                            <div class=\"intro no-pb\">\n                                                                <h3 class=\"\">Get started with archival research<\/h3>                                <p>The National Archives preserves state records, including wills from the Probate Office, which is part of the High Court.<\/p>                    \n                                                            <\/div>\n                        <\/a>\n                    <\/article>\n                                    <article class=\"card-component fade-in\">\n                        <a href=\"https:\/\/nationalarchives.ie\/ga\/help-with-research\/family-history-research\/\" title=\"Family history research\">\n                                                                                                                \n                            <div class=\"intro no-pb\">\n                                                                <h3 class=\"\">Family history research<\/h3>                                <p>Get helpful advice on doing genealogical research at the National Archives.<\/p>                    \n                                                            <\/div>\n                        <\/a>\n                    <\/article>\n                                    <article class=\"card-component fade-in\">\n                        <a href=\"https:\/\/nationalarchives.ie\/ga\/types-of-research\/how-to-find-a-will\/\" title=\"How to find a will\">\n                                                                                                                \n                            <div class=\"intro no-pb\">\n                                                                <h3 class=\"\">How to find a will<\/h3>                                <p>The National Archives preserves state records, including wills from the Probate Office, which is part of the High Court.<\/p>                    \n                                                            <\/div>\n                        <\/a>\n                    <\/article>\n                                    <article class=\"card-component fade-in\">\n                        <a href=\"https:\/\/nationalarchives.ie\/ga\/help-with-research\/genealogy-advisory-service\/\" title=\"Genealogy advice\">\n                                                                                                                \n                            <div class=\"intro no-pb\">\n                                                                <h3 class=\"\">Genealogy advice<\/h3>                                <p>Our free genealogy advisory service can give you advice and guidance to help your family history research.<\/p>                    \n                                                            <\/div>\n                        <\/a>\n                    <\/article>\n                            <\/section>\n        \n    <\/div>\n<\/section>","protected":false},"excerpt":{"rendered":"","protected":false},"author":7,"featured_media":0,"parent":1964,"menu_order":3,"comment_status":"closed","ping_status":"closed","template":"","meta":{"_acf_changed":false,"inline_featured_image":false,"editor_notices":[],"footnotes":""},"class_list":["post-1019","page","type-page","status-publish","hentry"],"acf":[],"yoast_head":"<!-- This site is optimized with the Yoast SEO plugin v27.3 - https:\/\/yoast.com\/product\/yoast-seo-wordpress\/ -->\n<title>Legal research - An Chartlann N\u00e1isi\u00fanta<\/title>\n<meta name=\"robots\" content=\"index, follow, max-snippet:-1, max-image-preview:large, max-video-preview:-1\" \/>\n<link rel=\"canonical\" href=\"https:\/\/nationalarchives.ie\/ga\/help-with-research\/types-of-research\/legal-research\/\" \/>\n<meta property=\"og:locale\" content=\"en_US\" \/>\n<meta property=\"og:type\" content=\"article\" \/>\n<meta property=\"og:title\" content=\"Legal research - An Chartlann N\u00e1isi\u00fanta\" \/>\n<meta property=\"og:url\" content=\"https:\/\/nationalarchives.ie\/ga\/help-with-research\/types-of-research\/legal-research\/\" \/>\n<meta property=\"og:site_name\" content=\"An Chartlann N\u00e1isi\u00fanta\" \/>\n<meta property=\"article:modified_time\" content=\"2025-10-02T12:32:56+00:00\" \/>\n<meta name=\"twitter:card\" content=\"summary_large_image\" \/>\n<script type=\"application\/ld+json\" class=\"yoast-schema-graph\">{\"@context\":\"https:\\\/\\\/schema.org\",\"@graph\":[{\"@type\":\"WebPage\",\"@id\":\"https:\\\/\\\/nationalarchives.ie\\\/ga\\\/help-with-research\\\/types-of-research\\\/legal-research\\\/\",\"url\":\"https:\\\/\\\/nationalarchives.ie\\\/ga\\\/help-with-research\\\/types-of-research\\\/legal-research\\\/\",\"name\":\"Legal research - An Chartlann N\u00e1isi\u00fanta\",\"isPartOf\":{\"@id\":\"https:\\\/\\\/nationalarchives.ie\\\/ga\\\/#website\"},\"datePublished\":\"2024-12-05T17:41:44+00:00\",\"dateModified\":\"2025-10-02T12:32:56+00:00\",\"breadcrumb\":{\"@id\":\"https:\\\/\\\/nationalarchives.ie\\\/ga\\\/help-with-research\\\/types-of-research\\\/legal-research\\\/#breadcrumb\"},\"inLanguage\":\"en-US\",\"potentialAction\":[{\"@type\":\"ReadAction\",\"target\":[\"https:\\\/\\\/nationalarchives.ie\\\/ga\\\/help-with-research\\\/types-of-research\\\/legal-research\\\/\"]}]},{\"@type\":\"BreadcrumbList\",\"@id\":\"https:\\\/\\\/nationalarchives.ie\\\/ga\\\/help-with-research\\\/types-of-research\\\/legal-research\\\/#breadcrumb\",\"itemListElement\":[{\"@type\":\"ListItem\",\"position\":1,\"name\":\"Home\",\"item\":\"https:\\\/\\\/nationalarchives.ie\\\/ga\\\/\"},{\"@type\":\"ListItem\",\"position\":2,\"name\":\"Cabhair le taighde\",\"item\":\"https:\\\/\\\/nationalarchives.ie\\\/ga\\\/help-with-research\\\/\"},{\"@type\":\"ListItem\",\"position\":3,\"name\":\"Cine\u00e1lacha taighde\",\"item\":\"https:\\\/\\\/nationalarchives.ie\\\/ga\\\/help-with-research\\\/types-of-research\\\/\"},{\"@type\":\"ListItem\",\"position\":4,\"name\":\"Legal research\"}]},{\"@type\":\"WebSite\",\"@id\":\"https:\\\/\\\/nationalarchives.ie\\\/ga\\\/#website\",\"url\":\"https:\\\/\\\/nationalarchives.ie\\\/ga\\\/\",\"name\":\"An Chartlann N\u00e1isi\u00fanta\",\"description\":\"\",\"potentialAction\":[{\"@type\":\"SearchAction\",\"target\":{\"@type\":\"EntryPoint\",\"urlTemplate\":\"https:\\\/\\\/nationalarchives.ie\\\/ga\\\/?s={search_term_string}\"},\"query-input\":{\"@type\":\"PropertyValueSpecification\",\"valueRequired\":true,\"valueName\":\"search_term_string\"}}],\"inLanguage\":\"en-US\"}]}<\/script>\n<!-- \/ Yoast SEO plugin. -->","yoast_head_json":{"title":"Legal research - An Chartlann N\u00e1isi\u00fanta","robots":{"index":"index","follow":"follow","max-snippet":"max-snippet:-1","max-image-preview":"max-image-preview:large","max-video-preview":"max-video-preview:-1"},"canonical":"https:\/\/nationalarchives.ie\/ga\/help-with-research\/types-of-research\/legal-research\/","og_locale":"en_US","og_type":"article","og_title":"Legal research - An Chartlann N\u00e1isi\u00fanta","og_url":"https:\/\/nationalarchives.ie\/ga\/help-with-research\/types-of-research\/legal-research\/","og_site_name":"An Chartlann N\u00e1isi\u00fanta","article_modified_time":"2025-10-02T12:32:56+00:00","twitter_card":"summary_large_image","schema":{"@context":"https:\/\/schema.org","@graph":[{"@type":"WebPage","@id":"https:\/\/nationalarchives.ie\/ga\/help-with-research\/types-of-research\/legal-research\/","url":"https:\/\/nationalarchives.ie\/ga\/help-with-research\/types-of-research\/legal-research\/","name":"Legal research - An Chartlann N\u00e1isi\u00fanta","isPartOf":{"@id":"https:\/\/nationalarchives.ie\/ga\/#website"},"datePublished":"2024-12-05T17:41:44+00:00","dateModified":"2025-10-02T12:32:56+00:00","breadcrumb":{"@id":"https:\/\/nationalarchives.ie\/ga\/help-with-research\/types-of-research\/legal-research\/#breadcrumb"},"inLanguage":"en-US","potentialAction":[{"@type":"ReadAction","target":["https:\/\/nationalarchives.ie\/ga\/help-with-research\/types-of-research\/legal-research\/"]}]},{"@type":"BreadcrumbList","@id":"https:\/\/nationalarchives.ie\/ga\/help-with-research\/types-of-research\/legal-research\/#breadcrumb","itemListElement":[{"@type":"ListItem","position":1,"name":"Home","item":"https:\/\/nationalarchives.ie\/ga\/"},{"@type":"ListItem","position":2,"name":"Cabhair le taighde","item":"https:\/\/nationalarchives.ie\/ga\/help-with-research\/"},{"@type":"ListItem","position":3,"name":"Cine\u00e1lacha taighde","item":"https:\/\/nationalarchives.ie\/ga\/help-with-research\/types-of-research\/"},{"@type":"ListItem","position":4,"name":"Legal research"}]},{"@type":"WebSite","@id":"https:\/\/nationalarchives.ie\/ga\/#website","url":"https:\/\/nationalarchives.ie\/ga\/","name":"An Chartlann N\u00e1isi\u00fanta","description":"","potentialAction":[{"@type":"SearchAction","target":{"@type":"EntryPoint","urlTemplate":"https:\/\/nationalarchives.ie\/ga\/?s={search_term_string}"},"query-input":{"@type":"PropertyValueSpecification","valueRequired":true,"valueName":"search_term_string"}}],"inLanguage":"en-US"}]}},"jetpack_sharing_enabled":true,"_links":{"self":[{"href":"https:\/\/nationalarchives.ie\/ga\/wp-json\/wp\/v2\/pages\/1019","targetHints":{"allow":["GET"]}}],"collection":[{"href":"https:\/\/nationalarchives.ie\/ga\/wp-json\/wp\/v2\/pages"}],"about":[{"href":"https:\/\/nationalarchives.ie\/ga\/wp-json\/wp\/v2\/types\/page"}],"author":[{"embeddable":true,"href":"https:\/\/nationalarchives.ie\/ga\/wp-json\/wp\/v2\/users\/7"}],"replies":[{"embeddable":true,"href":"https:\/\/nationalarchives.ie\/ga\/wp-json\/wp\/v2\/comments?post=1019"}],"version-history":[{"count":26,"href":"https:\/\/nationalarchives.ie\/ga\/wp-json\/wp\/v2\/pages\/1019\/revisions"}],"predecessor-version":[{"id":5457,"href":"https:\/\/nationalarchives.ie\/ga\/wp-json\/wp\/v2\/pages\/1019\/revisions\/5457"}],"up":[{"embeddable":true,"href":"https:\/\/nationalarchives.ie\/ga\/wp-json\/wp\/v2\/pages\/1964"}],"wp:attachment":[{"href":"https:\/\/nationalarchives.ie\/ga\/wp-json\/wp\/v2\/media?parent=1019"}],"curies":[{"name":"wp","href":"https:\/\/api.w.org\/{rel}","templated":true}]}}