{"id":1326,"date":"2024-12-17T16:04:13","date_gmt":"2024-12-17T16:04:13","guid":{"rendered":"https:\/\/national-archives.go-vip.net\/?page_id=1326"},"modified":"2025-09-16T22:37:45","modified_gmt":"2025-09-16T22:37:45","slug":"stories-from-the-archive","status":"publish","type":"page","link":"https:\/\/nationalarchives.ie\/ga\/engage-and-learn\/stories-from-the-archive\/","title":{"rendered":"Sc\u00e9alta \u00f3n gcartlann"},"content":{"rendered":"\n\n<section id=\"block-block_83f2af437df9125b5eb99b72fbe1a6c6\" class=\"landing-page-header-block title-width-default block-color-gold block-row-02-type-share block-row-02-share-position-bottom\" data-style=\"style-11\">    \n\n\t<div class=\"header row1-media\">\n\n\t\t\t\t\n<div class=\"translation-notice\">\n        <div class=\"inner container\">\n            <p><strong>Cuirfear aistri\u00fach\u00e1n ar f\u00e1il go luath<\/strong><\/p>\n            <p>\u00c1r leithsc\u00e9al as an m\u00edchaoithi\u00falacht. Cuirfear aistri\u00fach\u00e1n Gaeilge ar an leathanach seo ar f\u00e1il go luath. Go raibh maith agat as do chuid foighneachta agus muid ag obair ar leagan uasd\u00e1taithe.<\/p>\n        <\/div>\n    <\/div>\n\n\n\t\t\n\t\t<div class=\"container\">\n\t\t\t<div class=\"intro\">\n\t\t\t\t<h1 class=\"heading-0\">Sc\u00e9alta \u00f3n gcartlann<\/h1>\n\t\t\t\t\n\t\t\t\t\t<div class='media-wrap'><img loading=\"lazy\" decoding=\"async\" width=\"600\" height=\"465\" src=\"https:\/\/nationalarchives.ie\/ga\/wp-content\/uploads\/sites\/5\/2025\/06\/stories-from-the-archive-extended.jpg?w=600\" class=\"mobile\" alt=\"\" data-js=\"img-loader\" srcset=\"https:\/\/nationalarchives.ie\/ga\/wp-content\/uploads\/sites\/5\/2025\/06\/stories-from-the-archive-extended.jpg 1200w, https:\/\/nationalarchives.ie\/ga\/wp-content\/uploads\/sites\/5\/2025\/06\/stories-from-the-archive-extended.jpg?resize=300,233 300w, https:\/\/nationalarchives.ie\/ga\/wp-content\/uploads\/sites\/5\/2025\/06\/stories-from-the-archive-extended.jpg?resize=768,595 768w, https:\/\/nationalarchives.ie\/ga\/wp-content\/uploads\/sites\/5\/2025\/06\/stories-from-the-archive-extended.jpg?resize=1024,794 1024w, https:\/\/nationalarchives.ie\/ga\/wp-content\/uploads\/sites\/5\/2025\/06\/stories-from-the-archive-extended.jpg?resize=600,465 600w\" sizes=\"auto, (max-width: 600px) 100vw, 600px\" \/><\/div>\n\t\t\t\t\t<div class=\"text h3\"><p>Anseo cuirimid br\u00ed agus anam sa stair tr\u00ed chuid de na doicim\u00e9id agus na comhaid is suimi\u00fala \u00f3n\u00e1r mbaili\u00fach\u00e1in fhairsinge a chur ar taispe\u00e1int. T\u00e1 cur s\u00edos agus anail\u00eds\u00ed mionsonraithe ag gabh\u00e1il le gach aon sc\u00e9al, rud a ligeann do dhaoine tumadh isteach i stair shaibhir na h\u00c9ireann gan str\u00f3.<\/p>\n<\/div>\n\t\t\t\t\t\t\t\t\t\t\t<div class=\"share\">\n\t\t\t\t\t\t\t<button class=\"share-button pulse fade-in\" data-js=\"share-button\">SHARE<\/button>\n\t\t\t\t\t\t<\/div>\n\t\t\t\t\t\n\t\t\t\t\n\t\t\t<\/div>\n\t\t\t\n\t\t\t<!-- mobile -->\n\t\t\t\n\t\t\t<div class='media-wrap'><img loading=\"lazy\" decoding=\"async\" width=\"600\" height=\"465\" src=\"https:\/\/nationalarchives.ie\/ga\/wp-content\/uploads\/sites\/5\/2025\/06\/stories-from-the-archive-extended.jpg?w=600\" class=\"mobile\" alt=\"\" data-js=\"img-loader\" srcset=\"https:\/\/nationalarchives.ie\/ga\/wp-content\/uploads\/sites\/5\/2025\/06\/stories-from-the-archive-extended.jpg 1200w, https:\/\/nationalarchives.ie\/ga\/wp-content\/uploads\/sites\/5\/2025\/06\/stories-from-the-archive-extended.jpg?resize=300,233 300w, https:\/\/nationalarchives.ie\/ga\/wp-content\/uploads\/sites\/5\/2025\/06\/stories-from-the-archive-extended.jpg?resize=768,595 768w, https:\/\/nationalarchives.ie\/ga\/wp-content\/uploads\/sites\/5\/2025\/06\/stories-from-the-archive-extended.jpg?resize=1024,794 1024w, https:\/\/nationalarchives.ie\/ga\/wp-content\/uploads\/sites\/5\/2025\/06\/stories-from-the-archive-extended.jpg?resize=600,465 600w\" sizes=\"auto, (max-width: 600px) 100vw, 600px\" \/><\/div>\n\t\t<\/div>\n\n\t\t\t\t\n\t<\/div>\n\n\t\n<\/section>\n\n\t<span class=\"notification-top\" data-js=\"share-copied\">URL copied to clipboard<\/span>\n\n\n<section id=\"block-block_49af6ce2afada3bc85c79eaa677328de\" class=\"content-tile-block nai-block margin-top-small margin-bottom-default image_right text-regular text-black bg-white no-border-top smaller-heading\" data-layout=\"layout-1-2\">        \n\t\t<div class=\"container\">\n\t\t\t\t<div class=\"content\">\n\t\t\t<div class=\"image\" data-image=\"cover\">\n\t\t\t\t\t\t\t\t\t\t\t\t\t\t\t\t\t\t\t\t\t\t\t\t\t\t\t\t<\/div>\n\t\t\t<div class=\"text\">\n\t\t\t\t<div class=\"text-content cms-content\">\n\t\t\t\t\t\t\t\t\t\t<p>Is geata \u00e9 na sc\u00e9alta sa chartlann chun stair shaibhir na h\u00c9ireann a ini\u00fachadh tr\u00edn\u00e1r seoda cartlainne. Cuirtear l\u00e9argais uath\u00fala ar f\u00e1il ar imeachta\u00ed agus ar fhigi\u00fair\u00ed stairi\u00fala, agus iad uile curtha le ch\u00e9ile chun aird a tharraingt ar na baili\u00fach\u00e1in \u00e9ags\u00fala agus luachmhara at\u00e1 againn.<\/p>\n<p>Comhcheangla\u00edonn an mh\u00edr seo roinnt gn\u00e9ithe spreag\u00fala amhail aird a tharraingt ar thaifid shonracha a bhfuil t\u00e1bhacht stairi\u00fail leo n\u00f3 scr\u00fad\u00fa n\u00edos doimhne a dh\u00e9anamh ar th\u00e9ama\u00ed n\u00f3 ar imeachta\u00ed ar leith. Tugaimid l\u00e9argas chomh maith ar phr\u00f3isis chartlainne agus ar an obair mh\u00f3r a bh\u00edonn idir l\u00e1mha ag \u00e1r bhfoireann dh\u00edograiseach.<\/p>\n\t\t\t\t<\/div>\n\t\t\t\t<div class=\"ctas\">\n\t\t\t\t\t\t\t\t\t\t\t\t\t\t<\/div>\n\n\t\t\t\t\n\t\t\t<\/div>\n\t\t<\/div>\n\t<\/div>    \n<\/section>\n\n<section id=\"block-block_72e4d809c16594313350a9c61c3a3cc2\" class=\"cards-row-block nai-block margin-top-none margin-bottom-default numbers-columns-4 images-ratio-portrait mobile-slider \">\n    <div class=\"container\">          \n                    <section class=\"cards\">\n                                    <article class=\"card-component fade-in\">\n                        <a href=\"https:\/\/nationalarchives.ie\/ga\/engage-and-learn\/stories-from-the-archive\/a-legacy-of-sympathy-and-solidarity-ireland-and-indias-historic-exchange\/\" title=\"A Legacy of Sympathy and Solidarity: Ireland and India\u2019s Historic Exchange\">\n                                                            <img loading=\"lazy\" decoding=\"async\" width=\"768\" height=\"831\" src=\"https:\/\/nationalarchives.ie\/ga\/wp-content\/uploads\/sites\/5\/2025\/01\/TSCH_S1421900006.jpg?w=768\" class=\"attachment-medium_large size-medium_large\" alt=\"\" data-js=\"img-loader\" srcset=\"https:\/\/nationalarchives.ie\/ga\/wp-content\/uploads\/sites\/5\/2025\/01\/TSCH_S1421900006.jpg 2240w, https:\/\/nationalarchives.ie\/ga\/wp-content\/uploads\/sites\/5\/2025\/01\/TSCH_S1421900006.jpg?resize=277,300 277w, https:\/\/nationalarchives.ie\/ga\/wp-content\/uploads\/sites\/5\/2025\/01\/TSCH_S1421900006.jpg?resize=768,831 768w, https:\/\/nationalarchives.ie\/ga\/wp-content\/uploads\/sites\/5\/2025\/01\/TSCH_S1421900006.jpg?resize=946,1024 946w, https:\/\/nationalarchives.ie\/ga\/wp-content\/uploads\/sites\/5\/2025\/01\/TSCH_S1421900006.jpg?resize=1419,1536 1419w, https:\/\/nationalarchives.ie\/ga\/wp-content\/uploads\/sites\/5\/2025\/01\/TSCH_S1421900006.jpg?resize=1893,2048 1893w, https:\/\/nationalarchives.ie\/ga\/wp-content\/uploads\/sites\/5\/2025\/01\/TSCH_S1421900006.jpg?resize=600,649 600w\" sizes=\"auto, (max-width: 768px) 100vw, 768px\" \/>                                                    \n                            <div class=\"intro \">\n                                <span class=\"tag\">PAST LIVES<\/span>                                <h3 class=\"\">A Legacy of Sympathy and Solidarity: Ireland and India\u2019s Historic Exchange<\/h3>                                                    \n                                <span class=\"link\">Article<\/span>                            <\/div>\n                        <\/a>\n                    <\/article>\n                                    <article class=\"card-component fade-in\">\n                        <a href=\"https:\/\/nationalarchives.ie\/ga\/engage-and-learn\/stories-from-the-archive\/president-kaundas-landmark-visit-to-ireland-in-1964\/\" title=\"President Kaunda\u2019s landmark visit to Ireland in 1964\">\n                                                            <img loading=\"lazy\" decoding=\"async\" width=\"768\" height=\"510\" src=\"https:\/\/nationalarchives.ie\/ga\/wp-content\/uploads\/sites\/5\/2025\/01\/Kaunda1986.jpg?w=768\" class=\"attachment-medium_large size-medium_large\" alt=\"President Kaunda making a speech\" data-js=\"img-loader\" srcset=\"https:\/\/nationalarchives.ie\/ga\/wp-content\/uploads\/sites\/5\/2025\/01\/Kaunda1986.jpg 3652w, https:\/\/nationalarchives.ie\/ga\/wp-content\/uploads\/sites\/5\/2025\/01\/Kaunda1986.jpg?resize=300,199 300w, https:\/\/nationalarchives.ie\/ga\/wp-content\/uploads\/sites\/5\/2025\/01\/Kaunda1986.jpg?resize=768,510 768w, https:\/\/nationalarchives.ie\/ga\/wp-content\/uploads\/sites\/5\/2025\/01\/Kaunda1986.jpg?resize=1024,681 1024w, https:\/\/nationalarchives.ie\/ga\/wp-content\/uploads\/sites\/5\/2025\/01\/Kaunda1986.jpg?resize=1536,1021 1536w, https:\/\/nationalarchives.ie\/ga\/wp-content\/uploads\/sites\/5\/2025\/01\/Kaunda1986.jpg?resize=2048,1361 2048w, https:\/\/nationalarchives.ie\/ga\/wp-content\/uploads\/sites\/5\/2025\/01\/Kaunda1986.jpg?resize=600,399 600w\" sizes=\"auto, (max-width: 768px) 100vw, 768px\" \/>                                                    \n                            <div class=\"intro \">\n                                <span class=\"tag\">MEMORY OF THE STATE<\/span>                                <h3 class=\"\">President Kaunda\u2019s landmark visit to Ireland in 1964<\/h3>                                                    \n                                <span class=\"link\">Article<\/span>                            <\/div>\n                        <\/a>\n                    <\/article>\n                                    <article class=\"card-component fade-in\">\n                        <a href=\"https:\/\/nationalarchives.ie\/ga\/engage-and-learn\/stories-from-the-archive\/an-irish-message-on-the-moon-tsch-2000-6-481\/\" title=\"An Irish Message on the Moon\">\n                                                            <img loading=\"lazy\" decoding=\"async\" width=\"768\" height=\"1167\" src=\"https:\/\/nationalarchives.ie\/ga\/wp-content\/uploads\/sites\/5\/2025\/01\/July-NixonMoonLetter.jpg?w=768\" class=\"attachment-medium_large size-medium_large\" alt=\"\" data-js=\"img-loader\" srcset=\"https:\/\/nationalarchives.ie\/ga\/wp-content\/uploads\/sites\/5\/2025\/01\/July-NixonMoonLetter.jpg 1341w, https:\/\/nationalarchives.ie\/ga\/wp-content\/uploads\/sites\/5\/2025\/01\/July-NixonMoonLetter.jpg?resize=197,300 197w, https:\/\/nationalarchives.ie\/ga\/wp-content\/uploads\/sites\/5\/2025\/01\/July-NixonMoonLetter.jpg?resize=768,1167 768w, https:\/\/nationalarchives.ie\/ga\/wp-content\/uploads\/sites\/5\/2025\/01\/July-NixonMoonLetter.jpg?resize=674,1024 674w, https:\/\/nationalarchives.ie\/ga\/wp-content\/uploads\/sites\/5\/2025\/01\/July-NixonMoonLetter.jpg?resize=1011,1536 1011w, https:\/\/nationalarchives.ie\/ga\/wp-content\/uploads\/sites\/5\/2025\/01\/July-NixonMoonLetter.jpg?resize=600,912 600w\" sizes=\"auto, (max-width: 768px) 100vw, 768px\" \/>                                                    \n                            <div class=\"intro \">\n                                <span class=\"tag\">RECORDS OF DISTINCTION<\/span>                                <h3 class=\"\">An Irish Message on the Moon<\/h3>                                                    \n                                <span class=\"link\">Article<\/span>                            <\/div>\n                        <\/a>\n                    <\/article>\n                                    <article class=\"card-component fade-in\">\n                        <a href=\"https:\/\/nationalarchives.ie\/ga\/engage-and-learn\/stories-from-the-archive\/census-return-of-james-joyce-1901\/\" title=\"Census 1901- James Joyce\">\n                                                            <img loading=\"lazy\" decoding=\"async\" width=\"595\" height=\"498\" src=\"https:\/\/nationalarchives.ie\/ga\/wp-content\/uploads\/sites\/5\/2025\/01\/James_Joyce_-_Sep_1922_Shadowland-e1736269094891.jpg?w=595\" class=\"attachment-medium_large size-medium_large\" alt=\"\" data-js=\"img-loader\" srcset=\"https:\/\/nationalarchives.ie\/ga\/wp-content\/uploads\/sites\/5\/2025\/01\/James_Joyce_-_Sep_1922_Shadowland-e1736269094891.jpg 595w, https:\/\/nationalarchives.ie\/ga\/wp-content\/uploads\/sites\/5\/2025\/01\/James_Joyce_-_Sep_1922_Shadowland-e1736269094891.jpg?resize=300,251 300w\" sizes=\"auto, (max-width: 595px) 100vw, 595px\" \/>                                                    \n                            <div class=\"intro \">\n                                <span class=\"tag\">RECORDS OF DISTINCTION<\/span>                                <h3 class=\"\">Census 1901- James Joyce<\/h3>                                                    \n                                <span class=\"link\">Article<\/span>                            <\/div>\n                        <\/a>\n                    <\/article>\n                                    <article class=\"card-component fade-in\">\n                        <a href=\"https:\/\/nationalarchives.ie\/ga\/engage-and-learn\/stories-from-the-archive\/the-1922-constitution-committee-historical-insight-and-a-dramatic-re-enactment\/\" title=\"The 1922 Constitution Committee\">\n                                                            <img loading=\"lazy\" decoding=\"async\" width=\"768\" height=\"508\" src=\"https:\/\/nationalarchives.ie\/ga\/wp-content\/uploads\/sites\/5\/2025\/01\/DE_09_12_01_0008_DailyMeetings.jpg?w=768\" class=\"attachment-medium_large size-medium_large\" alt=\"\" data-js=\"img-loader\" srcset=\"https:\/\/nationalarchives.ie\/ga\/wp-content\/uploads\/sites\/5\/2025\/01\/DE_09_12_01_0008_DailyMeetings.jpg 2907w, https:\/\/nationalarchives.ie\/ga\/wp-content\/uploads\/sites\/5\/2025\/01\/DE_09_12_01_0008_DailyMeetings.jpg?resize=300,198 300w, https:\/\/nationalarchives.ie\/ga\/wp-content\/uploads\/sites\/5\/2025\/01\/DE_09_12_01_0008_DailyMeetings.jpg?resize=768,508 768w, https:\/\/nationalarchives.ie\/ga\/wp-content\/uploads\/sites\/5\/2025\/01\/DE_09_12_01_0008_DailyMeetings.jpg?resize=1024,677 1024w, https:\/\/nationalarchives.ie\/ga\/wp-content\/uploads\/sites\/5\/2025\/01\/DE_09_12_01_0008_DailyMeetings.jpg?resize=1536,1016 1536w, https:\/\/nationalarchives.ie\/ga\/wp-content\/uploads\/sites\/5\/2025\/01\/DE_09_12_01_0008_DailyMeetings.jpg?resize=2048,1354 2048w, https:\/\/nationalarchives.ie\/ga\/wp-content\/uploads\/sites\/5\/2025\/01\/DE_09_12_01_0008_DailyMeetings.jpg?resize=600,397 600w\" sizes=\"auto, (max-width: 768px) 100vw, 768px\" \/>                                                    \n                            <div class=\"intro \">\n                                <span class=\"tag\">MEMORY OF THE STATE<\/span>                                <h3 class=\"\">The 1922 Constitution Committee<\/h3>                                                    \n                                <span class=\"link\">Article<\/span>                            <\/div>\n                        <\/a>\n                    <\/article>\n                            <\/section>\n        \n    <\/div>\n<\/section>\n\n<div class=\"divider-block divider-01 \"><\/div>","protected":false},"excerpt":{"rendered":"","protected":false},"author":14,"featured_media":0,"parent":241,"menu_order":2,"comment_status":"closed","ping_status":"closed","template":"","meta":{"_acf_changed":false,"inline_featured_image":false,"editor_notices":[],"footnotes":""},"class_list":["post-1326","page","type-page","status-publish","hentry"],"acf":[],"yoast_head":"<!-- This site is optimized with the Yoast SEO plugin v27.3 - https:\/\/yoast.com\/product\/yoast-seo-wordpress\/ -->\n<title>Sc\u00e9alta \u00f3n gcartlann - An Chartlann N\u00e1isi\u00fanta<\/title>\n<meta name=\"robots\" content=\"index, follow, max-snippet:-1, max-image-preview:large, max-video-preview:-1\" \/>\n<link rel=\"canonical\" href=\"https:\/\/nationalarchives.ie\/ga\/engage-and-learn\/stories-from-the-archive\/\" \/>\n<meta property=\"og:locale\" content=\"en_US\" \/>\n<meta property=\"og:type\" content=\"article\" \/>\n<meta property=\"og:title\" content=\"Sc\u00e9alta \u00f3n gcartlann - An Chartlann N\u00e1isi\u00fanta\" \/>\n<meta property=\"og:url\" content=\"https:\/\/nationalarchives.ie\/ga\/engage-and-learn\/stories-from-the-archive\/\" \/>\n<meta property=\"og:site_name\" content=\"An Chartlann N\u00e1isi\u00fanta\" \/>\n<meta property=\"article:modified_time\" content=\"2025-09-16T22:37:45+00:00\" \/>\n<meta name=\"twitter:card\" content=\"summary_large_image\" \/>\n<script type=\"application\/ld+json\" class=\"yoast-schema-graph\">{\"@context\":\"https:\\\/\\\/schema.org\",\"@graph\":[{\"@type\":\"WebPage\",\"@id\":\"https:\\\/\\\/nationalarchives.ie\\\/ga\\\/engage-and-learn\\\/stories-from-the-archive\\\/\",\"url\":\"https:\\\/\\\/nationalarchives.ie\\\/ga\\\/engage-and-learn\\\/stories-from-the-archive\\\/\",\"name\":\"Sc\u00e9alta \u00f3n gcartlann - An Chartlann N\u00e1isi\u00fanta\",\"isPartOf\":{\"@id\":\"https:\\\/\\\/nationalarchives.ie\\\/ga\\\/#website\"},\"datePublished\":\"2024-12-17T16:04:13+00:00\",\"dateModified\":\"2025-09-16T22:37:45+00:00\",\"breadcrumb\":{\"@id\":\"https:\\\/\\\/nationalarchives.ie\\\/ga\\\/engage-and-learn\\\/stories-from-the-archive\\\/#breadcrumb\"},\"inLanguage\":\"en-US\",\"potentialAction\":[{\"@type\":\"ReadAction\",\"target\":[\"https:\\\/\\\/nationalarchives.ie\\\/ga\\\/engage-and-learn\\\/stories-from-the-archive\\\/\"]}]},{\"@type\":\"BreadcrumbList\",\"@id\":\"https:\\\/\\\/nationalarchives.ie\\\/ga\\\/engage-and-learn\\\/stories-from-the-archive\\\/#breadcrumb\",\"itemListElement\":[{\"@type\":\"ListItem\",\"position\":1,\"name\":\"Home\",\"item\":\"https:\\\/\\\/nationalarchives.ie\\\/ga\\\/\"},{\"@type\":\"ListItem\",\"position\":2,\"name\":\"Rannph\u00e1irteach agus foghlaim\",\"item\":\"https:\\\/\\\/nationalarchives.ie\\\/ga\\\/engage-and-learn\\\/\"},{\"@type\":\"ListItem\",\"position\":3,\"name\":\"Sc\u00e9alta \u00f3n gcartlann\"}]},{\"@type\":\"WebSite\",\"@id\":\"https:\\\/\\\/nationalarchives.ie\\\/ga\\\/#website\",\"url\":\"https:\\\/\\\/nationalarchives.ie\\\/ga\\\/\",\"name\":\"An Chartlann N\u00e1isi\u00fanta\",\"description\":\"\",\"potentialAction\":[{\"@type\":\"SearchAction\",\"target\":{\"@type\":\"EntryPoint\",\"urlTemplate\":\"https:\\\/\\\/nationalarchives.ie\\\/ga\\\/?s={search_term_string}\"},\"query-input\":{\"@type\":\"PropertyValueSpecification\",\"valueRequired\":true,\"valueName\":\"search_term_string\"}}],\"inLanguage\":\"en-US\"}]}<\/script>\n<!-- \/ Yoast SEO plugin. -->","yoast_head_json":{"title":"Sc\u00e9alta \u00f3n gcartlann - An Chartlann N\u00e1isi\u00fanta","robots":{"index":"index","follow":"follow","max-snippet":"max-snippet:-1","max-image-preview":"max-image-preview:large","max-video-preview":"max-video-preview:-1"},"canonical":"https:\/\/nationalarchives.ie\/ga\/engage-and-learn\/stories-from-the-archive\/","og_locale":"en_US","og_type":"article","og_title":"Sc\u00e9alta \u00f3n gcartlann - An Chartlann N\u00e1isi\u00fanta","og_url":"https:\/\/nationalarchives.ie\/ga\/engage-and-learn\/stories-from-the-archive\/","og_site_name":"An Chartlann N\u00e1isi\u00fanta","article_modified_time":"2025-09-16T22:37:45+00:00","twitter_card":"summary_large_image","schema":{"@context":"https:\/\/schema.org","@graph":[{"@type":"WebPage","@id":"https:\/\/nationalarchives.ie\/ga\/engage-and-learn\/stories-from-the-archive\/","url":"https:\/\/nationalarchives.ie\/ga\/engage-and-learn\/stories-from-the-archive\/","name":"Sc\u00e9alta \u00f3n gcartlann - An Chartlann N\u00e1isi\u00fanta","isPartOf":{"@id":"https:\/\/nationalarchives.ie\/ga\/#website"},"datePublished":"2024-12-17T16:04:13+00:00","dateModified":"2025-09-16T22:37:45+00:00","breadcrumb":{"@id":"https:\/\/nationalarchives.ie\/ga\/engage-and-learn\/stories-from-the-archive\/#breadcrumb"},"inLanguage":"en-US","potentialAction":[{"@type":"ReadAction","target":["https:\/\/nationalarchives.ie\/ga\/engage-and-learn\/stories-from-the-archive\/"]}]},{"@type":"BreadcrumbList","@id":"https:\/\/nationalarchives.ie\/ga\/engage-and-learn\/stories-from-the-archive\/#breadcrumb","itemListElement":[{"@type":"ListItem","position":1,"name":"Home","item":"https:\/\/nationalarchives.ie\/ga\/"},{"@type":"ListItem","position":2,"name":"Rannph\u00e1irteach agus foghlaim","item":"https:\/\/nationalarchives.ie\/ga\/engage-and-learn\/"},{"@type":"ListItem","position":3,"name":"Sc\u00e9alta \u00f3n gcartlann"}]},{"@type":"WebSite","@id":"https:\/\/nationalarchives.ie\/ga\/#website","url":"https:\/\/nationalarchives.ie\/ga\/","name":"An Chartlann N\u00e1isi\u00fanta","description":"","potentialAction":[{"@type":"SearchAction","target":{"@type":"EntryPoint","urlTemplate":"https:\/\/nationalarchives.ie\/ga\/?s={search_term_string}"},"query-input":{"@type":"PropertyValueSpecification","valueRequired":true,"valueName":"search_term_string"}}],"inLanguage":"en-US"}]}},"jetpack_sharing_enabled":true,"_links":{"self":[{"href":"https:\/\/nationalarchives.ie\/ga\/wp-json\/wp\/v2\/pages\/1326","targetHints":{"allow":["GET"]}}],"collection":[{"href":"https:\/\/nationalarchives.ie\/ga\/wp-json\/wp\/v2\/pages"}],"about":[{"href":"https:\/\/nationalarchives.ie\/ga\/wp-json\/wp\/v2\/types\/page"}],"author":[{"embeddable":true,"href":"https:\/\/nationalarchives.ie\/ga\/wp-json\/wp\/v2\/users\/14"}],"replies":[{"embeddable":true,"href":"https:\/\/nationalarchives.ie\/ga\/wp-json\/wp\/v2\/comments?post=1326"}],"version-history":[{"count":59,"href":"https:\/\/nationalarchives.ie\/ga\/wp-json\/wp\/v2\/pages\/1326\/revisions"}],"predecessor-version":[{"id":5409,"href":"https:\/\/nationalarchives.ie\/ga\/wp-json\/wp\/v2\/pages\/1326\/revisions\/5409"}],"up":[{"embeddable":true,"href":"https:\/\/nationalarchives.ie\/ga\/wp-json\/wp\/v2\/pages\/241"}],"wp:attachment":[{"href":"https:\/\/nationalarchives.ie\/ga\/wp-json\/wp\/v2\/media?parent=1326"}],"curies":[{"name":"wp","href":"https:\/\/api.w.org\/{rel}","templated":true}]}}