{"id":1396,"date":"2025-01-03T15:58:40","date_gmt":"2025-01-03T15:58:40","guid":{"rendered":"https:\/\/national-archives.go-vip.net\/?page_id=1396"},"modified":"2025-01-27T15:14:32","modified_gmt":"2025-01-27T15:14:32","slug":"court-records-pre-1922-2","status":"publish","type":"page","link":"https:\/\/nationalarchives.ie\/ga\/collections\/court-records\/court-records-pre-1922-2\/","title":{"rendered":"Court records pre-1922"},"content":{"rendered":"\n\n<section id=\"block-block_2ac7b052d1e59c614904534e34d097b2\" class=\"landing-page-header-block title-width-default block-color-muted-gold block-row-02-type-share block-row-02-share-position-top intro-full-width\" data-style=\"style-01\">    \n\n\t<div class=\"header \">\n\n\t\t\t\t\n<div class=\"translation-notice\">\n        <div class=\"inner container\">\n            <p><strong>Cuirfear aistri\u00fach\u00e1n ar f\u00e1il go luath<\/strong><\/p>\n            <p>\u00c1r leithsc\u00e9al as an m\u00edchaoithi\u00falacht. Cuirfear aistri\u00fach\u00e1n Gaeilge ar an leathanach seo ar f\u00e1il go luath. Go raibh maith agat as do chuid foighneachta agus muid ag obair ar leagan uasd\u00e1taithe.<\/p>\n        <\/div>\n    <\/div>\n\n\n\t\t\n\t\t<div class=\"container\">\n\t\t\t<div class=\"intro\">\n\t\t\t\t<h1 class=\"heading-0\">Court records pre-1922<\/h1>\n\t\t\t\t\n\t\t\t<\/div>\n\t\t\t\n\t\t\t<!-- mobile -->\n\t\t\t\n\t\t\t\n\t\t<\/div>\n\n\t\t\t\t\t<div class=\"header-row-02\">\n\t\t\t\t<div class=\"container\">\n\t\t\t\t\t\t\t\t\t\t\t<div class=\"share\">\n\t\t\t\t\t\t\t<button class=\"share-button pulse fade-in\" data-js=\"share-button\">SHARE<\/button>\n\t\t\t\t\t\t<\/div>\n\t\t\t\t\t\t\t\t\t\t<div class=\"text h3\"><h2>Quarter Sessions, Petty Sessions and County Courts<\/h2>\n<p>&nbsp;<\/p>\n<p>These Courts were the precursors to our modern District Courts and were in existence until 1924.<\/p>\n<\/div>\t\t\t\t<\/div>\n\t\t\t<\/div>\n\t\t\t\t\n\t<\/div>\n\n\t\n<\/section>\n\n\t<span class=\"notification-top\" data-js=\"share-copied\">URL copied to clipboard<\/span>\n\n\n<section id=\"block-block_a94c497b41f3048144f70fe73b6b005d\" class=\"content-tile-block nai-block margin-top-none margin-bottom-none image_right text-regular text-black extra-padding-b bg-white no-border-top smaller-heading\" data-layout=\"layout-1-1\">        \n\t\t<div class=\"container\">\n\t\t\t\t<div class=\"content\">\n\t\t\t<div class=\"image\" data-image=\"cover\">\n\t\t\t\t\t\t\t\t\t\t\t\t\t\t\t\t\t\t\t\t\t\t\t\t\t\t\t\t<\/div>\n\t\t\t<div class=\"text\">\n\t\t\t\t<div class=\"text-content cms-content\">\n\t\t\t\t\t\t\t\t\t\t<p>Resident Magistrates and Justices of the Peace were appointed to bind people over to keep the peace and hear minor civil and criminal matters. Criminal matters were also heard at Quarter Sessions which were held four times a year, and outside of these sittings, at Petty Sessions courts.<\/p>\n<p>Civil matters were heard by the County Courts. The document which was required to begin a case in the County Court was the Civil Bill, which still forms the basis for claims heard in the Circuit Court today.<\/p>\n<p>Records of the Quarter Sessions and County Courts are contained in the finding aids for the Offices of Crown and Peace.<\/p>\n<h2>Petty Session records<\/h2>\n<p>The records of the Petty Sessions Courts largely consist of Petty Sessions Order Books. The Order Books are court registers giving the names and places of residence of the parties to a case. They may also include the names of witnesses, with statements of the nature of the case and the verdict.<\/p>\n<p>Petty Sessions records held by the National Archives largely date from 1851 to 1924. The collection of Order Books consists of over 11,000 volumes, however there are some large gaps, most notably the registers of the Dublin Metropolitan Police Court.<\/p>\n<p>The Petty Sessions records also include a separate series of Dog Licence Register books and some Registers of Criminal Proceedings. Dog Licence Registers are important as they record the names and addresses of individuals.<\/p>\n<h3>Series reference codes<\/h3>\n<ul>\n<li><strong>CS\/PS\/1:<\/strong> Order Books<\/li>\n<li><strong>CS\/PS\/2:<\/strong> Dog Licences<\/li>\n<li><strong>CS\/PS\/3:<\/strong> Miscellaneous series<\/li>\n<\/ul>\n<h3>How to access Petty Session records<\/h3>\n<p>These records can be searched in the <a href=\"LINK\" target=\"_blank\" rel=\"noopener noreferrer\">online catalogue <\/a>or by using the finding aids in the Reading Room.<\/p>\n<p>The finding aids include the microfilm reference codes:<\/p>\n<ul>\n<li><strong>MFGS\/58:<\/strong> Order Books<\/li>\n<li><strong>MFGS\/60:<\/strong> Dog Licences<\/li>\n<li><strong>MFGS\/61:<\/strong> Miscellaneous<\/li>\n<\/ul>\n<p>The finding aids also contain details of the National Archives reference code, the District, Court location and the dates of the Order Book. It should be noted that court districts may cross county boundaries.<\/p>\n<p>Information about Petty Session records that are not on microfilm or online are available in the finding aids in the Reading Room.<\/p>\n<p><a href=\"https:\/\/nationalarchives.ie\/ga\/plan-a-visit\/\"><strong>Plan a visit<\/strong><\/a><\/p>\n<h2>Courts of Crown and Peace<\/h2>\n<p>Originally two separate offices, the courts of Crown and Peace were amalgamated in 1877 and were administered by a Clerk of the Crown and Peace, an office similar to the modern Circuit Court County Registrar.<\/p>\n<p>The duties of the Clerk of the Crown and Peace were varied and as well as organising court sittings, he acted as secretary to the Grand Jury, prepared legal documents, arraigned prisoners, recorded pleas, orders and proceedings of the court in the Crown Book, swore in and examined witnesses at trials, prepared and kept all records of the Assizes and received returns of inquests from Coroners.<\/p>\n<p>The Courts of Assize were the precursor to the High Court. They dealt with the most important civil and criminal matters and sat on circuit twice a year.<\/p>\n<p>Up until the Local Government (Ireland) Act of 1898, the Crown and Peace offices carried out many local administrative as well as legal duties. This is reflected in the records and specifically those of the Grand Jury. The Grand Jury was the most important local body in rural Ireland during the late 18th and early 19th centuries and it was empowered to raise money by means of county rates.<\/p>\n<p>Grand Jury Presentments are the chief records of the county administration prior to 1898. They contain information about work ordered to be carried out by the Grand Jury on roads, bridges, jails, constabulary duties in the counties, as well as the names of those who received money for such work.<\/p>\n<p>The types of records which can be found in the Courts of Crown and Peace include:<\/p>\n<ul>\n<li>Affidavits<\/li>\n<li>Appeal Books<\/li>\n<li>Convictions<\/li>\n<li>Crown Books<\/li>\n<li>Depositions<\/li>\n<li>Malicious Injury papers<\/li>\n<li>Patents<\/li>\n<li>Publican\u2019s Licenses<\/li>\n<li>Workmen\u2019s Compensation Act papers<\/li>\n<li>Writs of Certiorari (judicial review)<\/li>\n<\/ul>\n<p>Administrative\/local interest records include:<\/p>\n<ul>\n<li>District Drainage Schemes<\/li>\n<li>Fishery Papers<\/li>\n<li>Railway plans and maps<\/li>\n<li>Road widening schemes<\/li>\n<li>Township Improvement Act plans<\/li>\n<li>Tramways (Dublin) improvements<\/li>\n<\/ul>\n<h3>How to access Crown and Peace records<\/h3>\n<p>The finding aids for Crown and Peace records are held in three blue folders in the Reading Room. These records are not currently searchable in the online catalogue.<\/p>\n<p>These lists were compiled from the original findings aids, which consisted of a handwritten volume for each county and are arranged alphabetically by subject.<\/p>\n<p>&nbsp;<\/p>\n<h3>How to order records<\/h3>\n<p>To request these records, complete a docket order form in the Reading Room. Include the reference for the Crown and Peace (NAI\/CS\/CP\/) followed by the county and the description of the record as shown in the finding aid, and the covering dates of the document.<\/p>\n<p>&nbsp;<\/p>\n<p>The records are available unless they are too damaged or fragile to handle.<\/p>\n<p>&nbsp;<\/p>\n<p>Most of these records are stored in our Four Courts repository and take two days to produce if ordered in person, or three working days if requested by email.<\/p>\n<p><a href=\"https:\/\/ebow.gathercontent.com\/item\/17476091\">Order archives<\/a><\/p>\n<p>&nbsp;<\/p>\n<h2>High Court of Justice (Pre-1924)<\/h2>\n<p>The High Court of Justice was established by the Supreme Court of Judicature (Ireland) Act, 1877.<\/p>\n<p>It brought together the courts of Chancery, Queen\u2019s Bench, Common Pleas, Exchequer, Probate, Matrimonial Causes, Landed Estates and Admiralty. The remit of the High Court of Justice was very like that of our modern High Court, including the functions of hearing appeals and dealing with points of law.<\/p>\n<p>The records of the High Court of Justice are arranged by type, rather than by case. Consequently there are no case files, and the individual court documents are stored separately by year. For instance, all affidavits within a specific year are stored together.<\/p>\n<p>When researching a specific case, it is necessary to look for each type of commonly used court documents in cases to identify all the relevant papers for a particular case.<\/p>\n<p>To locate the date and documents for a particular case, researchers will need to look first at the original indexes for a court. These indexes, known as cause books, will contain the date a case was initiated and the original reference numbers. This information will assist with identifying the various types of records created for a case.<\/p>\n<h3>How to access High Court of Justice records<\/h3>\n<p>The finding aid for the High Court of Justice is contained in a blue folder in the Reading Room. There is an alphabetical subject index at the beginning of the finding aid. The records of the High Court of Justice are not searchable in the online catalogue.<\/p>\n<h3>How to order records<\/h3>\n<p>To request a record, complete an order docket in the Reading Room. Include the reference for the High Court (NAI\/CS\/HC\/) followed by the description of the record as given in the finding aid, including the covering dates.<\/p>\n<p>The records are available unless they are too damaged or fragile to handle.<\/p>\n<p>Most of these records are stored in our Four Courts repository and take two days to produce if ordered in person, or three working days if requested by email.<\/p>\n<p>&nbsp;<\/p>\n<p><a href=\"https:\/\/ebow.gathercontent.com\/item\/17476091\">Order archives<\/a><\/p>\n\t\t\t\t<\/div>\n\t\t\t\t<div class=\"ctas\">\n\t\t\t\t\t\t\t\t\t\t\t\t\t\t<\/div>\n\n\t\t\t\t\n\t\t\t<\/div>\n\t\t<\/div>\n\t<\/div>    \n<\/section>\n\n<section id=\"block-block_9546c17a1ccfa9282f2c60c14d7b7d8d\" class=\"cards-row-block nai-block margin-top-small margin-bottom-default numbers-columns-3 images-ratio-landscape\">\n    <div class=\"container\">          \n                    <section class=\"cards\">\n                                    <article class=\"card-component fade-in\">\n                        <a href=\"https:\/\/nationalarchives.ie\/ga\/collections\/court-records\/circuit-court-records\/\" title=\"Circuit Court records\">\n                                                                                                                \n                            <div class=\"intro no-pb\">\n                                                                <h3 class=\"\">Circuit Court records<\/h3>                                <p>Types of cases dealt with by the Circuit Courts include defamation and false imprisonment cases, minor land valuation matters, malicious\/criminal injury, intoxicating liquor licences and family law.<\/p>                    \n                                                            <\/div>\n                        <\/a>\n                    <\/article>\n                                    <article class=\"card-component fade-in\">\n                        <a href=\"https:\/\/nationalarchives.ie\/ga\/collections\/court-records\/district-court-records\/\" title=\"District court records\">\n                                                                                                                \n                            <div class=\"intro no-pb\">\n                                                                <h3 class=\"\">District court records<\/h3>                                <p>The District Court is organised on a regional basis. There are 23 districts all over Ireland, including the Dublin Metropolitan District. <\/p>                    \n                                                            <\/div>\n                        <\/a>\n                    <\/article>\n                                    <article class=\"card-component fade-in\">\n                        <a href=\"https:\/\/nationalarchives.ie\/ga\/collections\/court-records\/testamentary-records\/\" title=\"Testamentary records and wills\">\n                                                                                                                \n                            <div class=\"intro no-pb\">\n                                                                <h3 class=\"\">Testamentary records and wills<\/h3>                                <p>This page provides important information about testamentary records from the courts. It includes details on various record types, such as wills, grants of probate and intestacy. <\/p>                    \n                                                            <\/div>\n                        <\/a>\n                    <\/article>\n                            <\/section>\n        \n    <\/div>\n<\/section>","protected":false},"excerpt":{"rendered":"","protected":false},"author":7,"featured_media":0,"parent":3020,"menu_order":3,"comment_status":"closed","ping_status":"closed","template":"","meta":{"_acf_changed":false,"inline_featured_image":false,"editor_notices":[],"footnotes":""},"class_list":["post-1396","page","type-page","status-publish","hentry"],"acf":[],"yoast_head":"<!-- This site is optimized with the Yoast SEO plugin v27.3 - https:\/\/yoast.com\/product\/yoast-seo-wordpress\/ -->\n<title>Court records pre-1922 - An Chartlann N\u00e1isi\u00fanta<\/title>\n<meta name=\"robots\" content=\"index, follow, max-snippet:-1, max-image-preview:large, max-video-preview:-1\" \/>\n<link rel=\"canonical\" href=\"https:\/\/nationalarchives.ie\/ga\/collections\/court-records\/court-records-pre-1922\/\" \/>\n<meta property=\"og:locale\" content=\"en_US\" \/>\n<meta property=\"og:type\" content=\"article\" \/>\n<meta property=\"og:title\" content=\"Court records pre-1922 - An Chartlann N\u00e1isi\u00fanta\" \/>\n<meta property=\"og:url\" content=\"https:\/\/nationalarchives.ie\/ga\/collections\/court-records\/court-records-pre-1922\/\" \/>\n<meta property=\"og:site_name\" content=\"An Chartlann N\u00e1isi\u00fanta\" \/>\n<meta property=\"article:modified_time\" content=\"2025-01-27T15:14:32+00:00\" \/>\n<meta name=\"twitter:card\" content=\"summary_large_image\" \/>\n<script type=\"application\/ld+json\" class=\"yoast-schema-graph\">{\"@context\":\"https:\\\/\\\/schema.org\",\"@graph\":[{\"@type\":\"WebPage\",\"@id\":\"https:\\\/\\\/nationalarchives.ie\\\/ga\\\/collections\\\/court-records\\\/court-records-pre-1922\\\/\",\"url\":\"https:\\\/\\\/nationalarchives.ie\\\/ga\\\/collections\\\/court-records\\\/court-records-pre-1922\\\/\",\"name\":\"Court records pre-1922 - An Chartlann N\u00e1isi\u00fanta\",\"isPartOf\":{\"@id\":\"https:\\\/\\\/nationalarchives.ie\\\/ga\\\/#website\"},\"datePublished\":\"2025-01-03T15:58:40+00:00\",\"dateModified\":\"2025-01-27T15:14:32+00:00\",\"breadcrumb\":{\"@id\":\"https:\\\/\\\/nationalarchives.ie\\\/ga\\\/collections\\\/court-records\\\/court-records-pre-1922\\\/#breadcrumb\"},\"inLanguage\":\"en-US\",\"potentialAction\":[{\"@type\":\"ReadAction\",\"target\":[\"https:\\\/\\\/nationalarchives.ie\\\/ga\\\/collections\\\/court-records\\\/court-records-pre-1922\\\/\"]}]},{\"@type\":\"BreadcrumbList\",\"@id\":\"https:\\\/\\\/nationalarchives.ie\\\/ga\\\/collections\\\/court-records\\\/court-records-pre-1922\\\/#breadcrumb\",\"itemListElement\":[{\"@type\":\"ListItem\",\"position\":1,\"name\":\"Home\",\"item\":\"https:\\\/\\\/nationalarchives.ie\\\/ga\\\/\"},{\"@type\":\"ListItem\",\"position\":2,\"name\":\"D\u00e9an ini\u00fachadh ar na baili\u00fach\u00e1in\",\"item\":\"https:\\\/\\\/nationalarchives.ie\\\/ga\\\/collections\\\/\"},{\"@type\":\"ListItem\",\"position\":3,\"name\":\"Court records\",\"item\":\"https:\\\/\\\/nationalarchives.ie\\\/ga\\\/collections\\\/court-records\\\/\"},{\"@type\":\"ListItem\",\"position\":4,\"name\":\"Court records pre-1922\"}]},{\"@type\":\"WebSite\",\"@id\":\"https:\\\/\\\/nationalarchives.ie\\\/ga\\\/#website\",\"url\":\"https:\\\/\\\/nationalarchives.ie\\\/ga\\\/\",\"name\":\"An Chartlann N\u00e1isi\u00fanta\",\"description\":\"\",\"potentialAction\":[{\"@type\":\"SearchAction\",\"target\":{\"@type\":\"EntryPoint\",\"urlTemplate\":\"https:\\\/\\\/nationalarchives.ie\\\/ga\\\/?s={search_term_string}\"},\"query-input\":{\"@type\":\"PropertyValueSpecification\",\"valueRequired\":true,\"valueName\":\"search_term_string\"}}],\"inLanguage\":\"en-US\"}]}<\/script>\n<!-- \/ Yoast SEO plugin. -->","yoast_head_json":{"title":"Court records pre-1922 - An Chartlann N\u00e1isi\u00fanta","robots":{"index":"index","follow":"follow","max-snippet":"max-snippet:-1","max-image-preview":"max-image-preview:large","max-video-preview":"max-video-preview:-1"},"canonical":"https:\/\/nationalarchives.ie\/ga\/collections\/court-records\/court-records-pre-1922\/","og_locale":"en_US","og_type":"article","og_title":"Court records pre-1922 - An Chartlann N\u00e1isi\u00fanta","og_url":"https:\/\/nationalarchives.ie\/ga\/collections\/court-records\/court-records-pre-1922\/","og_site_name":"An Chartlann N\u00e1isi\u00fanta","article_modified_time":"2025-01-27T15:14:32+00:00","twitter_card":"summary_large_image","schema":{"@context":"https:\/\/schema.org","@graph":[{"@type":"WebPage","@id":"https:\/\/nationalarchives.ie\/ga\/collections\/court-records\/court-records-pre-1922\/","url":"https:\/\/nationalarchives.ie\/ga\/collections\/court-records\/court-records-pre-1922\/","name":"Court records pre-1922 - An Chartlann N\u00e1isi\u00fanta","isPartOf":{"@id":"https:\/\/nationalarchives.ie\/ga\/#website"},"datePublished":"2025-01-03T15:58:40+00:00","dateModified":"2025-01-27T15:14:32+00:00","breadcrumb":{"@id":"https:\/\/nationalarchives.ie\/ga\/collections\/court-records\/court-records-pre-1922\/#breadcrumb"},"inLanguage":"en-US","potentialAction":[{"@type":"ReadAction","target":["https:\/\/nationalarchives.ie\/ga\/collections\/court-records\/court-records-pre-1922\/"]}]},{"@type":"BreadcrumbList","@id":"https:\/\/nationalarchives.ie\/ga\/collections\/court-records\/court-records-pre-1922\/#breadcrumb","itemListElement":[{"@type":"ListItem","position":1,"name":"Home","item":"https:\/\/nationalarchives.ie\/ga\/"},{"@type":"ListItem","position":2,"name":"D\u00e9an ini\u00fachadh ar na baili\u00fach\u00e1in","item":"https:\/\/nationalarchives.ie\/ga\/collections\/"},{"@type":"ListItem","position":3,"name":"Court records","item":"https:\/\/nationalarchives.ie\/ga\/collections\/court-records\/"},{"@type":"ListItem","position":4,"name":"Court records pre-1922"}]},{"@type":"WebSite","@id":"https:\/\/nationalarchives.ie\/ga\/#website","url":"https:\/\/nationalarchives.ie\/ga\/","name":"An Chartlann N\u00e1isi\u00fanta","description":"","potentialAction":[{"@type":"SearchAction","target":{"@type":"EntryPoint","urlTemplate":"https:\/\/nationalarchives.ie\/ga\/?s={search_term_string}"},"query-input":{"@type":"PropertyValueSpecification","valueRequired":true,"valueName":"search_term_string"}}],"inLanguage":"en-US"}]}},"jetpack_sharing_enabled":true,"_links":{"self":[{"href":"https:\/\/nationalarchives.ie\/ga\/wp-json\/wp\/v2\/pages\/1396","targetHints":{"allow":["GET"]}}],"collection":[{"href":"https:\/\/nationalarchives.ie\/ga\/wp-json\/wp\/v2\/pages"}],"about":[{"href":"https:\/\/nationalarchives.ie\/ga\/wp-json\/wp\/v2\/types\/page"}],"author":[{"embeddable":true,"href":"https:\/\/nationalarchives.ie\/ga\/wp-json\/wp\/v2\/users\/7"}],"replies":[{"embeddable":true,"href":"https:\/\/nationalarchives.ie\/ga\/wp-json\/wp\/v2\/comments?post=1396"}],"version-history":[{"count":14,"href":"https:\/\/nationalarchives.ie\/ga\/wp-json\/wp\/v2\/pages\/1396\/revisions"}],"predecessor-version":[{"id":4214,"href":"https:\/\/nationalarchives.ie\/ga\/wp-json\/wp\/v2\/pages\/1396\/revisions\/4214"}],"up":[{"embeddable":true,"href":"https:\/\/nationalarchives.ie\/ga\/wp-json\/wp\/v2\/pages\/3020"}],"wp:attachment":[{"href":"https:\/\/nationalarchives.ie\/ga\/wp-json\/wp\/v2\/media?parent=1396"}],"curies":[{"name":"wp","href":"https:\/\/api.w.org\/{rel}","templated":true}]}}