{"id":1948,"date":"2025-01-08T17:06:29","date_gmt":"2025-01-08T17:06:29","guid":{"rendered":"https:\/\/national-archives.go-vip.net\/?page_id=1948"},"modified":"2025-01-08T17:09:17","modified_gmt":"2025-01-08T17:09:17","slug":"news-and-events-landing-page","status":"publish","type":"page","link":"https:\/\/nationalarchives.ie\/ga\/news-and-events-landing-page\/","title":{"rendered":"News and events (landing page)"},"content":{"rendered":"\n\n<section id=\"block-block_09d69bd64843dbfe35ca0b66df3c23ff\" class=\"landing-page-header-block title-width-default block-color-muted-gold intro-full-width\" data-style=\"style-02\">    \n\n\t<div class=\"header \">\n\n\t\t\t\t\n<div class=\"translation-notice\">\n        <div class=\"inner container\">\n            <p><strong>Cuirfear aistri\u00fach\u00e1n ar f\u00e1il go luath<\/strong><\/p>\n            <p>\u00c1r leithsc\u00e9al as an m\u00edchaoithi\u00falacht. Cuirfear aistri\u00fach\u00e1n Gaeilge ar an leathanach seo ar f\u00e1il go luath. Go raibh maith agat as do chuid foighneachta agus muid ag obair ar leagan uasd\u00e1taithe.<\/p>\n        <\/div>\n    <\/div>\n\n\n\t\t\n\t\t<div class=\"container\">\n\t\t\t<div class=\"intro\">\n\t\t\t\t<h1 class=\"heading-0\">News and events<\/h1>\n\t\t\t\t\n\t\t\t<\/div>\n\t\t\t\n\t\t\t<!-- mobile -->\n\t\t\t\t\t\t\t\t\t\t\t\t<nav class=\"in-this-section mobile-only\">\n\t\t\t\t\t\t<span class=\"tag-1 arrow-down\" data-js=\"in-this-section-trigger\">In this section<\/span>\t\t\t\t\t\t<ul data-js=\"in-this-section-menu-list\">\n\t\t\t\t\t\t\t\t\t\t\t\t\t\t\t<li><a class=\"list-item list-button\" href=\"https:\/\/nationalarchives.ie\/ga\/engage-and-learn\/annual-release-of-records-of-state\/media-preview-of-state-records\/\" target=\"\">Media Preview of State Records<\/a><\/li>\n\t\t\t\t\t\t\t\t\t\t\t\t\t\t\t<li><a class=\"list-item list-button\" href=\"https:\/\/nationalarchives.ie\/ga\/news-and-events\/new-additions-to-the-conflict-archive-on-the-internet-cain\/\" target=\"\">New update on CAIN<\/a><\/li>\n\t\t\t\t\t\t\t\t\t\t\t\t\t\t\t<li><\/li>\n\t\t\t\t\t\t\t\t\t\t\t\t\t\t\t<li><\/li>\n\t\t\t\t\t\t\t\t\t\t\t\t\t\t\t<li><\/li>\n\t\t\t\t\t\t\t\t\t\t\t\t\t<\/ul>\n\t\t\t\t\t<\/nav>\n\t\t\t\t\t\t\t\n\t\t\t\n\t\t<\/div>\n\n\t\t\t\t\n\t<\/div>\n\n\t\t\t<div class=\"content container\">\n\t\t\t<nav class=\"in-this-section tablet-portrait-up\">\n\t\t\t\t\t\t\t\t\t<span class=\"tag-1\">In this section<\/span>\t\t\t\t\t<ul>\n\t\t\t\t\t\t\t\t\t\t\t\t\t<li><a class=\"list-item list-button\" href=\"https:\/\/nationalarchives.ie\/ga\/engage-and-learn\/annual-release-of-records-of-state\/media-preview-of-state-records\/\" target=\"\">Media Preview of State Records<\/a><\/li>\n\t\t\t\t\t\t\t\t\t\t\t\t\t<li><a class=\"list-item list-button\" href=\"https:\/\/nationalarchives.ie\/ga\/news-and-events\/new-additions-to-the-conflict-archive-on-the-internet-cain\/\" target=\"\">New update on CAIN<\/a><\/li>\n\t\t\t\t\t\t\t\t\t\t\t\t\t<li><\/li>\n\t\t\t\t\t\t\t\t\t\t\t\t\t<li><\/li>\n\t\t\t\t\t\t\t\t\t\t\t\t\t<li><\/li>\n\t\t\t\t\t\t\t\t\t\t\t<\/ul>\n\t\t\t\t\t<button class=\"share-button pulse fade-in\" data-js=\"share-button\">SHARE<\/button>\n\t\t\t\t\t\t\t<\/nav>\n\t\t\t\n\t\t\t\t\t\t\t<div class=\"main-content\">\n\t\t\t\t\t<figure class=\"tablet-portrait-only\">\n\t\t\t\t\t\t\t\t\t\t\t<\/figure>\n\t\t\t\t\t<div class=\"cms-content\"><p>Stay up to date with the latest news, announcements and events at the National Archives. We are committed to preserving and sharing Ireland&#8217;s rich history.<\/p>\n<p>&nbsp;<\/p>\n<p>In this section, you&#8217;ll find the most recent news, including updates on our collections, new initiatives and significant milestones.<\/p>\n<p>&nbsp;<\/p>\n<p>Our events calendar is packed with activities that bring history to life. From participating in national events like the National Ploughing Championships and Culture Night to hosting our own exhibitions and workshops, there&#8217;s always something happening at the National Archives<\/p>\n<p>These events offer unique opportunities to engage with our collections, learn from experts and explore Ireland&#8217;s past in interactive and meaningful ways.<\/p>\n<p>&nbsp;<\/p>\n<p>Whether you&#8217;re a history enthusiast, a researcher or simply curious about our work, there&#8217;s always something new and exciting to discover at the National Archives of Ireland.<\/p>\n<\/div>\t\t\t\t<\/div>\n\t\t\t\t\t<\/div>\n\t\n<\/section>\n\n\t<span class=\"notification-top\" data-js=\"share-copied\">URL copied to clipboard<\/span>","protected":false},"excerpt":{"rendered":"","protected":false},"author":14,"featured_media":0,"parent":0,"menu_order":8,"comment_status":"closed","ping_status":"closed","template":"","meta":{"_acf_changed":false,"inline_featured_image":false,"editor_notices":[],"footnotes":""},"class_list":["post-1948","page","type-page","status-publish","hentry"],"acf":[],"yoast_head":"<!-- This site is optimized with the Yoast SEO plugin v27.3 - https:\/\/yoast.com\/product\/yoast-seo-wordpress\/ -->\n<title>News and events (landing page) - An Chartlann N\u00e1isi\u00fanta<\/title>\n<meta name=\"robots\" content=\"index, follow, max-snippet:-1, max-image-preview:large, max-video-preview:-1\" \/>\n<link rel=\"canonical\" href=\"https:\/\/nationalarchives.ie\/ga\/news-and-events\/\" \/>\n<meta property=\"og:locale\" content=\"en_US\" \/>\n<meta property=\"og:type\" content=\"article\" \/>\n<meta property=\"og:title\" content=\"News and events (landing page) - An Chartlann N\u00e1isi\u00fanta\" \/>\n<meta property=\"og:url\" content=\"https:\/\/nationalarchives.ie\/ga\/news-and-events\/\" \/>\n<meta property=\"og:site_name\" content=\"An Chartlann N\u00e1isi\u00fanta\" \/>\n<meta property=\"article:modified_time\" content=\"2025-01-08T17:09:17+00:00\" \/>\n<meta name=\"twitter:card\" content=\"summary_large_image\" \/>\n<script type=\"application\/ld+json\" class=\"yoast-schema-graph\">{\"@context\":\"https:\\\/\\\/schema.org\",\"@graph\":[{\"@type\":\"WebPage\",\"@id\":\"https:\\\/\\\/nationalarchives.ie\\\/ga\\\/news-and-events\\\/\",\"url\":\"https:\\\/\\\/nationalarchives.ie\\\/ga\\\/news-and-events\\\/\",\"name\":\"News and events (landing page) - An Chartlann N\u00e1isi\u00fanta\",\"isPartOf\":{\"@id\":\"https:\\\/\\\/nationalarchives.ie\\\/ga\\\/#website\"},\"datePublished\":\"2025-01-08T17:06:29+00:00\",\"dateModified\":\"2025-01-08T17:09:17+00:00\",\"breadcrumb\":{\"@id\":\"https:\\\/\\\/nationalarchives.ie\\\/ga\\\/news-and-events\\\/#breadcrumb\"},\"inLanguage\":\"en-US\",\"potentialAction\":[{\"@type\":\"ReadAction\",\"target\":[\"https:\\\/\\\/nationalarchives.ie\\\/ga\\\/news-and-events\\\/\"]}]},{\"@type\":\"BreadcrumbList\",\"@id\":\"https:\\\/\\\/nationalarchives.ie\\\/ga\\\/news-and-events\\\/#breadcrumb\",\"itemListElement\":[{\"@type\":\"ListItem\",\"position\":1,\"name\":\"Home\",\"item\":\"https:\\\/\\\/nationalarchives.ie\\\/ga\\\/\"},{\"@type\":\"ListItem\",\"position\":2,\"name\":\"News and events (landing page)\"}]},{\"@type\":\"WebSite\",\"@id\":\"https:\\\/\\\/nationalarchives.ie\\\/ga\\\/#website\",\"url\":\"https:\\\/\\\/nationalarchives.ie\\\/ga\\\/\",\"name\":\"An Chartlann N\u00e1isi\u00fanta\",\"description\":\"\",\"potentialAction\":[{\"@type\":\"SearchAction\",\"target\":{\"@type\":\"EntryPoint\",\"urlTemplate\":\"https:\\\/\\\/nationalarchives.ie\\\/ga\\\/?s={search_term_string}\"},\"query-input\":{\"@type\":\"PropertyValueSpecification\",\"valueRequired\":true,\"valueName\":\"search_term_string\"}}],\"inLanguage\":\"en-US\"}]}<\/script>\n<!-- \/ Yoast SEO plugin. -->","yoast_head_json":{"title":"News and events (landing page) - An Chartlann N\u00e1isi\u00fanta","robots":{"index":"index","follow":"follow","max-snippet":"max-snippet:-1","max-image-preview":"max-image-preview:large","max-video-preview":"max-video-preview:-1"},"canonical":"https:\/\/nationalarchives.ie\/ga\/news-and-events\/","og_locale":"en_US","og_type":"article","og_title":"News and events (landing page) - An Chartlann N\u00e1isi\u00fanta","og_url":"https:\/\/nationalarchives.ie\/ga\/news-and-events\/","og_site_name":"An Chartlann N\u00e1isi\u00fanta","article_modified_time":"2025-01-08T17:09:17+00:00","twitter_card":"summary_large_image","schema":{"@context":"https:\/\/schema.org","@graph":[{"@type":"WebPage","@id":"https:\/\/nationalarchives.ie\/ga\/news-and-events\/","url":"https:\/\/nationalarchives.ie\/ga\/news-and-events\/","name":"News and events (landing page) - An Chartlann N\u00e1isi\u00fanta","isPartOf":{"@id":"https:\/\/nationalarchives.ie\/ga\/#website"},"datePublished":"2025-01-08T17:06:29+00:00","dateModified":"2025-01-08T17:09:17+00:00","breadcrumb":{"@id":"https:\/\/nationalarchives.ie\/ga\/news-and-events\/#breadcrumb"},"inLanguage":"en-US","potentialAction":[{"@type":"ReadAction","target":["https:\/\/nationalarchives.ie\/ga\/news-and-events\/"]}]},{"@type":"BreadcrumbList","@id":"https:\/\/nationalarchives.ie\/ga\/news-and-events\/#breadcrumb","itemListElement":[{"@type":"ListItem","position":1,"name":"Home","item":"https:\/\/nationalarchives.ie\/ga\/"},{"@type":"ListItem","position":2,"name":"News and events (landing page)"}]},{"@type":"WebSite","@id":"https:\/\/nationalarchives.ie\/ga\/#website","url":"https:\/\/nationalarchives.ie\/ga\/","name":"An Chartlann N\u00e1isi\u00fanta","description":"","potentialAction":[{"@type":"SearchAction","target":{"@type":"EntryPoint","urlTemplate":"https:\/\/nationalarchives.ie\/ga\/?s={search_term_string}"},"query-input":{"@type":"PropertyValueSpecification","valueRequired":true,"valueName":"search_term_string"}}],"inLanguage":"en-US"}]}},"jetpack_sharing_enabled":true,"_links":{"self":[{"href":"https:\/\/nationalarchives.ie\/ga\/wp-json\/wp\/v2\/pages\/1948","targetHints":{"allow":["GET"]}}],"collection":[{"href":"https:\/\/nationalarchives.ie\/ga\/wp-json\/wp\/v2\/pages"}],"about":[{"href":"https:\/\/nationalarchives.ie\/ga\/wp-json\/wp\/v2\/types\/page"}],"author":[{"embeddable":true,"href":"https:\/\/nationalarchives.ie\/ga\/wp-json\/wp\/v2\/users\/14"}],"replies":[{"embeddable":true,"href":"https:\/\/nationalarchives.ie\/ga\/wp-json\/wp\/v2\/comments?post=1948"}],"version-history":[{"count":2,"href":"https:\/\/nationalarchives.ie\/ga\/wp-json\/wp\/v2\/pages\/1948\/revisions"}],"predecessor-version":[{"id":1962,"href":"https:\/\/nationalarchives.ie\/ga\/wp-json\/wp\/v2\/pages\/1948\/revisions\/1962"}],"wp:attachment":[{"href":"https:\/\/nationalarchives.ie\/ga\/wp-json\/wp\/v2\/media?parent=1948"}],"curies":[{"name":"wp","href":"https:\/\/api.w.org\/{rel}","templated":true}]}}