{"id":1964,"date":"2025-01-08T17:43:21","date_gmt":"2025-01-08T17:43:21","guid":{"rendered":"https:\/\/national-archives.go-vip.net\/?page_id=1964"},"modified":"2025-10-30T10:58:58","modified_gmt":"2025-10-30T10:58:58","slug":"types-of-research","status":"publish","type":"page","link":"https:\/\/nationalarchives.ie\/ga\/help-with-research\/types-of-research\/","title":{"rendered":"Cine\u00e1lacha taighde"},"content":{"rendered":"\n\n<section id=\"block-block_b4c51cf85eda0025114d94c2f019bb74\" class=\"landing-page-header-block title-width-default block-color-green block-row-02-type-share block-row-02-share-position-bottom intro-full-width\" data-style=\"style-11\">    \n\n\t<div class=\"header \">\n\n\t\t\t\t\n<div class=\"translation-notice\">\n        <div class=\"inner container\">\n            <p><strong>Cuirfear aistri\u00fach\u00e1n ar f\u00e1il go luath<\/strong><\/p>\n            <p>\u00c1r leithsc\u00e9al as an m\u00edchaoithi\u00falacht. Cuirfear aistri\u00fach\u00e1n Gaeilge ar an leathanach seo ar f\u00e1il go luath. Go raibh maith agat as do chuid foighneachta agus muid ag obair ar leagan uasd\u00e1taithe.<\/p>\n        <\/div>\n    <\/div>\n\n\n\t\t\n\t\t<div class=\"container\">\n\t\t\t<div class=\"intro\">\n\t\t\t\t<h1 class=\"heading-0\">Cine\u00e1lacha taighde<\/h1>\n\t\t\t\t\n\t\t\t<\/div>\n\t\t\t\n\t\t\t<!-- mobile -->\n\t\t\t\n\t\t\t\n\t\t<\/div>\n\n\t\t\t\t\t<div class=\"header-row-02\">\n\t\t\t\t<div class=\"container\">\n\t\t\t\t\t\t\t\t\t\t\t<div class=\"share\">\n\t\t\t\t\t\t\t<button class=\"share-button pulse fade-in\" data-js=\"share-button\">SHARE<\/button>\n\t\t\t\t\t\t<\/div>\n\t\t\t\t\t\t\t\t\t\t<div class=\"text h3\"><p>Cuirimid f\u00e1ilte roimh go leor cine\u00e1lacha taighde ag an gCartlann N\u00e1isi\u00fanta. Cib\u00e9 an bhfuil t\u00fa ag d\u00e9anamh taighde ar stair sh\u00f3isialta, pholaiti\u00fail n\u00f3 eacnama\u00edoch n\u00f3 ag lorg baili\u00fach\u00e1in n\u00f3 taifid shonracha, t\u00e1 na treoracha seo deartha chun cabhr\u00fa leat nasclean\u00faint a dh\u00e9anamh ar \u00e1r n-acmhainn\u00ed fairsinge.<\/p>\n<\/div>\t\t\t\t<\/div>\n\t\t\t<\/div>\n\t\t\t\t\n\t<\/div>\n\n\t\n<\/section>\n\n\t<span class=\"notification-top\" data-js=\"share-copied\">URL copied to clipboard<\/span>\n\n\n<section id=\"block-block_9228b09d28bcfc063d9aa724b69f24cb\" class=\"content-tile-block nai-block margin-top-small margin-bottom-none image_right text-regular text-black extra-padding-b bg-white no-border-top smaller-heading\" data-layout=\"layout-1-2\">        \n\t\t<div class=\"container\">\n\t\t\t\t<div class=\"content\">\n\t\t\t<div class=\"image\" data-image=\"cover\">\n\t\t\t\t\t\t\t\t\t\t\t\t\t\t\t\t\t\t\t\t\t\t\t\t\t\t\t\t<\/div>\n\t\t\t<div class=\"text\">\n\t\t\t\t<div class=\"text-content cms-content\">\n\t\t\t\t\t\t\t\t\t\t<p>F\u00e9ach ar \u00e1r dtreoracha maidir le taighde cartlainne, dl\u00ed agus stair teaghlaigh.<\/p>\n<p>M\u00e1s rud \u00e9 gur nua duit cartlanna, cabhr\u00f3idh <a href=\"https:\/\/nationalarchives.ie\/ga\/help-with-research\/get-started-with-archival-research\/\">an treoir chuimsitheach seo leat tos\u00fa ar thaighde cartlainne<\/a>.<\/p>\n<p>I gc\u00e1s taighdeoir\u00ed a bhfuil suim acu i dtaighde dl\u00ed, t\u00e1 taifid ch\u00fairte luachmhara in\u00e1r gcartlann a thugann l\u00e9argas ar stair theaghlaigh, ar stair dhl\u00edthi\u00fail agus pholaiti\u00fail, chomh maith le c\u00e1sanna dl\u00ed sonracha. N\u00ed hamh\u00e1in go dtugann na taifid ch\u00fairte seo sonra\u00ed faoi ch\u00e1sanna aonair ach l\u00e9ir\u00edonn siad luachanna socha\u00edocha agus eacnama\u00edocha na linne freisin, \u00f3n 15\u00fa haois go dt\u00ed deireadh an 20\u00fa haois. Faigh tuilleadh eolais faoi <a href=\"https:\/\/nationalarchives.ie\/ga\/help-with-research\/legal-research\/\">thaighde dl\u00ed<\/a> ag an gCartlann N\u00e1isi\u00fanta.<\/p>\n<p>M\u00e1s mian leat <a href=\"https:\/\/nationalarchives.ie\/ga\/help-with-research\/types-of-research\/family-history-research\/\">stair do theaghlaigh a fhiosr\u00fa<\/a>, cuireann \u00e1r <a href=\"https:\/\/nationalarchives.ie\/ga\/help-with-research\/genealogy-advisory-service\/\">Seirbh\u00eds Chomhairleach Ginealaigh<\/a> comhairle agus treoir shaineolach ar f\u00e1il. T\u00e1 \u00e1r nginealaithe gairmi\u00fala ar f\u00e1il go pearsanta agus ar l\u00edne chun cabhr\u00fa leat.<\/p>\n<p>Is acmhainn luachmhar \u00e9 \u00e1r dtreoir maidir le <a href=\"https:\/\/nationalarchives.ie\/ga\/help-with-research\/types-of-research\/how-to-find-a-will\/\">huachtanna<\/a>\u00a0agus deonuithe probh\u00e1ide n\u00f3 litreacha riarach\u00e1in a aimsi\u00fa do ghinealaithe agus do staraithe teaghlaigh.<\/p>\n<p>Cib\u00e9 acu taighdeoir s\u00e9as\u00farach th\u00fa n\u00f3 d\u00edreach ag tos\u00fa amach, b\u00edonn rud \u00e9igin suimi\u00fail le nochtadh i gc\u00f3na\u00ed ag an gCartlann N\u00e1isi\u00fanta.<\/p>\n<div id=\"awebChromeHelper\" data-version=\"1.23.6\"><\/div>\n\t\t\t\t<\/div>\n\t\t\t\t<div class=\"ctas\">\n\t\t\t\t\t\t\t\t\t\t\t\t\t\t<\/div>\n\n\t\t\t\t\n\t\t\t<\/div>\n\t\t<\/div>\n\t<\/div>    \n<\/section>\n\n<section id=\"block-block_91575f3c286c75b78aa8e141d8f0c6aa\" class=\"cards-row-block nai-block margin-top-none margin-bottom-default numbers-columns-2 images-ratio-landscape\">\n    <div class=\"container\">          \n            <header class=\"section-header-component\">\n        <div class=\"header-content\">                \n            <h2 class=\"h2\">Types of research<\/h2>            \n                                                <\/div>\n    <\/header>     \n            <section class=\"cards\">\n                                    <article class=\"card-component fade-in\">\n                        <a href=\"https:\/\/nationalarchives.ie\/ga\/help-with-research\/get-started-with-archival-research\/\" title=\"Getting started with archival research\">\n                                                                                                                \n                            <div class=\"intro no-pb\">\n                                                                <h3 class=\"\">Getting started with archival research<\/h3>                                <p>Are you new to archival research? This guide will help you get started with archival research. <\/p>                    \n                                                            <\/div>\n                        <\/a>\n                    <\/article>\n                                    <article class=\"card-component fade-in\">\n                        <a href=\"https:\/\/nationalarchives.ie\/ga\/how-to-find-a-will\/\" title=\"How to find a historic will\">\n                                                                                                                \n                            <div class=\"intro no-pb\">\n                                                                <h3 class=\"\">How to find a historic will<\/h3>                                <p>This guide explains how to locate historic wills and grants of probate or letters of administration in Ireland. <\/p>                    \n                                                            <\/div>\n                        <\/a>\n                    <\/article>\n                                    <article class=\"card-component fade-in\">\n                        <a href=\"https:\/\/nationalarchives.ie\/ga\/help-with-research\/family-history-research\/\" title=\"Family history research\">\n                                                                                                                \n                            <div class=\"intro no-pb\">\n                                                                <h3 class=\"\">Family history research<\/h3>                                <p>Get helpful advice on doing genealogical research at the National Archives.<\/p>                    \n                                                            <\/div>\n                        <\/a>\n                    <\/article>\n                                    <article class=\"card-component fade-in\">\n                        <a href=\"https:\/\/nationalarchives.ie\/ga\/help-with-research\/genealogy-advisory-service\/\" title=\"Genealogy advisory service\">\n                                                                                                                \n                            <div class=\"intro no-pb\">\n                                                                <h3 class=\"\">Genealogy advisory service<\/h3>                                <p>Our free genealogy advisory service can give you advice and guidance to help your family history research.<\/p>                    \n                                                            <\/div>\n                        <\/a>\n                    <\/article>\n                                    <article class=\"card-component fade-in\">\n                        <a href=\"https:\/\/nationalarchives.ie\/ga\/help-with-research\/legal-research\/\" title=\"Legal research\">\n                                                                                                                \n                            <div class=\"intro no-pb\">\n                                                                <h3 class=\"\">Legal research<\/h3>                                <p>Are you exploring family history, studying legal or political history, or looking for a specific legal case? This is a good place to start.<\/p>                    \n                                                            <\/div>\n                        <\/a>\n                    <\/article>\n                                    <article class=\"card-component fade-in\">\n                        <a href=\"https:\/\/nationalarchives.ie\/ga\/help-with-research\/types-of-research\/researching-irish-government-policy\/\" title=\"Researching Irish Government Policy\">\n                                                                                                                \n                            <div class=\"intro no-pb\">\n                                                                <h3 class=\"\">Researching Irish Government Policy<\/h3>                                <p>If you are studying Irish government policy, it&#039;s helpful to know how Ireland&#039;s administration has changed over time.<\/p>                    \n                                                            <\/div>\n                        <\/a>\n                    <\/article>\n                            <\/section>\n        \n    <\/div>\n<\/section>","protected":false},"excerpt":{"rendered":"","protected":false},"author":14,"featured_media":0,"parent":304,"menu_order":1,"comment_status":"closed","ping_status":"closed","template":"","meta":{"_acf_changed":false,"inline_featured_image":false,"editor_notices":[],"footnotes":""},"class_list":["post-1964","page","type-page","status-publish","hentry"],"acf":[],"yoast_head":"<!-- This site is optimized with the Yoast SEO plugin v27.3 - https:\/\/yoast.com\/product\/yoast-seo-wordpress\/ -->\n<title>Cine\u00e1lacha taighde - An Chartlann N\u00e1isi\u00fanta<\/title>\n<meta name=\"robots\" content=\"index, follow, max-snippet:-1, max-image-preview:large, max-video-preview:-1\" \/>\n<link rel=\"canonical\" href=\"https:\/\/nationalarchives.ie\/ga\/help-with-research\/types-of-research\/\" \/>\n<meta property=\"og:locale\" content=\"en_US\" \/>\n<meta property=\"og:type\" content=\"article\" \/>\n<meta property=\"og:title\" content=\"Cine\u00e1lacha taighde - An Chartlann N\u00e1isi\u00fanta\" \/>\n<meta property=\"og:url\" content=\"https:\/\/nationalarchives.ie\/ga\/help-with-research\/types-of-research\/\" \/>\n<meta property=\"og:site_name\" content=\"An Chartlann N\u00e1isi\u00fanta\" \/>\n<meta property=\"article:modified_time\" content=\"2025-10-30T10:58:58+00:00\" \/>\n<meta name=\"twitter:card\" content=\"summary_large_image\" \/>\n<script type=\"application\/ld+json\" class=\"yoast-schema-graph\">{\"@context\":\"https:\\\/\\\/schema.org\",\"@graph\":[{\"@type\":\"WebPage\",\"@id\":\"https:\\\/\\\/nationalarchives.ie\\\/ga\\\/help-with-research\\\/types-of-research\\\/\",\"url\":\"https:\\\/\\\/nationalarchives.ie\\\/ga\\\/help-with-research\\\/types-of-research\\\/\",\"name\":\"Cine\u00e1lacha taighde - An Chartlann N\u00e1isi\u00fanta\",\"isPartOf\":{\"@id\":\"https:\\\/\\\/nationalarchives.ie\\\/ga\\\/#website\"},\"datePublished\":\"2025-01-08T17:43:21+00:00\",\"dateModified\":\"2025-10-30T10:58:58+00:00\",\"breadcrumb\":{\"@id\":\"https:\\\/\\\/nationalarchives.ie\\\/ga\\\/help-with-research\\\/types-of-research\\\/#breadcrumb\"},\"inLanguage\":\"en-US\",\"potentialAction\":[{\"@type\":\"ReadAction\",\"target\":[\"https:\\\/\\\/nationalarchives.ie\\\/ga\\\/help-with-research\\\/types-of-research\\\/\"]}]},{\"@type\":\"BreadcrumbList\",\"@id\":\"https:\\\/\\\/nationalarchives.ie\\\/ga\\\/help-with-research\\\/types-of-research\\\/#breadcrumb\",\"itemListElement\":[{\"@type\":\"ListItem\",\"position\":1,\"name\":\"Home\",\"item\":\"https:\\\/\\\/nationalarchives.ie\\\/ga\\\/\"},{\"@type\":\"ListItem\",\"position\":2,\"name\":\"Cabhair le taighde\",\"item\":\"https:\\\/\\\/nationalarchives.ie\\\/ga\\\/help-with-research\\\/\"},{\"@type\":\"ListItem\",\"position\":3,\"name\":\"Cine\u00e1lacha taighde\"}]},{\"@type\":\"WebSite\",\"@id\":\"https:\\\/\\\/nationalarchives.ie\\\/ga\\\/#website\",\"url\":\"https:\\\/\\\/nationalarchives.ie\\\/ga\\\/\",\"name\":\"An Chartlann N\u00e1isi\u00fanta\",\"description\":\"\",\"potentialAction\":[{\"@type\":\"SearchAction\",\"target\":{\"@type\":\"EntryPoint\",\"urlTemplate\":\"https:\\\/\\\/nationalarchives.ie\\\/ga\\\/?s={search_term_string}\"},\"query-input\":{\"@type\":\"PropertyValueSpecification\",\"valueRequired\":true,\"valueName\":\"search_term_string\"}}],\"inLanguage\":\"en-US\"}]}<\/script>\n<!-- \/ Yoast SEO plugin. -->","yoast_head_json":{"title":"Cine\u00e1lacha taighde - An Chartlann N\u00e1isi\u00fanta","robots":{"index":"index","follow":"follow","max-snippet":"max-snippet:-1","max-image-preview":"max-image-preview:large","max-video-preview":"max-video-preview:-1"},"canonical":"https:\/\/nationalarchives.ie\/ga\/help-with-research\/types-of-research\/","og_locale":"en_US","og_type":"article","og_title":"Cine\u00e1lacha taighde - An Chartlann N\u00e1isi\u00fanta","og_url":"https:\/\/nationalarchives.ie\/ga\/help-with-research\/types-of-research\/","og_site_name":"An Chartlann N\u00e1isi\u00fanta","article_modified_time":"2025-10-30T10:58:58+00:00","twitter_card":"summary_large_image","schema":{"@context":"https:\/\/schema.org","@graph":[{"@type":"WebPage","@id":"https:\/\/nationalarchives.ie\/ga\/help-with-research\/types-of-research\/","url":"https:\/\/nationalarchives.ie\/ga\/help-with-research\/types-of-research\/","name":"Cine\u00e1lacha taighde - An Chartlann N\u00e1isi\u00fanta","isPartOf":{"@id":"https:\/\/nationalarchives.ie\/ga\/#website"},"datePublished":"2025-01-08T17:43:21+00:00","dateModified":"2025-10-30T10:58:58+00:00","breadcrumb":{"@id":"https:\/\/nationalarchives.ie\/ga\/help-with-research\/types-of-research\/#breadcrumb"},"inLanguage":"en-US","potentialAction":[{"@type":"ReadAction","target":["https:\/\/nationalarchives.ie\/ga\/help-with-research\/types-of-research\/"]}]},{"@type":"BreadcrumbList","@id":"https:\/\/nationalarchives.ie\/ga\/help-with-research\/types-of-research\/#breadcrumb","itemListElement":[{"@type":"ListItem","position":1,"name":"Home","item":"https:\/\/nationalarchives.ie\/ga\/"},{"@type":"ListItem","position":2,"name":"Cabhair le taighde","item":"https:\/\/nationalarchives.ie\/ga\/help-with-research\/"},{"@type":"ListItem","position":3,"name":"Cine\u00e1lacha taighde"}]},{"@type":"WebSite","@id":"https:\/\/nationalarchives.ie\/ga\/#website","url":"https:\/\/nationalarchives.ie\/ga\/","name":"An Chartlann N\u00e1isi\u00fanta","description":"","potentialAction":[{"@type":"SearchAction","target":{"@type":"EntryPoint","urlTemplate":"https:\/\/nationalarchives.ie\/ga\/?s={search_term_string}"},"query-input":{"@type":"PropertyValueSpecification","valueRequired":true,"valueName":"search_term_string"}}],"inLanguage":"en-US"}]}},"jetpack_sharing_enabled":true,"_links":{"self":[{"href":"https:\/\/nationalarchives.ie\/ga\/wp-json\/wp\/v2\/pages\/1964","targetHints":{"allow":["GET"]}}],"collection":[{"href":"https:\/\/nationalarchives.ie\/ga\/wp-json\/wp\/v2\/pages"}],"about":[{"href":"https:\/\/nationalarchives.ie\/ga\/wp-json\/wp\/v2\/types\/page"}],"author":[{"embeddable":true,"href":"https:\/\/nationalarchives.ie\/ga\/wp-json\/wp\/v2\/users\/14"}],"replies":[{"embeddable":true,"href":"https:\/\/nationalarchives.ie\/ga\/wp-json\/wp\/v2\/comments?post=1964"}],"version-history":[{"count":31,"href":"https:\/\/nationalarchives.ie\/ga\/wp-json\/wp\/v2\/pages\/1964\/revisions"}],"predecessor-version":[{"id":5508,"href":"https:\/\/nationalarchives.ie\/ga\/wp-json\/wp\/v2\/pages\/1964\/revisions\/5508"}],"up":[{"embeddable":true,"href":"https:\/\/nationalarchives.ie\/ga\/wp-json\/wp\/v2\/pages\/304"}],"wp:attachment":[{"href":"https:\/\/nationalarchives.ie\/ga\/wp-json\/wp\/v2\/media?parent=1964"}],"curies":[{"name":"wp","href":"https:\/\/api.w.org\/{rel}","templated":true}]}}