{"id":1988,"date":"2025-01-08T17:59:12","date_gmt":"2025-01-08T17:59:12","guid":{"rendered":"https:\/\/national-archives.go-vip.net\/?page_id=1988"},"modified":"2025-10-02T13:15:11","modified_gmt":"2025-10-02T13:15:11","slug":"how-to-find-a-will","status":"publish","type":"page","link":"https:\/\/nationalarchives.ie\/ga\/help-with-research\/types-of-research\/how-to-find-a-will\/","title":{"rendered":"Conas uacht a aimsi\u00fa"},"content":{"rendered":"\n\n<section id=\"block-block_a4248301fb29d255b2b37396e5ae4e66\" class=\"landing-page-header-block title-width-default block-color-green block-row-02-type-share block-row-02-share-position-bottom intro-full-width\" data-style=\"style-11\">    \n\n\t<div class=\"header \">\n\n\t\t\t\t\n<div class=\"translation-notice\">\n        <div class=\"inner container\">\n            <p><strong>Cuirfear aistri\u00fach\u00e1n ar f\u00e1il go luath<\/strong><\/p>\n            <p>\u00c1r leithsc\u00e9al as an m\u00edchaoithi\u00falacht. Cuirfear aistri\u00fach\u00e1n Gaeilge ar an leathanach seo ar f\u00e1il go luath. Go raibh maith agat as do chuid foighneachta agus muid ag obair ar leagan uasd\u00e1taithe.<\/p>\n        <\/div>\n    <\/div>\n\n\n\t\t\n\t\t<div class=\"container\">\n\t\t\t<div class=\"intro\">\n\t\t\t\t<h1 class=\"heading-0\">Conas uacht a aimsi\u00fa <\/h1>\n\t\t\t\t\n\t\t\t<\/div>\n\t\t\t\n\t\t\t<!-- mobile -->\n\t\t\t\n\t\t\t\n\t\t<\/div>\n\n\t\t\t\t\t<div class=\"header-row-02\">\n\t\t\t\t<div class=\"container\">\n\t\t\t\t\t\t\t\t\t\t\t<div class=\"share\">\n\t\t\t\t\t\t\t<button class=\"share-button pulse fade-in\" data-js=\"share-button\">SHARE<\/button>\n\t\t\t\t\t\t<\/div>\n\t\t\t\t\t\t\t\t\t\t<div class=\"text h3\"><p>Caomhna\u00edonn an Chartlann N\u00e1isi\u00fanta taifid St\u00e1it lena n-\u00e1ir\u00edtear uachtanna \u00f3n Oifig Phrobh\u00e1ide at\u00e1 mar chuid den Ard-Ch\u00fairt. Sealbha\u00edmid na huachtanna do Bhaile \u00c1tha Cliath agus do roinnt cl\u00e1rlanna ceantair suas go dt\u00ed 1991. I gc\u00e1s gach taifid \u00f3 1992 ar aghaidh, d\u00e9an teagmh\u00e1il leis an <a href=\"https:\/\/www.courts.ie\/offices\/dublin-probate-office-(principal-probate-registry)\">Oifig Phrobh\u00e1ide<\/a>.<\/p>\n<\/div>\t\t\t\t<\/div>\n\t\t\t<\/div>\n\t\t\t\t\n\t<\/div>\n\n\t\n<\/section>\n\n\t<span class=\"notification-top\" data-js=\"share-copied\">URL copied to clipboard<\/span>\n\n\n<section id=\"block-block_de20ee0591eb68fdb9ea7c0381ad321a\" class=\"content-tile-block nai-block margin-top-small margin-bottom-none image_right text-regular text-black extra-padding-b bg-white no-border-top smaller-heading\" data-layout=\"layout-1-2\">        \n\t\t<div class=\"container\">\n\t\t\t\t<div class=\"content\">\n\t\t\t<div class=\"image\" data-image=\"cover\">\n\t\t\t\t\t\t\t\t\t\t\t\t\t\t\t\t\t\t\t\t\t\t\t\t\t\t\t\t<\/div>\n\t\t\t<div class=\"text\">\n\t\t\t\t<div class=\"text-content cms-content\">\n\t\t\t\t\t\t\t\t\t\t<h3><strong>Conas uacht a aimsi\u00fa<\/strong><\/h3>\n<p>M\u00edn\u00edtear sa treoir seo conas uachtanna stairi\u00fala agus deontais phrobh\u00e1ide n\u00f3 litreacha riarach\u00e1in a aimsi\u00fa in \u00c9irinn. Caomhna\u00edonn an Chartlann N\u00e1isi\u00fanta taifid St\u00e1it lena n-\u00e1ir\u00edtear uachtanna \u00f3n Oifig Phrobh\u00e1ide at\u00e1 mar chuid den Ard-Ch\u00fairt. Coinn\u00edonn an Chartlann N\u00e1isi\u00fanta na huachtanna do Bhaile \u00c1tha Cliath agus do roinnt cl\u00e1rlanna ceantair suas go dt\u00ed an bhliain 1991. I gc\u00e1s gach taifid \u00f3 1992 ar aghaidh, d\u00e9an teagmh\u00e1il leis an <a href=\"https:\/\/www.courts.ie\/offices\/dublin-probate-office-(principal-probate-registry)\">Oifig Phrobh\u00e1ide<\/a>. T\u00e1 na taifid seo thar a bheith luachmhar do ghinealeolaithe, do thaighdeoir\u00ed agus d\u00f3ibh si\u00fad a dh\u00e9anann ini\u00fachadh ar stair an teaghlaigh.<\/p>\n<h3><strong>Cad is uacht ann?<\/strong><\/h3>\n<p>Is doicim\u00e9ad dl\u00edthi\u00fail \u00e9 uacht ina gcuirtear mianta duine in i\u00fal maidir le d\u00e1ileadh a n-east\u00e1it tar \u00e9is bh\u00e1is. Chun a dl\u00edthi\u00falacht a \u00e1irithi\u00fa, n\u00ed m\u00f3r do na c\u00fairteanna deon\u00fa probh\u00e1ide a eisi\u00faint. M\u00e1 fhaigheann duine b\u00e1s gan uacht (d\u00edthiomn\u00f3ir), is f\u00e9idir leis na c\u00fairteanna litreacha riarach\u00e1in a eisi\u00faint chun duine a cheapadh chun d\u00e1ileadh an east\u00e1it a bhainisti\u00fa.<\/p>\n<h3><strong>Cine\u00e1lacha taifead tiomnach<\/strong><\/h3>\n<ul>\n<li>Probh\u00e1id a dheon\u00fa: D\u00e9anann s\u00e9 uacht a dhlistean\u00fa agus deimhn\u00edonn s\u00e9 \u00fadar\u00e1s an seicead\u00f3ra an t-east\u00e1t a dh\u00e1ileadh<\/li>\n<li>Deon\u00fa litreacha riarach\u00e1in: Eisithe nuair nach bhfuil aon uacht ann, rud a ligeann do riarth\u00f3ir an t-east\u00e1t a bhainisti\u00fa<\/li>\n<li>Taifid tar \u00e9is 1858:\n<ul>\n<li>Arna bhainisti\u00fa ag na c\u00fairteanna sibhialta (Pr\u00edomh-Chl\u00e1rlanna agus Cl\u00e1rlanna D\u00faiche na C\u00fairte Probh\u00e1ide roimh 1877 agus an Ard-Ch\u00fairt \u00f3 1877)<\/li>\n<li>Inn\u00e9acsaithe i bhF\u00e9ilir\u00ed Bliant\u00fala Uachtanna agus Riarach\u00e1n le haghaidh 1858\u20131982<\/li>\n<\/ul>\n<\/li>\n<\/ul>\n<h3><strong>Pr\u00edomhoifig\u00ed a bhainist\u00edonn taifid thiomnacha<\/strong><\/h3>\n<ul>\n<li>Pr\u00edomhchl\u00e1rlann: Tugtar an Oifig Phrobh\u00e1ide uirthi freisin, agus is \u00ed an phr\u00edomhoifig i mBaile \u00c1tha Cliath \u00ed chun taifid thiomnacha a bhainisti\u00fa. I bhF\u00e9ilir\u00ed na nUachtanna, tugtar faoi deara \u00e9 mar PR, PO n\u00f3 Baile \u00c1tha Cliath. Faigh tuilleadh eolais san <a href=\"https:\/\/www.courts.ie\/offices\/dublin-probate-office-(principal-probate-registry)\">Oifig Phrobh\u00e1ide<\/a>.<\/li>\n<li>Cl\u00e1rlann Cheantair: Is fo-oifig de chuid na hOifige Probh\u00e1ide \u00ed Cl\u00e1rlann Ceantair at\u00e1 suite lasmuigh de Bhaile \u00c1tha Cliath. T\u00e1 14 Oifig Phrobh\u00e1ide Ceantair in \u00c9irinn a eis\u00edonn deontais phrobh\u00e1ide agus riarach\u00e1in go h\u00e1iti\u00fail.<\/li>\n<li>Oifig Phrobh\u00e1ide: Is cuid den Ard-Ch\u00fairt \u00ed an Oifig Phrobh\u00e1ide, at\u00e1 freagrach as taifid thiomnacha a riar. T\u00e1 an phr\u00edomhoifig i mBaile \u00c1tha Cliath le hOifig\u00ed Probh\u00e1ide Ceantair breise ar fud na h\u00c9ireann.<\/li>\n<\/ul>\n<h3><strong>Ag lorg deontas probh\u00e1ide<\/strong><\/h3>\n<p>Is doicim\u00e9ad oifigi\u00fail \u00e9 deon\u00fa probh\u00e1ide a bhail\u00edochta\u00edonn uacht duine \u00e9agtha, rud a ligeann don seicead\u00f3ir a east\u00e1t a dh\u00e1ileadh de r\u00e9ir a mianta. D\u00e9antar na deontais seo a inn\u00e9acs\u00fa gach bliain i dtaifead aib\u00edtre ar a dtugtar F\u00e9ilire na nUachtanna agus na Riarach\u00e1n.<\/p>\n<p>Conas cuardach a dh\u00e9anamh:<\/p>\n<ul>\n<li>Cuardaigh an bhliain ar eis\u00edodh an deontas (n\u00ed bliain an bh\u00e1is)<\/li>\n<li>D\u00e9an cuardach c\u00faig bliana chun moilleanna f\u00e9ideartha ar phr\u00f3ise\u00e1il a chur san \u00e1ireamh<\/li>\n<li>Socra\u00edtear na f\u00e9ilir\u00ed de r\u00e9ir shloinne an duine nach maireann le haghaidh nasclean\u00faint \u00e9asca<\/li>\n<\/ul>\n<h3><strong>Ag cuardach deon\u00fa litreacha riarach\u00e1in<\/strong><\/h3>\n<p>M\u00e1 fuair duine b\u00e1s gan uacht (d\u00edthiomn\u00f3ir), eis\u00edonn na c\u00fairteanna litreacha riarach\u00e1in chun duine a cheapadh chun d\u00e1ileadh an east\u00e1it a bhainisti\u00fa. D\u00e9antar na deontais sin a thaifeadadh freisin i bhF\u00e9ilire na nUachtanna agus na Riarach\u00e1n.<\/p>\n<h3>Conas cuardach a dh\u00e9anamh:<\/h3>\n<ul>\n<li>Liosta\u00edtear deontais riarach\u00e1in ar an gcaoi ch\u00e9anna le deontais phrobh\u00e1ide ie de r\u00e9ir bhliain eisi\u00fana agus shloinne an duine \u00e9agtha<\/li>\n<li>\u00d3 1868 ar aghaidh, \u00e1ir\u00edtear deontais phrobh\u00e1ide agus deontais riarach\u00e1in araon sa tsraith f\u00e9ilire ch\u00e9anna.<\/li>\n<\/ul>\n<h3><strong>Cad is F\u00e9ilire na nUachtanna ann?<\/strong><\/h3>\n<p>Is inn\u00e9acs \u00e9 F\u00e9ilire na nUachtanna ina nd\u00e9antar achoimre ar phr\u00edomhshonra\u00ed faoi uachtanna agus deontais phrobh\u00e1ide n\u00f3 riarach\u00e1in. Is uirlis riachtanach \u00e9 chun na taifid bhunaidh a aimsi\u00fa.<\/p>\n<p>De ghn\u00e1th, cuirtear an m\u00e9id seo a leanas ar f\u00e1il i ngach iontr\u00e1il:<\/p>\n<ul>\n<li>Ainm an duine \u00e9agtha<\/li>\n<li>D\u00e1ta an bh\u00e1is<\/li>\n<li>D\u00e1ta an deontais<\/li>\n<li>Cine\u00e1l deontais (mar sh\u00e1mpla probh\u00e1id n\u00f3 riarach\u00e1n)<\/li>\n<li>Seoladh<\/li>\n<li>Sonra\u00ed an seicead\u00f3ra<\/li>\n<li>Luach east\u00e1it<\/li>\n<li>Cl\u00e1rlann eisi\u00fana<\/li>\n<\/ul>\n<p><strong>F\u00e9ilir\u00ed Uachtanna a Chuardach<\/strong><\/p>\n<p>Ar l\u00edne:<\/p>\n<p>Cuardaigh F\u00e9ilir\u00ed Uachtanna le haghaidh 1858\u20131920 ar \u00e1r <a href=\"https:\/\/genealogy.nationalarchives.ie\/\">su\u00edomh gr\u00e9as\u00e1in ginealais<\/a><\/p>\n<p>F\u00e9ilir\u00ed cuardaigh le haghaidh 1923\u20131982 sa <a href=\"https:\/\/nationalarchives.ie\/collections\/\">chatal\u00f3g ar l\u00edne<\/a><\/p>\n<ul>\n<li>Cuardach Simpl\u00ed: Cl\u00f3scr\u00edobh \u201cF\u00e9ilire na nUachtanna\u201d agus an bhliain (mar sh\u00e1mpla F\u00e9ilire Uachtanna 1962) chun rochtain a fh\u00e1il ar nasc pdf don bhliain sin<\/li>\n<li>Cuardach Casta: \u00das\u00e1id an c\u00f3d tagartha:<\/li>\n<li>CS\/HC\/PO\/4\/76 \u2013 le haghaidh Fh\u00e9ilire na nUachtanna do 1923<\/li>\n<li>CS\/HC\/PO\/4\/77 \u2013 le haghaidh Fh\u00e9ilire na nUachtanna do 1924<\/li>\n<li>CS\/HC\/PO\/4\/78 \u2013 le haghaidh Fh\u00e9ilire na nUachtanna do 1925<\/li>\n<li>N\u00edl F\u00e9ilir\u00ed Uachtanna le haghaidh 1921\u20131922 agus 1983\u20131991 ar f\u00e1il chun cuardach a dh\u00e9anamh i gcruach\u00f3ip ach amh\u00e1in sa <a href=\"https:\/\/nationalarchives.ie\/ga\/dean-cuairt-a-phleanail\/the-reading-room\/\">Seomra L\u00e9itheoireachta<\/a><\/li>\n<li>\u00das\u00e1id ainm an duine \u00e9agtha chun taifid \u00e1bhartha a aimsi\u00fa<\/li>\n<li>Tuaisceart \u00c9ireann:<\/li>\n<li>I gc\u00e1s na gcontaetha i dTuaisceart \u00c9ireann tar \u00e9is 1918, t\u00e9igh i gcomhairle le <a href=\"https:\/\/apps.proni.gov.uk\/willscalendar_ie\/willssearch.aspx\">Will Calendars \u2013 proni.gov.uk<\/a><\/li>\n<\/ul>\n<h3><strong>Leideanna maidir le cuardaigh \u00e9ifeachtacha<\/strong><\/h3>\n<p>I gc\u00e1s gn\u00e1thainmneacha, d\u2019fh\u00e9adfadh roinnt iontr\u00e1lacha a bheith mar thoradh ar chuardaigh. Caolaigh do thortha\u00ed tr\u00ed fh\u00e9ilir\u00ed aonair a chuardach nuair a bh\u00edonn d\u00e1ta an deontais n\u00f3 d\u00e1ta an bh\u00e1is ar eolas agat. Mura n-aims\u00edtear aon tortha\u00ed, d\u00e9an do chuardach a leathn\u00fa tr\u00ed raon c\u00faig bliana a \u00fas\u00e1id, toisc go raibh moilleanna cl\u00e1r\u00fach\u00e1in coitianta. Roimh 1858, bh\u00ed taifid \u00e1 mbainisti\u00fa ag Eaglais na h\u00c9ireann. T\u00e1 inn\u00e9acsanna ar leith do na taifid seo ar f\u00e1il ar mhicreascann\u00e1n sa Seomra L\u00e9itheoireachta. \u00d3 1858 ar aghaidh, bh\u00ed taifid \u00e1 mbainisti\u00fa ag na c\u00fairteanna sibhialta agus t\u00e1 siad inn\u00e9acsaithe i bhF\u00e9ilire Uachtanna agus Riarach\u00e1in.<\/p>\n<h3><strong>Ordaigh c\u00f3ip d&#8217;uacht n\u00f3 de dheon\u00fa probh\u00e1ide<\/strong><\/h3>\n<p>Chun c\u00f3ip a fh\u00e1il, comhl\u00e1naigh an fhoirm ordaithe leis an bhfaisn\u00e9is seo a leanas:<\/p>\n<ol>\n<li>Ainm an duine \u00e9agtha<\/li>\n<li>D\u00e1ta an deontais<\/li>\n<li>Cl\u00e1rlann eisi\u00fana<\/li>\n<li>Seol an fhoirm ar r\u00edomhphost chuig <a href=\"mailto:query@nationalarchives.ie\">query@nationalarchives.ie<\/a><\/li>\n<\/ol>\n<p>Nuair a bheidh d&#8217;iarratas faighte againn agus na doicim\u00e9id ordaithe againn, rachaimid i dteagmh\u00e1il leat le costais agus modhanna \u00edoca\u00edochta deiridh.<\/p>\n<p><a href=\"https:\/\/nationalarchives.ie\/wp-content\/uploads\/2025\/01\/Testamentary-copy-order-form_f38f5e.pdf\">\u00cdosl\u00f3d\u00e1il an fhoirm chun c\u00f3ipeanna d&#8217;uachtanna n\u00f3 de dheontais phrobh\u00e1ide a ord\u00fa<\/a>.<\/p>\n<div id=\"awebChromeHelper\" data-version=\"1.23.6\"><\/div>\n<div id=\"awebChromeHelper\" data-version=\"1.23.6\"><\/div>\n<div id=\"awebChromeHelper\" data-version=\"1.23.6\"><\/div>\n\t\t\t\t<\/div>\n\t\t\t\t<div class=\"ctas\">\n\t\t\t\t\t<a class=\"primary-button color-default size-default\" href=\"\/help-with-research\/\" target=\"\">Help with research <svg xmlns=\"http:\/\/www.w3.org\/2000\/svg\" width=\"21\" height=\"21\" viewBox=\"0 0 21 21\" fill=\"none\"><path d=\"M8.13743 5.21478C7.812 4.88934 7.28436 4.88934 6.95892 5.21478C6.63348 5.54022 6.63348 6.06786 6.95892 6.39329L11.3697 10.804L6.95892 15.2148C6.63348 15.5402 6.63348 16.0679 6.95892 16.3933C7.28436 16.7187 7.812 16.7187 8.13743 16.3933L13.1374 11.3933C13.4629 11.0679 13.4629 10.5402 13.1374 10.2148L8.13743 5.21478Z\" fill=\"white\"\/><\/svg><\/a>\t\t\t\t\t\t\t\t\t<\/div>\n\n\t\t\t\t\n\t\t\t<\/div>\n\t\t<\/div>\n\t<\/div>    \n<\/section>\n\n<section id=\"block-block_639a94ac987122b334f00459bddb1920\" class=\"cards-row-block nai-block margin-top-default margin-bottom-default numbers-columns-2 images-ratio-landscape\">\n    <div class=\"container\">          \n            <header class=\"section-header-component\">\n        <div class=\"header-content\">                \n            <h2 class=\"h2\">Related content<\/h2>            \n                                                <\/div>\n    <\/header>     \n            <section class=\"cards\">\n                                    <article class=\"card-component fade-in\">\n                        <a href=\"https:\/\/nationalarchives.ie\/ga\/help-with-research\/get-started-with-archival-research\/\" title=\"Get started with archival research\">\n                                                                                                                \n                            <div class=\"intro no-pb\">\n                                                                <h3 class=\"\">Get started with archival research<\/h3>                                <p>The National Archives preserves state records, including wills from the Probate Office, which is part of the High Court.<\/p>                    \n                                                            <\/div>\n                        <\/a>\n                    <\/article>\n                                    <article class=\"card-component fade-in\">\n                        <a href=\"https:\/\/nationalarchives.ie\/ga\/help-with-research\/family-history-research\/\" title=\"Family history research\">\n                                                                                                                \n                            <div class=\"intro no-pb\">\n                                                                <h3 class=\"\">Family history research<\/h3>                                <p>Get helpful advice on doing genealogical research at the National Archives.<\/p>                    \n                                                            <\/div>\n                        <\/a>\n                    <\/article>\n                                    <article class=\"card-component fade-in\">\n                        <a href=\"https:\/\/nationalarchives.ie\/ga\/help-with-research\/genealogy-advisory-service\/\" title=\"Genealogy advisory service\">\n                                                                                                                \n                            <div class=\"intro no-pb\">\n                                                                <h3 class=\"\">Genealogy advisory service<\/h3>                                <p>Our free genealogy advisory service can give you advice and guidance to help your family history research.<\/p>                    \n                                                            <\/div>\n                        <\/a>\n                    <\/article>\n                                    <article class=\"card-component fade-in\">\n                        <a href=\"https:\/\/nationalarchives.ie\/ga\/help-with-research\/legal-research\/\" title=\"Legal research\">\n                                                                                                                \n                            <div class=\"intro no-pb\">\n                                                                <h3 class=\"\">Legal research<\/h3>                                <p>Are you exploring family history, studying legal or political history, or looking for a specific legal case or testamentary record? Each of these areas can lead to fascinating discoveries.<\/p>                    \n                                                            <\/div>\n                        <\/a>\n                    <\/article>\n                            <\/section>\n        \n    <\/div>\n<\/section>","protected":false},"excerpt":{"rendered":"","protected":false},"author":14,"featured_media":0,"parent":1964,"menu_order":2,"comment_status":"closed","ping_status":"closed","template":"","meta":{"_acf_changed":false,"inline_featured_image":false,"editor_notices":[],"footnotes":""},"class_list":["post-1988","page","type-page","status-publish","hentry"],"acf":[],"yoast_head":"<!-- This site is optimized with the Yoast SEO plugin v27.3 - https:\/\/yoast.com\/product\/yoast-seo-wordpress\/ -->\n<title>Conas uacht a aimsi\u00fa - An Chartlann N\u00e1isi\u00fanta<\/title>\n<meta name=\"robots\" content=\"index, follow, max-snippet:-1, max-image-preview:large, max-video-preview:-1\" \/>\n<link rel=\"canonical\" href=\"https:\/\/nationalarchives.ie\/ga\/help-with-research\/types-of-research\/how-to-find-a-will\/\" \/>\n<meta property=\"og:locale\" content=\"en_US\" \/>\n<meta property=\"og:type\" content=\"article\" \/>\n<meta property=\"og:title\" content=\"Conas uacht a aimsi\u00fa - An Chartlann N\u00e1isi\u00fanta\" \/>\n<meta property=\"og:url\" content=\"https:\/\/nationalarchives.ie\/ga\/help-with-research\/types-of-research\/how-to-find-a-will\/\" \/>\n<meta property=\"og:site_name\" content=\"An Chartlann N\u00e1isi\u00fanta\" \/>\n<meta property=\"article:modified_time\" content=\"2025-10-02T13:15:11+00:00\" \/>\n<meta name=\"twitter:card\" content=\"summary_large_image\" \/>\n<script type=\"application\/ld+json\" class=\"yoast-schema-graph\">{\"@context\":\"https:\\\/\\\/schema.org\",\"@graph\":[{\"@type\":\"WebPage\",\"@id\":\"https:\\\/\\\/nationalarchives.ie\\\/ga\\\/help-with-research\\\/types-of-research\\\/how-to-find-a-will\\\/\",\"url\":\"https:\\\/\\\/nationalarchives.ie\\\/ga\\\/help-with-research\\\/types-of-research\\\/how-to-find-a-will\\\/\",\"name\":\"Conas uacht a aimsi\u00fa - An Chartlann N\u00e1isi\u00fanta\",\"isPartOf\":{\"@id\":\"https:\\\/\\\/nationalarchives.ie\\\/ga\\\/#website\"},\"datePublished\":\"2025-01-08T17:59:12+00:00\",\"dateModified\":\"2025-10-02T13:15:11+00:00\",\"breadcrumb\":{\"@id\":\"https:\\\/\\\/nationalarchives.ie\\\/ga\\\/help-with-research\\\/types-of-research\\\/how-to-find-a-will\\\/#breadcrumb\"},\"inLanguage\":\"en-US\",\"potentialAction\":[{\"@type\":\"ReadAction\",\"target\":[\"https:\\\/\\\/nationalarchives.ie\\\/ga\\\/help-with-research\\\/types-of-research\\\/how-to-find-a-will\\\/\"]}]},{\"@type\":\"BreadcrumbList\",\"@id\":\"https:\\\/\\\/nationalarchives.ie\\\/ga\\\/help-with-research\\\/types-of-research\\\/how-to-find-a-will\\\/#breadcrumb\",\"itemListElement\":[{\"@type\":\"ListItem\",\"position\":1,\"name\":\"Home\",\"item\":\"https:\\\/\\\/nationalarchives.ie\\\/ga\\\/\"},{\"@type\":\"ListItem\",\"position\":2,\"name\":\"Cabhair le taighde\",\"item\":\"https:\\\/\\\/nationalarchives.ie\\\/ga\\\/help-with-research\\\/\"},{\"@type\":\"ListItem\",\"position\":3,\"name\":\"Cine\u00e1lacha taighde\",\"item\":\"https:\\\/\\\/nationalarchives.ie\\\/ga\\\/help-with-research\\\/types-of-research\\\/\"},{\"@type\":\"ListItem\",\"position\":4,\"name\":\"Conas uacht a aimsi\u00fa\"}]},{\"@type\":\"WebSite\",\"@id\":\"https:\\\/\\\/nationalarchives.ie\\\/ga\\\/#website\",\"url\":\"https:\\\/\\\/nationalarchives.ie\\\/ga\\\/\",\"name\":\"An Chartlann N\u00e1isi\u00fanta\",\"description\":\"\",\"potentialAction\":[{\"@type\":\"SearchAction\",\"target\":{\"@type\":\"EntryPoint\",\"urlTemplate\":\"https:\\\/\\\/nationalarchives.ie\\\/ga\\\/?s={search_term_string}\"},\"query-input\":{\"@type\":\"PropertyValueSpecification\",\"valueRequired\":true,\"valueName\":\"search_term_string\"}}],\"inLanguage\":\"en-US\"}]}<\/script>\n<!-- \/ Yoast SEO plugin. -->","yoast_head_json":{"title":"Conas uacht a aimsi\u00fa - An Chartlann N\u00e1isi\u00fanta","robots":{"index":"index","follow":"follow","max-snippet":"max-snippet:-1","max-image-preview":"max-image-preview:large","max-video-preview":"max-video-preview:-1"},"canonical":"https:\/\/nationalarchives.ie\/ga\/help-with-research\/types-of-research\/how-to-find-a-will\/","og_locale":"en_US","og_type":"article","og_title":"Conas uacht a aimsi\u00fa - An Chartlann N\u00e1isi\u00fanta","og_url":"https:\/\/nationalarchives.ie\/ga\/help-with-research\/types-of-research\/how-to-find-a-will\/","og_site_name":"An Chartlann N\u00e1isi\u00fanta","article_modified_time":"2025-10-02T13:15:11+00:00","twitter_card":"summary_large_image","schema":{"@context":"https:\/\/schema.org","@graph":[{"@type":"WebPage","@id":"https:\/\/nationalarchives.ie\/ga\/help-with-research\/types-of-research\/how-to-find-a-will\/","url":"https:\/\/nationalarchives.ie\/ga\/help-with-research\/types-of-research\/how-to-find-a-will\/","name":"Conas uacht a aimsi\u00fa - An Chartlann N\u00e1isi\u00fanta","isPartOf":{"@id":"https:\/\/nationalarchives.ie\/ga\/#website"},"datePublished":"2025-01-08T17:59:12+00:00","dateModified":"2025-10-02T13:15:11+00:00","breadcrumb":{"@id":"https:\/\/nationalarchives.ie\/ga\/help-with-research\/types-of-research\/how-to-find-a-will\/#breadcrumb"},"inLanguage":"en-US","potentialAction":[{"@type":"ReadAction","target":["https:\/\/nationalarchives.ie\/ga\/help-with-research\/types-of-research\/how-to-find-a-will\/"]}]},{"@type":"BreadcrumbList","@id":"https:\/\/nationalarchives.ie\/ga\/help-with-research\/types-of-research\/how-to-find-a-will\/#breadcrumb","itemListElement":[{"@type":"ListItem","position":1,"name":"Home","item":"https:\/\/nationalarchives.ie\/ga\/"},{"@type":"ListItem","position":2,"name":"Cabhair le taighde","item":"https:\/\/nationalarchives.ie\/ga\/help-with-research\/"},{"@type":"ListItem","position":3,"name":"Cine\u00e1lacha taighde","item":"https:\/\/nationalarchives.ie\/ga\/help-with-research\/types-of-research\/"},{"@type":"ListItem","position":4,"name":"Conas uacht a aimsi\u00fa"}]},{"@type":"WebSite","@id":"https:\/\/nationalarchives.ie\/ga\/#website","url":"https:\/\/nationalarchives.ie\/ga\/","name":"An Chartlann N\u00e1isi\u00fanta","description":"","potentialAction":[{"@type":"SearchAction","target":{"@type":"EntryPoint","urlTemplate":"https:\/\/nationalarchives.ie\/ga\/?s={search_term_string}"},"query-input":{"@type":"PropertyValueSpecification","valueRequired":true,"valueName":"search_term_string"}}],"inLanguage":"en-US"}]}},"jetpack_sharing_enabled":true,"_links":{"self":[{"href":"https:\/\/nationalarchives.ie\/ga\/wp-json\/wp\/v2\/pages\/1988","targetHints":{"allow":["GET"]}}],"collection":[{"href":"https:\/\/nationalarchives.ie\/ga\/wp-json\/wp\/v2\/pages"}],"about":[{"href":"https:\/\/nationalarchives.ie\/ga\/wp-json\/wp\/v2\/types\/page"}],"author":[{"embeddable":true,"href":"https:\/\/nationalarchives.ie\/ga\/wp-json\/wp\/v2\/users\/14"}],"replies":[{"embeddable":true,"href":"https:\/\/nationalarchives.ie\/ga\/wp-json\/wp\/v2\/comments?post=1988"}],"version-history":[{"count":33,"href":"https:\/\/nationalarchives.ie\/ga\/wp-json\/wp\/v2\/pages\/1988\/revisions"}],"predecessor-version":[{"id":5467,"href":"https:\/\/nationalarchives.ie\/ga\/wp-json\/wp\/v2\/pages\/1988\/revisions\/5467"}],"up":[{"embeddable":true,"href":"https:\/\/nationalarchives.ie\/ga\/wp-json\/wp\/v2\/pages\/1964"}],"wp:attachment":[{"href":"https:\/\/nationalarchives.ie\/ga\/wp-json\/wp\/v2\/media?parent=1988"}],"curies":[{"name":"wp","href":"https:\/\/api.w.org\/{rel}","templated":true}]}}