{"id":2013,"date":"2025-01-09T11:40:21","date_gmt":"2025-01-09T11:40:21","guid":{"rendered":"https:\/\/national-archives.go-vip.net\/?page_id=2013"},"modified":"2025-09-22T20:54:14","modified_gmt":"2025-09-22T20:54:14","slug":"copies-publication-and-copyright","status":"publish","type":"page","link":"https:\/\/nationalarchives.ie\/ga\/help-with-research\/copies-publication-and-copyright\/","title":{"rendered":"C\u00f3ipeanna, foilsi\u00fa agus c\u00f3ipcheart"},"content":{"rendered":"\n\n<section id=\"block-block_871d246d3ab12acc77909aa9869f5e04\" class=\"landing-page-header-block title-width-default block-color-green block-row-02-type-share block-row-02-share-position-bottom intro-full-width\" data-style=\"style-11\">    \n\n\t<div class=\"header \">\n\n\t\t\t\t\n<div class=\"translation-notice\">\n        <div class=\"inner container\">\n            <p><strong>Cuirfear aistri\u00fach\u00e1n ar f\u00e1il go luath<\/strong><\/p>\n            <p>\u00c1r leithsc\u00e9al as an m\u00edchaoithi\u00falacht. Cuirfear aistri\u00fach\u00e1n Gaeilge ar an leathanach seo ar f\u00e1il go luath. Go raibh maith agat as do chuid foighneachta agus muid ag obair ar leagan uasd\u00e1taithe.<\/p>\n        <\/div>\n    <\/div>\n\n\n\t\t\n\t\t<div class=\"container\">\n\t\t\t<div class=\"intro\">\n\t\t\t\t<h1 class=\"heading-0\">C\u00f3ipeanna, foilsi\u00fa agus c\u00f3ipcheart<\/h1>\n\t\t\t\t\n\t\t\t<\/div>\n\t\t\t\n\t\t\t<!-- mobile -->\n\t\t\t\n\t\t\t\n\t\t<\/div>\n\n\t\t\t\t\t<div class=\"header-row-02\">\n\t\t\t\t<div class=\"container\">\n\t\t\t\t\t\t\t\t\t\t\t<div class=\"share\">\n\t\t\t\t\t\t\t<button class=\"share-button pulse fade-in\" data-js=\"share-button\">SHARE<\/button>\n\t\t\t\t\t\t<\/div>\n\t\t\t\t\t\t\t\t\t\t<div class=\"text h3\"><p>Faigh c\u00f3ipeanna de dhoicim\u00e9id n\u00f3 cead chun \u00edomh\u00e1nna a fhoilsi\u00fa agus a \u00fas\u00e1id \u00f3 Chartlann N\u00e1isi\u00fanta.<\/p>\n<\/div>\t\t\t\t<\/div>\n\t\t\t<\/div>\n\t\t\t\t\n\t<\/div>\n\n\t\n<\/section>\n\n\t<span class=\"notification-top\" data-js=\"share-copied\">URL copied to clipboard<\/span>\n\n\n<section id=\"block-block_66ebbabc36d83da19768d01f60513fcc\" class=\"content-tile-block nai-block margin-top-small margin-bottom-none image_right text-regular text-black extra-padding-b bg-white no-border-top smaller-heading\" data-layout=\"layout-1-2\">        \n\t\t<div class=\"container\">\n\t\t\t\t<div class=\"content\">\n\t\t\t<div class=\"image\" data-image=\"cover\">\n\t\t\t\t\t\t\t\t\t\t\t\t\t\t\t\t\t\t\t\t\t\t\t\t\t\t\t\t<\/div>\n\t\t\t<div class=\"text\">\n\t\t\t\t<div class=\"text-content cms-content\">\n\t\t\t\t\t\t\t\t\t\t<p>Is f\u00e9idir leat c\u00f3ipeanna de dhoicim\u00e9id a ord\u00fa \u00f3n\u00e1r n-aonad athgrafach. Seice\u00e1il t\u00e1ill\u00ed agus <a href=\"https:\/\/nationalarchives.ie\/ga\/help-with-research\/copies-publication-and-copyright\/order-copies-of-documents\/\">ordaigh c\u00f3ipeanna de dhoicim\u00e9id<\/a> ar l\u00edne.<\/p>\n<p>Cuirimid c\u00f3ipeanna deimhnithe ar f\u00e1il a bhfuil st\u00e1das dl\u00edthi\u00fail acu lena n-\u00fas\u00e1id i dtiolacadh maoine, i gcl\u00e1r\u00fa teidil agus in imeachta\u00ed c\u00fairte. T\u00e1 taifid tiomnaithe amhail uachtanna agus deontais phrobh\u00e1ide i measc na <a href=\"https:\/\/nationalarchives.ie\/ga\/help-with-research\/copies-publication-and-copyright\/order-certified-copies\/\">ndoicim\u00e9ad deimhnithe<\/a> is coitianta a orda\u00edtear.<\/p>\n<p>M\u00e1s mian leat \u00e1bhair \u00f3n gCartlann N\u00e1isi\u00fanta a fhoilsi\u00fa, is simpl\u00ed <a href=\"https:\/\/nationalarchives.ie\/ga\/help-with-research\/permission-to-publish\/\">iarratas a dh\u00e9anamh ar chead foilsitheoireachta<\/a>.<\/p>\n<p>Tugann an chuid seo treoir freisin maidir le <a href=\"https:\/\/nationalarchives.ie\/ga\/help-with-research\/permission-to-photograph\/\">grianghrafad\u00f3ireacht<\/a> agus tuiscint ar <a href=\"https:\/\/nationalarchives.ie\/ga\/help-with-research\/copyright-guidelines\/\">ch\u00f3ipcheart mar thaighdeoir<\/a>, ag cinnti\u00fa go gcomhl\u00edonann t\u00fa na rialach\u00e1in riachtanacha go l\u00e9ir.<\/p>\n<div id=\"awebChromeHelper\" data-version=\"1.23.6\"><\/div>\n<div id=\"awebChromeHelper\" data-version=\"1.23.6\"><\/div>\n\t\t\t\t<\/div>\n\t\t\t\t<div class=\"ctas\">\n\t\t\t\t\t\t\t\t\t\t\t\t\t\t<\/div>\n\n\t\t\t\t\n\t\t\t<\/div>\n\t\t<\/div>\n\t<\/div>    \n<\/section>\n\n<section id=\"block-block_a65e5c61cc29da1f3e5178b24fa6473c\" class=\"cards-row-block nai-block margin-top-none margin-bottom-default numbers-columns-2 images-ratio-landscape\">\n    <div class=\"container\">          \n            <header class=\"section-header-component\">\n        <div class=\"header-content\">                \n            <h2 class=\"h2\">Order copies and apply for permission to publish<\/h2>            \n                                                <\/div>\n    <\/header>     \n            <section class=\"cards\">\n                                    <article class=\"card-component fade-in\">\n                        <a href=\"https:\/\/nationalarchives.ie\/ga\/copies-publication-and-copyright\/order-copies-of-documents\/\" title=\"Order copies of documents\">\n                                                                                                                \n                            <div class=\"intro no-pb\">\n                                                                <h3 class=\"\">Order copies of documents<\/h3>                                <p>Find out how to order copies of documents from our collections at the National Archives. You can order copies online or have copies made in our Reading Room.<\/p>                    \n                                                            <\/div>\n                        <\/a>\n                    <\/article>\n                                    <article class=\"card-component fade-in\">\n                        <a href=\"https:\/\/nationalarchives.ie\/ga\/copies-publication-and-copyright\/order-certified-copies\/\" title=\"Ordering certified copies\">\n                                                                                                                \n                            <div class=\"intro no-pb\">\n                                                                <h3 class=\"\">Ordering certified copies<\/h3>                                <p> Certified copies have legal standing and are often needed for legal purposes. We provide certified copies for use in property conveyancing, title registration and court proceedings.<\/p>                    \n                                                            <\/div>\n                        <\/a>\n                    <\/article>\n                                    <article class=\"card-component fade-in\">\n                        <a href=\"https:\/\/nationalarchives.ie\/ga\/help-with-research\/copyright-guidelines\/\" title=\"Copyright guidelines\">\n                                                                                                                \n                            <div class=\"intro no-pb\">\n                                                                <h3 class=\"\">Copyright guidelines<\/h3>                                <p>It\u2019s important to understand copyright as a researcher. Read our guidelines to learn what copyright applies and how to apply for permission to use work.<\/p>                    \n                                                            <\/div>\n                        <\/a>\n                    <\/article>\n                                    <article class=\"card-component fade-in\">\n                        <a href=\"https:\/\/nationalarchives.ie\/ga\/help-with-research\/permission-to-photograph\/\" title=\"Permission to photograph\">\n                                                                                                                \n                            <div class=\"intro no-pb\">\n                                                                <h3 class=\"\">Permission to photograph<\/h3>                                <p>Researchers are permitted to use a digital camera or a similar device to create copies of material strictly for private study.<\/p>                    \n                                                            <\/div>\n                        <\/a>\n                    <\/article>\n                                    <article class=\"card-component fade-in\">\n                        <a href=\"https:\/\/nationalarchives.ie\/ga\/help-with-research\/permission-to-publish\/\" title=\"Permission to publish\">\n                                                                                                                \n                            <div class=\"intro no-pb\">\n                                                                <h3 class=\"\">Permission to publish<\/h3>                                <p>To use materials from the National Archives in publications, whether for non-commercial or commercial purposes, you must secure permission by filling out the appropriate application form.<\/p>                    \n                                                            <\/div>\n                        <\/a>\n                    <\/article>\n                            <\/section>\n        \n    <\/div>\n<\/section>","protected":false},"excerpt":{"rendered":"","protected":false},"author":14,"featured_media":0,"parent":304,"menu_order":4,"comment_status":"closed","ping_status":"closed","template":"","meta":{"_acf_changed":false,"inline_featured_image":false,"editor_notices":[],"footnotes":""},"class_list":["post-2013","page","type-page","status-publish","hentry"],"acf":[],"yoast_head":"<!-- This site is optimized with the Yoast SEO plugin v27.3 - https:\/\/yoast.com\/product\/yoast-seo-wordpress\/ -->\n<title>C\u00f3ipeanna, foilsi\u00fa agus c\u00f3ipcheart - An Chartlann N\u00e1isi\u00fanta<\/title>\n<meta name=\"robots\" content=\"index, follow, max-snippet:-1, max-image-preview:large, max-video-preview:-1\" \/>\n<link rel=\"canonical\" href=\"https:\/\/nationalarchives.ie\/ga\/help-with-research\/copies-publication-and-copyright\/\" \/>\n<meta property=\"og:locale\" content=\"en_US\" \/>\n<meta property=\"og:type\" content=\"article\" \/>\n<meta property=\"og:title\" content=\"C\u00f3ipeanna, foilsi\u00fa agus c\u00f3ipcheart - An Chartlann N\u00e1isi\u00fanta\" \/>\n<meta property=\"og:url\" content=\"https:\/\/nationalarchives.ie\/ga\/help-with-research\/copies-publication-and-copyright\/\" \/>\n<meta property=\"og:site_name\" content=\"An Chartlann N\u00e1isi\u00fanta\" \/>\n<meta property=\"article:modified_time\" content=\"2025-09-22T20:54:14+00:00\" \/>\n<meta name=\"twitter:card\" content=\"summary_large_image\" \/>\n<script type=\"application\/ld+json\" class=\"yoast-schema-graph\">{\"@context\":\"https:\\\/\\\/schema.org\",\"@graph\":[{\"@type\":\"WebPage\",\"@id\":\"https:\\\/\\\/nationalarchives.ie\\\/ga\\\/help-with-research\\\/copies-publication-and-copyright\\\/\",\"url\":\"https:\\\/\\\/nationalarchives.ie\\\/ga\\\/help-with-research\\\/copies-publication-and-copyright\\\/\",\"name\":\"C\u00f3ipeanna, foilsi\u00fa agus c\u00f3ipcheart - An Chartlann N\u00e1isi\u00fanta\",\"isPartOf\":{\"@id\":\"https:\\\/\\\/nationalarchives.ie\\\/ga\\\/#website\"},\"datePublished\":\"2025-01-09T11:40:21+00:00\",\"dateModified\":\"2025-09-22T20:54:14+00:00\",\"breadcrumb\":{\"@id\":\"https:\\\/\\\/nationalarchives.ie\\\/ga\\\/help-with-research\\\/copies-publication-and-copyright\\\/#breadcrumb\"},\"inLanguage\":\"en-US\",\"potentialAction\":[{\"@type\":\"ReadAction\",\"target\":[\"https:\\\/\\\/nationalarchives.ie\\\/ga\\\/help-with-research\\\/copies-publication-and-copyright\\\/\"]}]},{\"@type\":\"BreadcrumbList\",\"@id\":\"https:\\\/\\\/nationalarchives.ie\\\/ga\\\/help-with-research\\\/copies-publication-and-copyright\\\/#breadcrumb\",\"itemListElement\":[{\"@type\":\"ListItem\",\"position\":1,\"name\":\"Home\",\"item\":\"https:\\\/\\\/nationalarchives.ie\\\/ga\\\/\"},{\"@type\":\"ListItem\",\"position\":2,\"name\":\"Cabhair le taighde\",\"item\":\"https:\\\/\\\/nationalarchives.ie\\\/ga\\\/help-with-research\\\/\"},{\"@type\":\"ListItem\",\"position\":3,\"name\":\"C\u00f3ipeanna, foilsi\u00fa agus c\u00f3ipcheart\"}]},{\"@type\":\"WebSite\",\"@id\":\"https:\\\/\\\/nationalarchives.ie\\\/ga\\\/#website\",\"url\":\"https:\\\/\\\/nationalarchives.ie\\\/ga\\\/\",\"name\":\"An Chartlann N\u00e1isi\u00fanta\",\"description\":\"\",\"potentialAction\":[{\"@type\":\"SearchAction\",\"target\":{\"@type\":\"EntryPoint\",\"urlTemplate\":\"https:\\\/\\\/nationalarchives.ie\\\/ga\\\/?s={search_term_string}\"},\"query-input\":{\"@type\":\"PropertyValueSpecification\",\"valueRequired\":true,\"valueName\":\"search_term_string\"}}],\"inLanguage\":\"en-US\"}]}<\/script>\n<!-- \/ Yoast SEO plugin. -->","yoast_head_json":{"title":"C\u00f3ipeanna, foilsi\u00fa agus c\u00f3ipcheart - An Chartlann N\u00e1isi\u00fanta","robots":{"index":"index","follow":"follow","max-snippet":"max-snippet:-1","max-image-preview":"max-image-preview:large","max-video-preview":"max-video-preview:-1"},"canonical":"https:\/\/nationalarchives.ie\/ga\/help-with-research\/copies-publication-and-copyright\/","og_locale":"en_US","og_type":"article","og_title":"C\u00f3ipeanna, foilsi\u00fa agus c\u00f3ipcheart - An Chartlann N\u00e1isi\u00fanta","og_url":"https:\/\/nationalarchives.ie\/ga\/help-with-research\/copies-publication-and-copyright\/","og_site_name":"An Chartlann N\u00e1isi\u00fanta","article_modified_time":"2025-09-22T20:54:14+00:00","twitter_card":"summary_large_image","schema":{"@context":"https:\/\/schema.org","@graph":[{"@type":"WebPage","@id":"https:\/\/nationalarchives.ie\/ga\/help-with-research\/copies-publication-and-copyright\/","url":"https:\/\/nationalarchives.ie\/ga\/help-with-research\/copies-publication-and-copyright\/","name":"C\u00f3ipeanna, foilsi\u00fa agus c\u00f3ipcheart - An Chartlann N\u00e1isi\u00fanta","isPartOf":{"@id":"https:\/\/nationalarchives.ie\/ga\/#website"},"datePublished":"2025-01-09T11:40:21+00:00","dateModified":"2025-09-22T20:54:14+00:00","breadcrumb":{"@id":"https:\/\/nationalarchives.ie\/ga\/help-with-research\/copies-publication-and-copyright\/#breadcrumb"},"inLanguage":"en-US","potentialAction":[{"@type":"ReadAction","target":["https:\/\/nationalarchives.ie\/ga\/help-with-research\/copies-publication-and-copyright\/"]}]},{"@type":"BreadcrumbList","@id":"https:\/\/nationalarchives.ie\/ga\/help-with-research\/copies-publication-and-copyright\/#breadcrumb","itemListElement":[{"@type":"ListItem","position":1,"name":"Home","item":"https:\/\/nationalarchives.ie\/ga\/"},{"@type":"ListItem","position":2,"name":"Cabhair le taighde","item":"https:\/\/nationalarchives.ie\/ga\/help-with-research\/"},{"@type":"ListItem","position":3,"name":"C\u00f3ipeanna, foilsi\u00fa agus c\u00f3ipcheart"}]},{"@type":"WebSite","@id":"https:\/\/nationalarchives.ie\/ga\/#website","url":"https:\/\/nationalarchives.ie\/ga\/","name":"An Chartlann N\u00e1isi\u00fanta","description":"","potentialAction":[{"@type":"SearchAction","target":{"@type":"EntryPoint","urlTemplate":"https:\/\/nationalarchives.ie\/ga\/?s={search_term_string}"},"query-input":{"@type":"PropertyValueSpecification","valueRequired":true,"valueName":"search_term_string"}}],"inLanguage":"en-US"}]}},"jetpack_sharing_enabled":true,"_links":{"self":[{"href":"https:\/\/nationalarchives.ie\/ga\/wp-json\/wp\/v2\/pages\/2013","targetHints":{"allow":["GET"]}}],"collection":[{"href":"https:\/\/nationalarchives.ie\/ga\/wp-json\/wp\/v2\/pages"}],"about":[{"href":"https:\/\/nationalarchives.ie\/ga\/wp-json\/wp\/v2\/types\/page"}],"author":[{"embeddable":true,"href":"https:\/\/nationalarchives.ie\/ga\/wp-json\/wp\/v2\/users\/14"}],"replies":[{"embeddable":true,"href":"https:\/\/nationalarchives.ie\/ga\/wp-json\/wp\/v2\/comments?post=2013"}],"version-history":[{"count":24,"href":"https:\/\/nationalarchives.ie\/ga\/wp-json\/wp\/v2\/pages\/2013\/revisions"}],"predecessor-version":[{"id":5415,"href":"https:\/\/nationalarchives.ie\/ga\/wp-json\/wp\/v2\/pages\/2013\/revisions\/5415"}],"up":[{"embeddable":true,"href":"https:\/\/nationalarchives.ie\/ga\/wp-json\/wp\/v2\/pages\/304"}],"wp:attachment":[{"href":"https:\/\/nationalarchives.ie\/ga\/wp-json\/wp\/v2\/media?parent=2013"}],"curies":[{"name":"wp","href":"https:\/\/api.w.org\/{rel}","templated":true}]}}