{"id":2022,"date":"2025-01-09T12:06:22","date_gmt":"2025-01-09T12:06:22","guid":{"rendered":"https:\/\/national-archives.go-vip.net\/?page_id=2022"},"modified":"2025-06-19T14:08:30","modified_gmt":"2025-06-19T14:08:30","slug":"high-court-records","status":"publish","type":"page","link":"https:\/\/nationalarchives.ie\/ga\/collections\/court-records\/high-court-records\/","title":{"rendered":"High Court records"},"content":{"rendered":"\n\n<section id=\"block-block_7e0636137ff32342598f96d1c478c6ff\" class=\"landing-page-header-block title-width-default block-color-muted-gold block-row-02-type-share block-row-02-share-position-bottom intro-full-width\" data-style=\"style-11\">    \n\n\t<div class=\"header \">\n\n\t\t\t\t\n<div class=\"translation-notice\">\n        <div class=\"inner container\">\n            <p><strong>Cuirfear aistri\u00fach\u00e1n ar f\u00e1il go luath<\/strong><\/p>\n            <p>\u00c1r leithsc\u00e9al as an m\u00edchaoithi\u00falacht. Cuirfear aistri\u00fach\u00e1n Gaeilge ar an leathanach seo ar f\u00e1il go luath. Go raibh maith agat as do chuid foighneachta agus muid ag obair ar leagan uasd\u00e1taithe.<\/p>\n        <\/div>\n    <\/div>\n\n\n\t\t\n\t\t<div class=\"container\">\n\t\t\t<div class=\"intro\">\n\t\t\t\t<h1 class=\"heading-0\">High Court records<\/h1>\n\t\t\t\t\n\t\t\t<\/div>\n\t\t\t\n\t\t\t<!-- mobile -->\n\t\t\t\n\t\t\t\n\t\t<\/div>\n\n\t\t\t\t\t<div class=\"header-row-02\">\n\t\t\t\t<div class=\"container\">\n\t\t\t\t\t\t\t\t\t\t\t<div class=\"share\">\n\t\t\t\t\t\t\t<button class=\"share-button pulse fade-in\" data-js=\"share-button\">SHARE<\/button>\n\t\t\t\t\t\t<\/div>\n\t\t\t\t\t\t\t\t\t\t<div class=\"text h3\"><p>The High Court replaced the High Court of Justice in 1924. The National Archives holds records from the High Court from 1926 to 1970.<\/p>\n<\/div>\t\t\t\t<\/div>\n\t\t\t<\/div>\n\t\t\t\t\n\t<\/div>\n\n\t\n<\/section>\n\n\t<span class=\"notification-top\" data-js=\"share-copied\">URL copied to clipboard<\/span>\n\n\n<section id=\"block-block_59c1d71775b9f023db33f1e25836d22d\" class=\"content-tile-block nai-block margin-top-small margin-bottom-none image_right text-regular text-black extra-padding-b bg-white no-border-top smaller-heading\" data-layout=\"layout-1-2\">        \n\t\t<div class=\"container\">\n\t\t\t\t<div class=\"content\">\n\t\t\t<div class=\"image\" data-image=\"cover\">\n\t\t\t\t\t\t\t\t\t\t\t\t\t\t\t\t\t\t\t\t\t\t\t\t\t\t\t\t<\/div>\n\t\t\t<div class=\"text\">\n\t\t\t\t<div class=\"text-content cms-content\">\n\t\t\t\t\t\t\t\t\t\t<h2>The High Court<\/h2>\n<p>The High Court is presided over by the President of the High Court and has the power to determine, subject to appeal, all matters and questions, whether law or fact, civil and criminal.<\/p>\n<h3>Matters dealt with by the High Court<\/h3>\n<p>The High Court has the power to determine the validity of any law having regard to the constitution. It hears civil and family law appeals from the Circuit Court. Although the High Court normally sits in Dublin, it also sits in circuit throughout the country at various times during the year.<\/p>\n<p>Visit the <a href=\"https:\/\/www.courts.ie\/high-court\" target=\"_blank\" rel=\"noopener noreferrer\">High Court website<\/a><\/p>\n<h3>High Court records in the National Archives<\/h3>\n<p>High Court files only exist from 1926, as prior to this date all document types were bound separately by type (i.e. all affidavits were bound together). National Archives holds records from the High Court up to 1970.<\/p>\n<p>The four main series of records from the High Court are:<\/p>\n<ul>\n<li>Plenary Summons files<\/li>\n<li>Summary Summons files<\/li>\n<li>Special Summons files<\/li>\n<li>State Side files<\/li>\n<\/ul>\n<h3>Plenary and Summary files<\/h3>\n<p>Plenary and Summary files usually relate to civil disputes between individuals or between an organisation, such as a company, and one or more individuals. Plenary Summonses are issued where there are to be pleadings and a hearing on oral evidence. Summary Summonses are issued when it is not envisaged that there will be pleadings and that the issue will be heard on affidavit with or without oral evidence.<\/p>\n<h3>Special Summons files<\/h3>\n<p>Procedure by Special Summons was introduced in 1962. It is used in specified circumstances such as in certain areas of (a) the administration of deceased persons estates; (b) property dealings; (c) trusts; (d) minors.<\/p>\n<h3>State Side files<\/h3>\n<p>State Side files relate to matters where the High Court exercised its supervisory jurisdiction and\/ or superior powers over the lower courts, for example Orders of Habeus Corpus, Certiorari, Mandamus and Prohibition, Attachment for Contempt and bail applications of persons in custody. Substantial changes to procedures in these areas were made in the 1986 revision of the Rules of the Superior Courts, including the deletion of the term \u201cState Side.\u201d<\/p>\n<h3>Other categories<\/h3>\n<p>Other categories of records from the High Court include:<\/p>\n<ul>\n<li>Appeals from the Circuit Court<\/li>\n<li>Motions and Summonses<\/li>\n<li>Matrimonial and Revenue cases<\/li>\n<li>Orders without supporting files<\/li>\n<\/ul>\n<p>Family law, also known as matrimonial law cases, heard in the High Court and held by the National Archives are closed to the public. They can only be accessed with the permission of the Registrar in the Central Office of the High Court.<\/p>\n<h3>How to access High Court records<\/h3>\n<p>The finding aids for High Court records are located in the Reading Room. They are not searchable in our online catalogue.<\/p>\n<ul>\n<li>The records are in blue folders, arranged alphabetically by type<\/li>\n<li>To access individual records, such as plenary and summary files, researchers must first consult the relevant Cause Book for the year the case was initiated to obtain the individual case file number<\/li>\n<li>Researchers can then order the case file they require<\/li>\n<\/ul>\n<p>Records of the High Court on Circuit are kept by the Circuit Court Office of the county in which the hearing takes place. To access these records, researchers should consult the finding aids for the relevant Circuit Court.<\/p>\n<h2>How to order records<\/h2>\n<p>To request High Court records complete an order docket in the Reading Room.<\/p>\n<p>Please include the following:<\/p>\n<ul>\n<li>The reference for the High Court (NAI\/CS\/HC\/) or the High Court on Circuit (NAI\/CS\/CC\/)<\/li>\n<li>The file reference found in the Cause Books<\/li>\n<li>The description of the document as given in the finding aid, including the covering dates<\/li>\n<\/ul>\n<p><a href=\"https:\/\/nationalarchives.ie\/ga\/plan-a-visit\/\" target=\"_blank\" rel=\"noopener noreferrer\">Plan your visit<\/a><\/p>\n<h3>Waiting times<\/h3>\n<p>The majority of the records of the High Court up to the late 1960s are stored in our Four Courts repository.<\/p>\n<p>These can take up to two days to produce if ordered in person, or three working days if requested by email. Further information is available in <a href=\"https:\/\/nationalarchives.ie\/ga\/plan-a-visit\/order-archives\/\" target=\"_blank\" rel=\"noopener\">ordering archives.<\/a><\/p>\n<h2>Central Criminal Court<\/h2>\n<p>The High Court that hears criminal matters is known as the Central Criminal Court. In criminal matters, a High Court judge sits with a jury of twelve. A person refused bail in the District Court can apply to the High Court for bail, or if granted bail they can apply to vary the conditions of the bail. The Central Criminal Court also hears cases relating to treason, offences relating to the obstruction of government or the president, murder, attempted murder or conspiracy to murder, rape, sexual assault, piracy and offences under the Genocide Act 1973.<\/p>\n<p>National Archives holds records for the Central Criminal Court from 1924 to 1968. The main record series are cause books, known as Trial Record Books and files.<\/p>\n<p>Finding aids:<\/p>\n<ul>\n<li>The finding aid is in a blue folder in the Reading Room and is arranged alphabetically by county<\/li>\n<li>Files are listed by the county in which the case originated<\/li>\n<li>To locate a file, researchers will first need to consult the Trial Record Book for the relevant year to obtain the reference number of the file<\/li>\n<\/ul>\n<h2>How to order records<\/h2>\n<p>To request a record, complete an order docket and include the court reference code (NAI\/CS\/CCC) followed by the details given in the finding aid, including the covering dates.<\/p>\n<p>Records of the Central Criminal Court are stored in our Four Courts repository and take up to two days to produce if ordered in person, or three working days if requested by email.<\/p>\n<p>Researchers should be mindful that records of the Central Criminal Court contain high levels of personal and sensitive information, which some may find upsetting. They also contain terminology which is now considered outdated and may be offensive.<\/p>\n<h2>Court of Criminal Appeal<\/h2>\n<p>The office of the Court of Criminal Appeal deals with appeals from persons convicted of a crime by the Central Criminal Court, the Circuit (Criminal) Court or the Special Criminal Court. For an appeal, a person has obtained a certificate from the trial judge that the case is suitable for appeal or such a certificate is refused, provided the Court of Criminal Appeal itself grants such leave to appeal.<\/p>\n<p>The Court of Criminal Appeal also hears applications from the Director of Public Prosecutions to review sentences they deem unduly lenient and acts as an appeal court for court martials.<\/p>\n<p>The main records of the Court of Criminal Appeal are:<\/p>\n<p>\u2022 Appeal Books, 1924\u20131974<\/p>\n<p>These are the Cause Books listing cases in chronological order. The case numbers and the names of the appellants have been transcribed from these volumes and the transcription is in a blue folder in the Reading Room.<\/p>\n<p>\u2022 Order Books, 1924\u20131972<\/p>\n<p>These books contain copies of the orders made by the court. There are approximately 20 orders per book and there is an alphabetical index at the back of each volume.<\/p>\n<p>\u2022 Files, 1924\u20131972 and a separate collection of Orders arranged in chronological order dating from the 1920s to the 1970s<\/p>\n<p>There is a file for every case dealt with by the court. The contents of the files include correspondence, particulars of trial, notices of appeal, transcripts, case notes and schedules of documents.<\/p>\n<h4><strong>Finding aids<\/strong><\/h4>\n<ul>\n<li>Located in a blue folder in the Reading Room<\/li>\n<li>Lists all case files chronologically by the appellant\u2019s name from 1924 to 1972<\/li>\n<\/ul>\n<h2>How to order a record<\/h2>\n<p>Complete an order docket with the file reference, name and date as listed in the finding aid (NAI\/HC\/CCA).<\/p>\n<ul>\n<li>Records are stored in our Four Courts repository<\/li>\n<li>Records take up to two days to produce if ordered in person<\/li>\n<li>If requested by email, records take three working days<\/li>\n<\/ul>\n<p>For more details, please refer to the <a href=\"https:\/\/nationalarchives.ie\/ga\/plan-a-visit\/order-archives\/\" target=\"_blank\" rel=\"noopener noreferrer\">ordering archives <\/a>section.<\/p>\n<p>Please note: Researchers should be mindful that records of the Court of Criminal Appeal contain high levels of personal and sensitive information, which some may find upsetting.<\/p>\n<p>They also contain terminology which is now considered outdated and may be offensive.<\/p>\n<h3>Special Criminal Court<\/h3>\n<p>The Special Criminal Court was first established in 1939. It deals with serious crimes such as paramilitary, subversive and organised crimes.<\/p>\n<p>National Archives holds a small amount of records for this court for the 1930s and 1940s, at present they are closed to the public.<\/p>\n<h3>Supreme Court Records<\/h3>\n<p>The Supreme Court is the final court of appeal in the State and consists of the Chief Justice and seven ordinary judges. The Supreme Court has the power to decide whether a Bill which has been passed by the Seanad or D\u00e1il, and has been presented to the President of Ireland for signature, is incompatible with the Constitution. The Supreme Court also decides civil and criminal matters, with the Court of Criminal Appeal dealing with criminal matters.<\/p>\n<p>The main records of the Supreme Court are in volume format and are comprised of:<\/p>\n<ul>\n<li>Books of Appeal, 1922\u20131970, except 1955\u20131959<\/li>\n<li>Notices of Appeal, 1921\u20131927<\/li>\n<li>Judgements\/ Orders, 1922\u20131958<\/li>\n<li>Judges&#8217; declarations on taking office, 1924\u20131927<\/li>\n<\/ul>\n<h3>Finding Aids<\/h3>\n<ul>\n<li>The finding aid for the Supreme Court is a bound volume located in the Reading Room<\/li>\n<li>An alphabetical index by subject is available at the front of the volume<\/li>\n<\/ul>\n<h3>How to order records<\/h3>\n<ul>\n<li>Complete an order docket with the court reference code (NAI\/CS\/SC\/) and the document description as listed in the finding aid, including the covering dates<\/li>\n<li>Supreme Court records are stored in our Four Courts repository<\/li>\n<li>Records take up to two days to produce if ordered in person<\/li>\n<li>If requested by email, records take three working days<\/li>\n<\/ul>\n<p>For more details, please refer to <a href=\"https:\/\/nationalarchives.ie\/ga\/plan-a-visit\/order-archives\/\" target=\"_blank\" rel=\"noopener noreferrer\">how to order archives<\/a>.<\/p>\n<div id=\"awebChromeHelper\" data-version=\"1.23.6\"><\/div>\n<div id=\"awebChromeHelper\" data-version=\"1.24.0\"><\/div>\n\t\t\t\t<\/div>\n\t\t\t\t<div class=\"ctas\">\n\t\t\t\t\t<a class=\"primary-button color-default size-default\" href=\"https:\/\/nationalarchives.ie\/ga\/collections\/\" target=\"\">Search the collections<svg xmlns=\"http:\/\/www.w3.org\/2000\/svg\" width=\"21\" height=\"21\" viewBox=\"0 0 21 21\" fill=\"none\"><path d=\"M8.13743 5.21478C7.812 4.88934 7.28436 4.88934 6.95892 5.21478C6.63348 5.54022 6.63348 6.06786 6.95892 6.39329L11.3697 10.804L6.95892 15.2148C6.63348 15.5402 6.63348 16.0679 6.95892 16.3933C7.28436 16.7187 7.812 16.7187 8.13743 16.3933L13.1374 11.3933C13.4629 11.0679 13.4629 10.5402 13.1374 10.2148L8.13743 5.21478Z\" fill=\"white\"\/><\/svg><\/a>\t\t\t\t\t\t\t\t\t<\/div>\n\n\t\t\t\t\n\t\t\t<\/div>\n\t\t<\/div>\n\t<\/div>    \n<\/section>\n\n<section id=\"block-block_691b1b210a2e7123f132409c55ecd8a5\" class=\"cards-row-block nai-block margin-top-small margin-bottom-default numbers-columns-3 images-ratio-landscape\">\n    <div class=\"container\">          \n                    <section class=\"cards\">\n                                    <article class=\"card-component fade-in\">\n                        <a href=\"https:\/\/nationalarchives.ie\/ga\/collections\/court-records\/circuit-court-records\/\" title=\"Circuit Court records\">\n                                                                                                                \n                            <div class=\"intro no-pb\">\n                                                                <h3 class=\"\">Circuit Court records<\/h3>                                <p>Types of cases dealt with by the Circuit Courts include defamation and false imprisonment cases, minor land valuation matters, malicious\/criminal injury, intoxicating liquor licences and family law.<\/p>                    \n                                                            <\/div>\n                        <\/a>\n                    <\/article>\n                                    <article class=\"card-component fade-in\">\n                        <a href=\"https:\/\/nationalarchives.ie\/ga\/collections\/court-records\/district-court-records\/\" title=\"District court records\">\n                                                                                                                \n                            <div class=\"intro no-pb\">\n                                                                <h3 class=\"\">District court records<\/h3>                                <p>The District Court is organised on a regional basis. There are 23 districts all over Ireland, including the Dublin Metropolitan District. <\/p>                    \n                                                            <\/div>\n                        <\/a>\n                    <\/article>\n                                    <article class=\"card-component fade-in\">\n                        <a href=\"https:\/\/nationalarchives.ie\/ga\/collections\/court-records\/testamentary-records\/\" title=\"Testamentary records and wills\">\n                                                                                                                \n                            <div class=\"intro no-pb\">\n                                                                <h3 class=\"\">Testamentary records and wills<\/h3>                                <p>This page provides important information about testamentary records from the courts. It includes details on various record types, such as wills, grants of probate and intestacy. <\/p>                    \n                                                            <\/div>\n                        <\/a>\n                    <\/article>\n                            <\/section>\n        \n    <\/div>\n<\/section>","protected":false},"excerpt":{"rendered":"","protected":false},"author":14,"featured_media":0,"parent":3020,"menu_order":2,"comment_status":"closed","ping_status":"closed","template":"","meta":{"_acf_changed":false,"inline_featured_image":false,"editor_notices":[],"footnotes":""},"class_list":["post-2022","page","type-page","status-publish","hentry"],"acf":[],"yoast_head":"<!-- This site is optimized with the Yoast SEO plugin v27.3 - https:\/\/yoast.com\/product\/yoast-seo-wordpress\/ -->\n<title>High Court records - An Chartlann N\u00e1isi\u00fanta<\/title>\n<meta name=\"robots\" content=\"index, follow, max-snippet:-1, max-image-preview:large, max-video-preview:-1\" \/>\n<link rel=\"canonical\" href=\"https:\/\/nationalarchives.ie\/ga\/collections\/court-records\/high-court-records\/\" \/>\n<meta property=\"og:locale\" content=\"en_US\" \/>\n<meta property=\"og:type\" content=\"article\" \/>\n<meta property=\"og:title\" content=\"High Court records - An Chartlann N\u00e1isi\u00fanta\" \/>\n<meta property=\"og:url\" content=\"https:\/\/nationalarchives.ie\/ga\/collections\/court-records\/high-court-records\/\" \/>\n<meta property=\"og:site_name\" content=\"An Chartlann N\u00e1isi\u00fanta\" \/>\n<meta property=\"article:modified_time\" content=\"2025-06-19T14:08:30+00:00\" \/>\n<meta name=\"twitter:card\" content=\"summary_large_image\" \/>\n<script type=\"application\/ld+json\" class=\"yoast-schema-graph\">{\"@context\":\"https:\\\/\\\/schema.org\",\"@graph\":[{\"@type\":\"WebPage\",\"@id\":\"https:\\\/\\\/nationalarchives.ie\\\/ga\\\/collections\\\/court-records\\\/high-court-records\\\/\",\"url\":\"https:\\\/\\\/nationalarchives.ie\\\/ga\\\/collections\\\/court-records\\\/high-court-records\\\/\",\"name\":\"High Court records - An Chartlann N\u00e1isi\u00fanta\",\"isPartOf\":{\"@id\":\"https:\\\/\\\/nationalarchives.ie\\\/ga\\\/#website\"},\"datePublished\":\"2025-01-09T12:06:22+00:00\",\"dateModified\":\"2025-06-19T14:08:30+00:00\",\"breadcrumb\":{\"@id\":\"https:\\\/\\\/nationalarchives.ie\\\/ga\\\/collections\\\/court-records\\\/high-court-records\\\/#breadcrumb\"},\"inLanguage\":\"en-US\",\"potentialAction\":[{\"@type\":\"ReadAction\",\"target\":[\"https:\\\/\\\/nationalarchives.ie\\\/ga\\\/collections\\\/court-records\\\/high-court-records\\\/\"]}]},{\"@type\":\"BreadcrumbList\",\"@id\":\"https:\\\/\\\/nationalarchives.ie\\\/ga\\\/collections\\\/court-records\\\/high-court-records\\\/#breadcrumb\",\"itemListElement\":[{\"@type\":\"ListItem\",\"position\":1,\"name\":\"Home\",\"item\":\"https:\\\/\\\/nationalarchives.ie\\\/ga\\\/\"},{\"@type\":\"ListItem\",\"position\":2,\"name\":\"D\u00e9an ini\u00fachadh ar na baili\u00fach\u00e1in\",\"item\":\"https:\\\/\\\/nationalarchives.ie\\\/ga\\\/collections\\\/\"},{\"@type\":\"ListItem\",\"position\":3,\"name\":\"Court records\",\"item\":\"https:\\\/\\\/nationalarchives.ie\\\/ga\\\/collections\\\/court-records\\\/\"},{\"@type\":\"ListItem\",\"position\":4,\"name\":\"High Court records\"}]},{\"@type\":\"WebSite\",\"@id\":\"https:\\\/\\\/nationalarchives.ie\\\/ga\\\/#website\",\"url\":\"https:\\\/\\\/nationalarchives.ie\\\/ga\\\/\",\"name\":\"An Chartlann N\u00e1isi\u00fanta\",\"description\":\"\",\"potentialAction\":[{\"@type\":\"SearchAction\",\"target\":{\"@type\":\"EntryPoint\",\"urlTemplate\":\"https:\\\/\\\/nationalarchives.ie\\\/ga\\\/?s={search_term_string}\"},\"query-input\":{\"@type\":\"PropertyValueSpecification\",\"valueRequired\":true,\"valueName\":\"search_term_string\"}}],\"inLanguage\":\"en-US\"}]}<\/script>\n<!-- \/ Yoast SEO plugin. -->","yoast_head_json":{"title":"High Court records - An Chartlann N\u00e1isi\u00fanta","robots":{"index":"index","follow":"follow","max-snippet":"max-snippet:-1","max-image-preview":"max-image-preview:large","max-video-preview":"max-video-preview:-1"},"canonical":"https:\/\/nationalarchives.ie\/ga\/collections\/court-records\/high-court-records\/","og_locale":"en_US","og_type":"article","og_title":"High Court records - An Chartlann N\u00e1isi\u00fanta","og_url":"https:\/\/nationalarchives.ie\/ga\/collections\/court-records\/high-court-records\/","og_site_name":"An Chartlann N\u00e1isi\u00fanta","article_modified_time":"2025-06-19T14:08:30+00:00","twitter_card":"summary_large_image","schema":{"@context":"https:\/\/schema.org","@graph":[{"@type":"WebPage","@id":"https:\/\/nationalarchives.ie\/ga\/collections\/court-records\/high-court-records\/","url":"https:\/\/nationalarchives.ie\/ga\/collections\/court-records\/high-court-records\/","name":"High Court records - An Chartlann N\u00e1isi\u00fanta","isPartOf":{"@id":"https:\/\/nationalarchives.ie\/ga\/#website"},"datePublished":"2025-01-09T12:06:22+00:00","dateModified":"2025-06-19T14:08:30+00:00","breadcrumb":{"@id":"https:\/\/nationalarchives.ie\/ga\/collections\/court-records\/high-court-records\/#breadcrumb"},"inLanguage":"en-US","potentialAction":[{"@type":"ReadAction","target":["https:\/\/nationalarchives.ie\/ga\/collections\/court-records\/high-court-records\/"]}]},{"@type":"BreadcrumbList","@id":"https:\/\/nationalarchives.ie\/ga\/collections\/court-records\/high-court-records\/#breadcrumb","itemListElement":[{"@type":"ListItem","position":1,"name":"Home","item":"https:\/\/nationalarchives.ie\/ga\/"},{"@type":"ListItem","position":2,"name":"D\u00e9an ini\u00fachadh ar na baili\u00fach\u00e1in","item":"https:\/\/nationalarchives.ie\/ga\/collections\/"},{"@type":"ListItem","position":3,"name":"Court records","item":"https:\/\/nationalarchives.ie\/ga\/collections\/court-records\/"},{"@type":"ListItem","position":4,"name":"High Court records"}]},{"@type":"WebSite","@id":"https:\/\/nationalarchives.ie\/ga\/#website","url":"https:\/\/nationalarchives.ie\/ga\/","name":"An Chartlann N\u00e1isi\u00fanta","description":"","potentialAction":[{"@type":"SearchAction","target":{"@type":"EntryPoint","urlTemplate":"https:\/\/nationalarchives.ie\/ga\/?s={search_term_string}"},"query-input":{"@type":"PropertyValueSpecification","valueRequired":true,"valueName":"search_term_string"}}],"inLanguage":"en-US"}]}},"jetpack_sharing_enabled":true,"_links":{"self":[{"href":"https:\/\/nationalarchives.ie\/ga\/wp-json\/wp\/v2\/pages\/2022","targetHints":{"allow":["GET"]}}],"collection":[{"href":"https:\/\/nationalarchives.ie\/ga\/wp-json\/wp\/v2\/pages"}],"about":[{"href":"https:\/\/nationalarchives.ie\/ga\/wp-json\/wp\/v2\/types\/page"}],"author":[{"embeddable":true,"href":"https:\/\/nationalarchives.ie\/ga\/wp-json\/wp\/v2\/users\/14"}],"replies":[{"embeddable":true,"href":"https:\/\/nationalarchives.ie\/ga\/wp-json\/wp\/v2\/comments?post=2022"}],"version-history":[{"count":18,"href":"https:\/\/nationalarchives.ie\/ga\/wp-json\/wp\/v2\/pages\/2022\/revisions"}],"predecessor-version":[{"id":5167,"href":"https:\/\/nationalarchives.ie\/ga\/wp-json\/wp\/v2\/pages\/2022\/revisions\/5167"}],"up":[{"embeddable":true,"href":"https:\/\/nationalarchives.ie\/ga\/wp-json\/wp\/v2\/pages\/3020"}],"wp:attachment":[{"href":"https:\/\/nationalarchives.ie\/ga\/wp-json\/wp\/v2\/media?parent=2022"}],"curies":[{"name":"wp","href":"https:\/\/api.w.org\/{rel}","templated":true}]}}