{"id":3375,"date":"2025-01-16T10:23:51","date_gmt":"2025-01-16T10:23:51","guid":{"rendered":"https:\/\/national-archives.go-vip.net\/?page_id=3375"},"modified":"2025-06-19T13:19:10","modified_gmt":"2025-06-19T13:19:10","slug":"cookies-policy","status":"publish","type":"page","link":"https:\/\/nationalarchives.ie\/ga\/cookies-policy\/","title":{"rendered":"Cookies policy"},"content":{"rendered":"\n\n<section id=\"block-block_3c72a0a0eb78f25d1f235ee70385da4f\" class=\"landing-page-header-block title-width-default block-color-default block-row-02-type-share block-row-02-share-position-bottom intro-full-width\" data-style=\"style-11\">    \n\n\t<div class=\"header \">\n\n\t\t\t\t\n<div class=\"translation-notice\">\n        <div class=\"inner container\">\n            <p><strong>Cuirfear aistri\u00fach\u00e1n ar f\u00e1il go luath<\/strong><\/p>\n            <p>\u00c1r leithsc\u00e9al as an m\u00edchaoithi\u00falacht. Cuirfear aistri\u00fach\u00e1n Gaeilge ar an leathanach seo ar f\u00e1il go luath. Go raibh maith agat as do chuid foighneachta agus muid ag obair ar leagan uasd\u00e1taithe.<\/p>\n        <\/div>\n    <\/div>\n\n\n\t\t\n\t\t<div class=\"container\">\n\t\t\t<div class=\"intro\">\n\t\t\t\t<h1 class=\"heading-0\">Cookies policy<\/h1>\n\t\t\t\t\n\t\t\t<\/div>\n\t\t\t\n\t\t\t<!-- mobile -->\n\t\t\t\n\t\t\t\n\t\t<\/div>\n\n\t\t\t\t\t<div class=\"header-row-02\">\n\t\t\t\t<div class=\"container\">\n\t\t\t\t\t\t\t\t\t\t\t<div class=\"share\">\n\t\t\t\t\t\t\t<button class=\"share-button pulse fade-in\" data-js=\"share-button\">SHARE<\/button>\n\t\t\t\t\t\t<\/div>\n\t\t\t\t\t\t\t\t\t\t<div class=\"text h3\"><p><i>This Cookie Policy was last updated on January 11, 2024 and applies to citizens and legal permanent residents of the European Economic Area and Switzerland.<\/i><\/p>\n<\/div>\t\t\t\t<\/div>\n\t\t\t<\/div>\n\t\t\t\t\n\t<\/div>\n\n\t\n<\/section>\n\n\t<span class=\"notification-top\" data-js=\"share-copied\">URL copied to clipboard<\/span>\n\n\n<section id=\"block-block_56e7520d375d1a4cac9b316aa4c5a0ec\" class=\"content-tile-block nai-block margin-top-small margin-bottom-default image_right text-regular text-black bg-white no-border-top smaller-heading\" data-layout=\"layout-1-2\">        \n\t\t<div class=\"container\">\n\t\t\t\t<div class=\"content\">\n\t\t\t<div class=\"image\" data-image=\"cover\">\n\t\t\t\t\t\t\t\t\t\t\t\t\t\t\t\t\t\t\t\t\t\t\t\t\t\t\t\t<\/div>\n\t\t\t<div class=\"text\">\n\t\t\t\t<div class=\"text-content cms-content\">\n\t\t\t\t\t\t\t\t\t\t<h2>1. Introduction<\/h2>\n<p>Our website,\u00a0<a href=\"https:\/\/www.nationalarchives.ie\/\">https:\/\/www.nationalarchives.ie<\/a>\u00a0(hereinafter: &#8220;the website&#8221;) uses cookies and other related technologies (for convenience all technologies are referred to as &#8220;cookies&#8221;). Cookies are also placed by third parties we have engaged. In the document below we inform you about the use of cookies on our website.<\/p>\n<p>&nbsp;<\/p>\n<h2>2. What are cookies?<\/h2>\n<p>A cookie is a small simple file that is sent along with pages of this website and stored by your browser on the hard drive of your computer or another device. The information stored therein may be returned to our servers or to the servers of the relevant third parties during a subsequent visit.<\/p>\n<p>&nbsp;<\/p>\n<h2>3. What are scripts?<\/h2>\n<p>A script is a piece of program code that is used to make our website function properly and interactively. This code is executed on our server or on your device.<\/p>\n<p>&nbsp;<\/p>\n<h2>4. What is a web beacon?<\/h2>\n<p>A web beacon (or a pixel tag) is a small, invisible piece of text or image on a website that is used to monitor traffic on a website. In order to do this, various data about you is stored using web beacons.<\/p>\n<p>&nbsp;<\/p>\n<h2>5. Cookies<\/h2>\n<p class=\"cmplz-subtitle\">5.1 Technical or functional cookies<\/p>\n<p>Some cookies ensure that certain parts of the website work properly and that your user preferences remain known. By placing functional cookies, we make it easier for you to visit our website. This way, you do not need to repeatedly enter the same information when visiting our website and, for example, the items remain in your shopping cart until you have paid. We may place these cookies without your consent.<\/p>\n<p class=\"cmplz-subtitle\">5.2 Statistics cookies<\/p>\n<p>We use statistics cookies to optimize the website experience for our users. With these statistics cookies we get insights in the usage of our website.\u00a0We ask your permission to place statistics cookies.<\/p>\n<p class=\"cmplz-subtitle\">5.3 Marketing\/Tracking cookies<\/p>\n<p>Marketing\/Tracking cookies are cookies or any other form of local storage, used to create user profiles to display advertising or to track the user on this website or across several websites for similar marketing purposes.<\/p>\n<p class=\"cmplz-subtitle\">5.4 Social media<\/p>\n<p>On our website, we have included content from Facebook, Twitter and Instagram to promote web pages (e.g. \u201clike\u201d, \u201cpin\u201d) or share (e.g. \u201ctweet\u201d) on social networks like Facebook, Twitter and Instagram. This content is embedded with code derived from Facebook, Twitter and Instagram and places cookies. This content might store and process certain information for personalized advertising.<\/p>\n<p>Please read the privacy statement of these social networks (which can change regularly) to read what they do with your (personal) data which they process using these cookies. The data that is retrieved is anonymized as much as possible. Facebook, Twitter and Instagram are located in the United States.<\/p>\n<p>&nbsp;<\/p>\n<h2>6. Placed cookies<\/h2>\n<p>[insert info]<\/p>\n<p>&nbsp;<\/p>\n<h2>7. Consent<\/h2>\n<p>When you visit our website for the first time, we will show you a pop-up with an explanation about cookies. As soon as you click on &#8220;Save preferences&#8221;, you consent to us using the categories of cookies and plug-ins you selected in the pop-up, as described in this Cookie Policy. You can disable the use of cookies via your browser, but please note that our website may no longer work properly.<\/p>\n<p class=\"cmplz-subtitle\">7.1 Manage your consent settings<\/p>\n<p>[insert info]<\/p>\n<p>&nbsp;<\/p>\n<h2>8. Enabling\/disabling and deleting cookies<\/h2>\n<p>You can use your internet browser to automatically or manually delete cookies. You can also specify that certain cookies may not be placed. Another option is to change the settings of your internet browser so that you receive a message each time a cookie is placed. For more information about these options, please refer to the instructions in the Help section of your browser.<\/p>\n<p>Please note that our website may not work properly if all cookies are disabled. If you do delete the cookies in your browser, they will be placed again after your consent when you visit our website again.<\/p>\n<p>&nbsp;<\/p>\n<h2>9. Your rights with respect to personal data<\/h2>\n<p>You have the following rights with respect to your personal data:<\/p>\n<ul>\n<li>You have the right to know why your personal data is needed, what will happen to it, and how long it will be retained for.<\/li>\n<li>Right of access: You have the right to access your personal data that is known to us.<\/li>\n<li>Right to rectification: you have the right to supplement, correct, have deleted or blocked your personal data whenever you wish.<\/li>\n<li>If you give us your consent to process your data, you have the right to revoke that consent and to have your personal data deleted.<\/li>\n<li>Right to transfer your data: you have the right to request all your personal data from the controller and transfer it in its entirety to another controller.<\/li>\n<li>Right to object: you may object to the processing of your data. We comply with this, unless there are justified grounds for processing.<\/li>\n<\/ul>\n<p>To exercise these rights, please contact us. Please refer to the contact details at the bottom of this Cookie Policy. If you have a complaint about how we handle your data, we would like to hear from you, but you also have the right to submit a complaint to the supervisory authority (the Data Protection Authority).<\/p>\n<p>&nbsp;<\/p>\n<h2>10. Contact details<\/h2>\n<p>For questions and\/or comments about our Cookie Policy and this statement, please contact us by using the following contact details:<\/p>\n<p><span class=\"cmplz-contact-organisation\">The National Archives of Ireland<\/span><br \/>\n<span class=\"cmplz-contact-address\">National Archives<br \/>\nBishop Street,<br \/>\nDublin 8,<br \/>\nIreland<br \/>\nD08 DF85<\/span><br \/>\n<span class=\"cmplz-contact-country\">Ireland<\/span><br \/>\nWebsite:\u00a0<span class=\"cmplz-contact-domain\"><a href=\"https:\/\/www.nationalarchives.ie\/\">https:\/\/www.nationalarchives.ie<\/a><\/span><br \/>\nEmail:\u00a0<span class=\"cmplz-contact-email\"><span class=\"cmplz-obfuscate\">outreach@nationalarchives.ie\u00a0<\/span><\/span><br \/>\n<span class=\"cmplz-contact-telephone\">Phone number: + 353 (0)1 407 2300<\/span><\/p>\n\t\t\t\t<\/div>\n\t\t\t\t<div class=\"ctas\">\n\t\t\t\t\t<a class=\"primary-button color-default size-default\" href=\"https:\/\/nationalarchives.ie\/ga\/contact-us\/\" target=\"\">Contact us<svg xmlns=\"http:\/\/www.w3.org\/2000\/svg\" width=\"21\" height=\"21\" viewBox=\"0 0 21 21\" fill=\"none\"><path d=\"M8.13743 5.21478C7.812 4.88934 7.28436 4.88934 6.95892 5.21478C6.63348 5.54022 6.63348 6.06786 6.95892 6.39329L11.3697 10.804L6.95892 15.2148C6.63348 15.5402 6.63348 16.0679 6.95892 16.3933C7.28436 16.7187 7.812 16.7187 8.13743 16.3933L13.1374 11.3933C13.4629 11.0679 13.4629 10.5402 13.1374 10.2148L8.13743 5.21478Z\" fill=\"white\"\/><\/svg><\/a>\t\t\t\t\t\t\t\t\t<\/div>\n\n\t\t\t\t\n\t\t\t<\/div>\n\t\t<\/div>\n\t<\/div>    \n<\/section>","protected":false},"excerpt":{"rendered":"","protected":false},"author":12,"featured_media":0,"parent":0,"menu_order":5,"comment_status":"closed","ping_status":"closed","template":"","meta":{"_acf_changed":false,"inline_featured_image":false,"editor_notices":[],"footnotes":""},"class_list":["post-3375","page","type-page","status-publish","hentry"],"acf":[],"yoast_head":"<!-- This site is optimized with the Yoast SEO plugin v27.3 - https:\/\/yoast.com\/product\/yoast-seo-wordpress\/ -->\n<title>Cookies policy - An Chartlann N\u00e1isi\u00fanta<\/title>\n<meta name=\"robots\" content=\"index, follow, max-snippet:-1, max-image-preview:large, max-video-preview:-1\" \/>\n<link rel=\"canonical\" href=\"https:\/\/nationalarchives.ie\/ga\/cookies-policy\/\" \/>\n<meta property=\"og:locale\" content=\"en_US\" \/>\n<meta property=\"og:type\" content=\"article\" \/>\n<meta property=\"og:title\" content=\"Cookies policy - An Chartlann N\u00e1isi\u00fanta\" \/>\n<meta property=\"og:url\" content=\"https:\/\/nationalarchives.ie\/ga\/cookies-policy\/\" \/>\n<meta property=\"og:site_name\" content=\"An Chartlann N\u00e1isi\u00fanta\" \/>\n<meta property=\"article:modified_time\" content=\"2025-06-19T13:19:10+00:00\" \/>\n<meta name=\"twitter:card\" content=\"summary_large_image\" \/>\n<script type=\"application\/ld+json\" class=\"yoast-schema-graph\">{\"@context\":\"https:\\\/\\\/schema.org\",\"@graph\":[{\"@type\":\"WebPage\",\"@id\":\"https:\\\/\\\/nationalarchives.ie\\\/ga\\\/cookies-policy\\\/\",\"url\":\"https:\\\/\\\/nationalarchives.ie\\\/ga\\\/cookies-policy\\\/\",\"name\":\"Cookies policy - An Chartlann N\u00e1isi\u00fanta\",\"isPartOf\":{\"@id\":\"https:\\\/\\\/nationalarchives.ie\\\/ga\\\/#website\"},\"datePublished\":\"2025-01-16T10:23:51+00:00\",\"dateModified\":\"2025-06-19T13:19:10+00:00\",\"breadcrumb\":{\"@id\":\"https:\\\/\\\/nationalarchives.ie\\\/ga\\\/cookies-policy\\\/#breadcrumb\"},\"inLanguage\":\"en-US\",\"potentialAction\":[{\"@type\":\"ReadAction\",\"target\":[\"https:\\\/\\\/nationalarchives.ie\\\/ga\\\/cookies-policy\\\/\"]}]},{\"@type\":\"BreadcrumbList\",\"@id\":\"https:\\\/\\\/nationalarchives.ie\\\/ga\\\/cookies-policy\\\/#breadcrumb\",\"itemListElement\":[{\"@type\":\"ListItem\",\"position\":1,\"name\":\"Home\",\"item\":\"https:\\\/\\\/nationalarchives.ie\\\/ga\\\/\"},{\"@type\":\"ListItem\",\"position\":2,\"name\":\"Cookies policy\"}]},{\"@type\":\"WebSite\",\"@id\":\"https:\\\/\\\/nationalarchives.ie\\\/ga\\\/#website\",\"url\":\"https:\\\/\\\/nationalarchives.ie\\\/ga\\\/\",\"name\":\"An Chartlann N\u00e1isi\u00fanta\",\"description\":\"\",\"potentialAction\":[{\"@type\":\"SearchAction\",\"target\":{\"@type\":\"EntryPoint\",\"urlTemplate\":\"https:\\\/\\\/nationalarchives.ie\\\/ga\\\/?s={search_term_string}\"},\"query-input\":{\"@type\":\"PropertyValueSpecification\",\"valueRequired\":true,\"valueName\":\"search_term_string\"}}],\"inLanguage\":\"en-US\"}]}<\/script>\n<!-- \/ Yoast SEO plugin. -->","yoast_head_json":{"title":"Cookies policy - An Chartlann N\u00e1isi\u00fanta","robots":{"index":"index","follow":"follow","max-snippet":"max-snippet:-1","max-image-preview":"max-image-preview:large","max-video-preview":"max-video-preview:-1"},"canonical":"https:\/\/nationalarchives.ie\/ga\/cookies-policy\/","og_locale":"en_US","og_type":"article","og_title":"Cookies policy - An Chartlann N\u00e1isi\u00fanta","og_url":"https:\/\/nationalarchives.ie\/ga\/cookies-policy\/","og_site_name":"An Chartlann N\u00e1isi\u00fanta","article_modified_time":"2025-06-19T13:19:10+00:00","twitter_card":"summary_large_image","schema":{"@context":"https:\/\/schema.org","@graph":[{"@type":"WebPage","@id":"https:\/\/nationalarchives.ie\/ga\/cookies-policy\/","url":"https:\/\/nationalarchives.ie\/ga\/cookies-policy\/","name":"Cookies policy - An Chartlann N\u00e1isi\u00fanta","isPartOf":{"@id":"https:\/\/nationalarchives.ie\/ga\/#website"},"datePublished":"2025-01-16T10:23:51+00:00","dateModified":"2025-06-19T13:19:10+00:00","breadcrumb":{"@id":"https:\/\/nationalarchives.ie\/ga\/cookies-policy\/#breadcrumb"},"inLanguage":"en-US","potentialAction":[{"@type":"ReadAction","target":["https:\/\/nationalarchives.ie\/ga\/cookies-policy\/"]}]},{"@type":"BreadcrumbList","@id":"https:\/\/nationalarchives.ie\/ga\/cookies-policy\/#breadcrumb","itemListElement":[{"@type":"ListItem","position":1,"name":"Home","item":"https:\/\/nationalarchives.ie\/ga\/"},{"@type":"ListItem","position":2,"name":"Cookies policy"}]},{"@type":"WebSite","@id":"https:\/\/nationalarchives.ie\/ga\/#website","url":"https:\/\/nationalarchives.ie\/ga\/","name":"An Chartlann N\u00e1isi\u00fanta","description":"","potentialAction":[{"@type":"SearchAction","target":{"@type":"EntryPoint","urlTemplate":"https:\/\/nationalarchives.ie\/ga\/?s={search_term_string}"},"query-input":{"@type":"PropertyValueSpecification","valueRequired":true,"valueName":"search_term_string"}}],"inLanguage":"en-US"}]}},"jetpack_sharing_enabled":true,"_links":{"self":[{"href":"https:\/\/nationalarchives.ie\/ga\/wp-json\/wp\/v2\/pages\/3375","targetHints":{"allow":["GET"]}}],"collection":[{"href":"https:\/\/nationalarchives.ie\/ga\/wp-json\/wp\/v2\/pages"}],"about":[{"href":"https:\/\/nationalarchives.ie\/ga\/wp-json\/wp\/v2\/types\/page"}],"author":[{"embeddable":true,"href":"https:\/\/nationalarchives.ie\/ga\/wp-json\/wp\/v2\/users\/12"}],"replies":[{"embeddable":true,"href":"https:\/\/nationalarchives.ie\/ga\/wp-json\/wp\/v2\/comments?post=3375"}],"version-history":[{"count":7,"href":"https:\/\/nationalarchives.ie\/ga\/wp-json\/wp\/v2\/pages\/3375\/revisions"}],"predecessor-version":[{"id":5126,"href":"https:\/\/nationalarchives.ie\/ga\/wp-json\/wp\/v2\/pages\/3375\/revisions\/5126"}],"wp:attachment":[{"href":"https:\/\/nationalarchives.ie\/ga\/wp-json\/wp\/v2\/media?parent=3375"}],"curies":[{"name":"wp","href":"https:\/\/api.w.org\/{rel}","templated":true}]}}