{"id":3954,"date":"2025-01-23T17:03:00","date_gmt":"2025-01-23T17:03:00","guid":{"rendered":"https:\/\/national-archives.go-vip.net\/?page_id=3954"},"modified":"2025-06-19T14:23:35","modified_gmt":"2025-06-19T14:23:35","slug":"poor-law-records","status":"publish","type":"page","link":"https:\/\/nationalarchives.ie\/ga\/help-with-research\/research-guides\/poor-law-records\/","title":{"rendered":"Poor Law Records"},"content":{"rendered":"\n\n<section id=\"block-block_5268652eb7e03a644ceb9db67c71f2d4\" class=\"landing-page-header-block title-width-default block-color-green block-row-02-type-share block-row-02-share-position-bottom intro-full-width\" data-style=\"style-11\">    \n\n\t<div class=\"header \">\n\n\t\t\t\t\n<div class=\"translation-notice\">\n        <div class=\"inner container\">\n            <p><strong>Cuirfear aistri\u00fach\u00e1n ar f\u00e1il go luath<\/strong><\/p>\n            <p>\u00c1r leithsc\u00e9al as an m\u00edchaoithi\u00falacht. Cuirfear aistri\u00fach\u00e1n Gaeilge ar an leathanach seo ar f\u00e1il go luath. Go raibh maith agat as do chuid foighneachta agus muid ag obair ar leagan uasd\u00e1taithe.<\/p>\n        <\/div>\n    <\/div>\n\n\n\t\t\n\t\t<div class=\"container\">\n\t\t\t<div class=\"intro\">\n\t\t\t\t<h1 class=\"heading-0\">Poor Law Records<\/h1>\n\t\t\t\t\n\t\t\t<\/div>\n\t\t\t\n\t\t\t<!-- mobile -->\n\t\t\t\n\t\t\t\n\t\t<\/div>\n\n\t\t\t\t\t<div class=\"header-row-02\">\n\t\t\t\t<div class=\"container\">\n\t\t\t\t\t\t\t\t\t\t\t<div class=\"share\">\n\t\t\t\t\t\t\t<button class=\"share-button pulse fade-in\" data-js=\"share-button\">SHARE<\/button>\n\t\t\t\t\t\t<\/div>\n\t\t\t\t\t\t\t\t\t\t<div class=\"text h3\"><p>The Poor Law was an attempt to address the widespread poverty in early 19th century Ireland by providing institutional relief for the destitute. The workhouse records held by the National Archives are a rich resource for understanding the operation of this system and the lives of those who were affected by it.<\/p>\n<\/div>\t\t\t\t<\/div>\n\t\t\t<\/div>\n\t\t\t\t\n\t<\/div>\n\n\t\n<\/section>\n\n\t<span class=\"notification-top\" data-js=\"share-copied\">URL copied to clipboard<\/span>\n\n\n<section id=\"block-block_dd7b6e6d41cc80e5d60de09590b734a9\" class=\"content-tile-block nai-block margin-top-small margin-bottom-default image_right text-regular text-black bg-white no-border-top smaller-heading\" data-layout=\"layout-1-2\">        \n\t\t<div class=\"container\">\n\t\t\t\t<div class=\"content\">\n\t\t\t<div class=\"image\" data-image=\"cover\">\n\t\t\t\t\t\t\t\t\t\t\t\t\t\t\t\t\t\t\t\t\t\t\t\t\t\t\t\t<\/div>\n\t\t\t<div class=\"text\">\n\t\t\t\t<div class=\"text-content cms-content\">\n\t\t\t\t\t\t\t\t\t\t<p>The Irish Poor Law Act of 1838, modelled after the English Act of 1834, initially divided Ireland into 130 poor law unions, each centred around a workhouse. These unions were managed by a board of poor law guardians, comprising both elected members and appointed local magistrates.<\/p>\n<p>Originally, the system was designed to support 1% of the population (approximately 80,000 people). However, by March 1851, the famine had forced nearly 4% of the population into workhouses.<\/p>\n<p>Throughout the 19th century, poor law unions took on additional responsibilities, particularly in health, housing and sanitation.<\/p>\n<p>The Local Government Act of 1898 transferred some of these functions to newly established rural district councils, but poor law unions continued to provide poor relief.<\/p>\n<p>In the early 1920s, most poor law unions in southern Ireland (excluding Dublin) were abolished, and workhouses were closed to cut costs. Some workhouses were destroyed during the War of Independence and Civil War, while others were repurposed as county homes or district hospitals.<\/p>\n<h2>North Dublin Union (BG\/78) and South Dublin Union (BG\/79)<\/h2>\n<p>The North and South Dublin Unions were two divisions responsible for the administration of poor relief in their respective areas.<\/p>\n<p>The National Archives has minute books and indoor registers relating to both the North and South Dublin Unions from the 1840s.<\/p>\n<p>Following the amalgamation of the North and South Dublin Unions in 1918, the minute books were united into one series, which runs to July 1943.<\/p>\n<p>A fairly complete run of Dublin Union minute books from 1921 to 1943 is available. Currently, access to the post-1918 series of minute books requires the reader to apply in writing and outline the nature of their research. If conducting research on behalf of a living person mentioned in the records, a letter of authorisation is required. Additionally, the reader must sign a form undertaking to respect the confidentiality of the records.<\/p>\n<h2>Rathdown Union Poor Law Union (BG\/137)<\/h2>\n<p>The records of Rathdown Union comprise one of the largest and most representative collections of poor law union records to survive in the country. The minutes run from 1839 \u2013 1943 while the outward letter books run from 1875 \u2013 1936 (with some gaps). Indoor relief registers run from 1841 \u2013 1955.<\/p>\n<p>The records include a wide range of twentieth-century operational records relating to finance and relief. The collection also includes a wide variety of records relating to Rathdown No. 1 Rural District Council and some adjoining authorities.<\/p>\n<h2>How to access Rathdown Union records<\/h2>\n<ol>\n<li data-gc-list-depth=\"1\" data-gc-list-style=\"ordered\">Minute books: These are detailed records of the meetings and decisions made by the boards of guardians for various poor law unions.\n<ul>\n<li data-gc-list-depth=\"2\" data-gc-list-style=\"bullet\">Rathdown: BG137<\/li>\n<li data-gc-list-depth=\"2\" data-gc-list-style=\"bullet\">North Dublin Union: BG78<\/li>\n<li data-gc-list-depth=\"2\" data-gc-list-style=\"bullet\">South Dublin Union: BG79<\/li>\n<\/ul>\n<\/li>\n<\/ol>\n<p>Please note: The finding aids for these collections are available in the Reading Room. This material is available on microfilm and can be viewed onsite on the same day (MFGS 49\/1 &#8211; 130).<\/p>\n<ol start=\"2\">\n<li data-gc-list-depth=\"1\" data-gc-list-style=\"ordered\">Registers of admission and discharge: These records document individuals admitted to and discharged from the workhouses.\n<ul>\n<li data-gc-list-depth=\"2\" data-gc-list-style=\"bullet\">Rathdown: 1841-1920<\/li>\n<li data-gc-list-depth=\"2\" data-gc-list-style=\"bullet\">North Dublin Union: 1840-1918<\/li>\n<li data-gc-list-depth=\"2\" data-gc-list-style=\"bullet\">South Dublin Union: 1840-1918<\/li>\n<\/ul>\n<\/li>\n<\/ol>\n<p>Please note: The finding aids for these collections are available in the Reading Room. This material is available on microfilm and can be viewed onsite on the same day (MFGS 52\/1 &#8211; 71) .<\/p>\n<ol start=\"3\">\n<li data-gc-list-depth=\"1\" data-gc-list-style=\"ordered\">Smaller collections: The National Archives also holds smaller collections for:<\/li>\n<\/ol>\n<ul>\n<li data-gc-list-depth=\"1\" data-gc-list-style=\"bullet\">Balrothery Union, County Dublin<\/li>\n<li data-gc-list-depth=\"1\" data-gc-list-style=\"bullet\">Bawnboy Union (part of County Cavan)<\/li>\n<li data-gc-list-depth=\"1\" data-gc-list-style=\"bullet\">Dromore West Union (part of County Sligo)<\/li>\n<\/ul>\n<p>This material is available on microfilm and can be viewed onsite on the same day (MFGS 49\/1 &#8211; 130). These collections, while smaller, offer valuable insights into the local administration of poor relief.<\/p>\n<h3>Additional records<\/h3>\n<p>Orders and correspondence: The archives include orders made by the poor law commissioners and the local government board from 1839 to 1921. These documents provide context on the regulatory framework and the directives issued to the poor law unions.<\/p>\n<p>D\u00e1il \u00c9ireann Department of Local Government Files: Covering the period from 1919 to 1923, these files offer insights into the transition period and the changes in local government and poor relief administration during the early years of the Irish Free State.<\/p>\n<p>These records are invaluable for researchers studying social history, genealogy, and the impact of the poor law system on Irish society.<\/p>\n\t\t\t\t<\/div>\n\t\t\t\t<div class=\"ctas\">\n\t\t\t\t\t<a class=\"primary-button color-default size-default\" href=\"https:\/\/nationalarchives.ie\/ga\/help-with-research\/research-guides\/microfilm-collections\/\" target=\"_blank\">Explore our guide to the Microfilm collections<svg xmlns=\"http:\/\/www.w3.org\/2000\/svg\" width=\"21\" height=\"21\" viewBox=\"0 0 21 21\" fill=\"none\"><path d=\"M8.13743 5.21478C7.812 4.88934 7.28436 4.88934 6.95892 5.21478C6.63348 5.54022 6.63348 6.06786 6.95892 6.39329L11.3697 10.804L6.95892 15.2148C6.63348 15.5402 6.63348 16.0679 6.95892 16.3933C7.28436 16.7187 7.812 16.7187 8.13743 16.3933L13.1374 11.3933C13.4629 11.0679 13.4629 10.5402 13.1374 10.2148L8.13743 5.21478Z\" fill=\"white\"\/><\/svg><\/a>\t\t\t\t\t\t\t\t\t<\/div>\n\n\t\t\t\t\n\t\t\t<\/div>\n\t\t<\/div>\n\t<\/div>    \n<\/section>\n\n<section id=\"block-block_6f564ee0b43dbfdd4923b9cfffdaa44b\" class=\"cards-row-block nai-block margin-top-default margin-bottom-default numbers-columns-3 images-ratio-landscape\">\n    <div class=\"container\">          \n            <header class=\"section-header-component text-content\">\n        <div class=\"header-content\">                \n            <h2 class=\"h2\">Related content<\/h2>            \n                                                <\/div>\n    <\/header>     \n            <section class=\"cards\">\n                                    <article class=\"card-component fade-in\">\n                        <a href=\"https:\/\/nationalarchives.ie\/ga\/guides-to-collections\/famine-records-distress-papers-and-the-relief-commission\/\" title=\"Famine Records: Distress Papers and the Relief Commission\">\n                                                                                                                \n                            <div class=\"intro no-pb\">\n                                                                <h3 class=\"\">Famine Records: Distress Papers and the Relief Commission<\/h3>                                                    \n                                                            <\/div>\n                        <\/a>\n                    <\/article>\n                                    <article class=\"card-component fade-in\">\n                        <a href=\"https:\/\/nationalarchives.ie\/ga\/collections\/sources-for-womens-history\/\" title=\"Sources for Women's History\">\n                                                                                                                \n                            <div class=\"intro no-pb\">\n                                                                <h3 class=\"\">Sources for Women&#039;s History<\/h3>                                                    \n                                                            <\/div>\n                        <\/a>\n                    <\/article>\n                                    <article class=\"card-component fade-in\">\n                        <a href=\"https:\/\/nationalarchives.ie\/ga\/help-with-research\/research-guides\/the-rebellion-papers\/\" title=\"The Rebellion Papers\">\n                                                                                                                \n                            <div class=\"intro no-pb\">\n                                                                <h3 class=\"\">The Rebellion Papers<\/h3>                                                    \n                                                            <\/div>\n                        <\/a>\n                    <\/article>\n                            <\/section>\n        \n    <\/div>\n<\/section>","protected":false},"excerpt":{"rendered":"","protected":false},"author":12,"featured_media":0,"parent":2918,"menu_order":2,"comment_status":"closed","ping_status":"closed","template":"","meta":{"_acf_changed":false,"inline_featured_image":false,"editor_notices":[],"footnotes":""},"class_list":["post-3954","page","type-page","status-publish","hentry"],"acf":[],"yoast_head":"<!-- This site is optimized with the Yoast SEO plugin v27.3 - https:\/\/yoast.com\/product\/yoast-seo-wordpress\/ -->\n<title>Poor Law Records - An Chartlann N\u00e1isi\u00fanta<\/title>\n<meta name=\"robots\" content=\"index, follow, max-snippet:-1, max-image-preview:large, max-video-preview:-1\" \/>\n<link rel=\"canonical\" href=\"https:\/\/nationalarchives.ie\/ga\/help-with-research\/research-guides\/poor-law-records\/\" \/>\n<meta property=\"og:locale\" content=\"en_US\" \/>\n<meta property=\"og:type\" content=\"article\" \/>\n<meta property=\"og:title\" content=\"Poor Law Records - An Chartlann N\u00e1isi\u00fanta\" \/>\n<meta property=\"og:url\" content=\"https:\/\/nationalarchives.ie\/ga\/help-with-research\/research-guides\/poor-law-records\/\" \/>\n<meta property=\"og:site_name\" content=\"An Chartlann N\u00e1isi\u00fanta\" \/>\n<meta property=\"article:modified_time\" content=\"2025-06-19T14:23:35+00:00\" \/>\n<meta name=\"twitter:card\" content=\"summary_large_image\" \/>\n<script type=\"application\/ld+json\" class=\"yoast-schema-graph\">{\"@context\":\"https:\\\/\\\/schema.org\",\"@graph\":[{\"@type\":\"WebPage\",\"@id\":\"https:\\\/\\\/nationalarchives.ie\\\/ga\\\/help-with-research\\\/research-guides\\\/poor-law-records\\\/\",\"url\":\"https:\\\/\\\/nationalarchives.ie\\\/ga\\\/help-with-research\\\/research-guides\\\/poor-law-records\\\/\",\"name\":\"Poor Law Records - An Chartlann N\u00e1isi\u00fanta\",\"isPartOf\":{\"@id\":\"https:\\\/\\\/nationalarchives.ie\\\/ga\\\/#website\"},\"datePublished\":\"2025-01-23T17:03:00+00:00\",\"dateModified\":\"2025-06-19T14:23:35+00:00\",\"breadcrumb\":{\"@id\":\"https:\\\/\\\/nationalarchives.ie\\\/ga\\\/help-with-research\\\/research-guides\\\/poor-law-records\\\/#breadcrumb\"},\"inLanguage\":\"en-US\",\"potentialAction\":[{\"@type\":\"ReadAction\",\"target\":[\"https:\\\/\\\/nationalarchives.ie\\\/ga\\\/help-with-research\\\/research-guides\\\/poor-law-records\\\/\"]}]},{\"@type\":\"BreadcrumbList\",\"@id\":\"https:\\\/\\\/nationalarchives.ie\\\/ga\\\/help-with-research\\\/research-guides\\\/poor-law-records\\\/#breadcrumb\",\"itemListElement\":[{\"@type\":\"ListItem\",\"position\":1,\"name\":\"Home\",\"item\":\"https:\\\/\\\/nationalarchives.ie\\\/ga\\\/\"},{\"@type\":\"ListItem\",\"position\":2,\"name\":\"Cabhair le taighde\",\"item\":\"https:\\\/\\\/nationalarchives.ie\\\/ga\\\/help-with-research\\\/\"},{\"@type\":\"ListItem\",\"position\":3,\"name\":\"Treoracha baili\u00fach\u00e1in\",\"item\":\"https:\\\/\\\/nationalarchives.ie\\\/ga\\\/help-with-research\\\/research-guides\\\/\"},{\"@type\":\"ListItem\",\"position\":4,\"name\":\"Poor Law Records\"}]},{\"@type\":\"WebSite\",\"@id\":\"https:\\\/\\\/nationalarchives.ie\\\/ga\\\/#website\",\"url\":\"https:\\\/\\\/nationalarchives.ie\\\/ga\\\/\",\"name\":\"An Chartlann N\u00e1isi\u00fanta\",\"description\":\"\",\"potentialAction\":[{\"@type\":\"SearchAction\",\"target\":{\"@type\":\"EntryPoint\",\"urlTemplate\":\"https:\\\/\\\/nationalarchives.ie\\\/ga\\\/?s={search_term_string}\"},\"query-input\":{\"@type\":\"PropertyValueSpecification\",\"valueRequired\":true,\"valueName\":\"search_term_string\"}}],\"inLanguage\":\"en-US\"}]}<\/script>\n<!-- \/ Yoast SEO plugin. -->","yoast_head_json":{"title":"Poor Law Records - An Chartlann N\u00e1isi\u00fanta","robots":{"index":"index","follow":"follow","max-snippet":"max-snippet:-1","max-image-preview":"max-image-preview:large","max-video-preview":"max-video-preview:-1"},"canonical":"https:\/\/nationalarchives.ie\/ga\/help-with-research\/research-guides\/poor-law-records\/","og_locale":"en_US","og_type":"article","og_title":"Poor Law Records - An Chartlann N\u00e1isi\u00fanta","og_url":"https:\/\/nationalarchives.ie\/ga\/help-with-research\/research-guides\/poor-law-records\/","og_site_name":"An Chartlann N\u00e1isi\u00fanta","article_modified_time":"2025-06-19T14:23:35+00:00","twitter_card":"summary_large_image","schema":{"@context":"https:\/\/schema.org","@graph":[{"@type":"WebPage","@id":"https:\/\/nationalarchives.ie\/ga\/help-with-research\/research-guides\/poor-law-records\/","url":"https:\/\/nationalarchives.ie\/ga\/help-with-research\/research-guides\/poor-law-records\/","name":"Poor Law Records - An Chartlann N\u00e1isi\u00fanta","isPartOf":{"@id":"https:\/\/nationalarchives.ie\/ga\/#website"},"datePublished":"2025-01-23T17:03:00+00:00","dateModified":"2025-06-19T14:23:35+00:00","breadcrumb":{"@id":"https:\/\/nationalarchives.ie\/ga\/help-with-research\/research-guides\/poor-law-records\/#breadcrumb"},"inLanguage":"en-US","potentialAction":[{"@type":"ReadAction","target":["https:\/\/nationalarchives.ie\/ga\/help-with-research\/research-guides\/poor-law-records\/"]}]},{"@type":"BreadcrumbList","@id":"https:\/\/nationalarchives.ie\/ga\/help-with-research\/research-guides\/poor-law-records\/#breadcrumb","itemListElement":[{"@type":"ListItem","position":1,"name":"Home","item":"https:\/\/nationalarchives.ie\/ga\/"},{"@type":"ListItem","position":2,"name":"Cabhair le taighde","item":"https:\/\/nationalarchives.ie\/ga\/help-with-research\/"},{"@type":"ListItem","position":3,"name":"Treoracha baili\u00fach\u00e1in","item":"https:\/\/nationalarchives.ie\/ga\/help-with-research\/research-guides\/"},{"@type":"ListItem","position":4,"name":"Poor Law Records"}]},{"@type":"WebSite","@id":"https:\/\/nationalarchives.ie\/ga\/#website","url":"https:\/\/nationalarchives.ie\/ga\/","name":"An Chartlann N\u00e1isi\u00fanta","description":"","potentialAction":[{"@type":"SearchAction","target":{"@type":"EntryPoint","urlTemplate":"https:\/\/nationalarchives.ie\/ga\/?s={search_term_string}"},"query-input":{"@type":"PropertyValueSpecification","valueRequired":true,"valueName":"search_term_string"}}],"inLanguage":"en-US"}]}},"jetpack_sharing_enabled":true,"_links":{"self":[{"href":"https:\/\/nationalarchives.ie\/ga\/wp-json\/wp\/v2\/pages\/3954","targetHints":{"allow":["GET"]}}],"collection":[{"href":"https:\/\/nationalarchives.ie\/ga\/wp-json\/wp\/v2\/pages"}],"about":[{"href":"https:\/\/nationalarchives.ie\/ga\/wp-json\/wp\/v2\/types\/page"}],"author":[{"embeddable":true,"href":"https:\/\/nationalarchives.ie\/ga\/wp-json\/wp\/v2\/users\/12"}],"replies":[{"embeddable":true,"href":"https:\/\/nationalarchives.ie\/ga\/wp-json\/wp\/v2\/comments?post=3954"}],"version-history":[{"count":6,"href":"https:\/\/nationalarchives.ie\/ga\/wp-json\/wp\/v2\/pages\/3954\/revisions"}],"predecessor-version":[{"id":5190,"href":"https:\/\/nationalarchives.ie\/ga\/wp-json\/wp\/v2\/pages\/3954\/revisions\/5190"}],"up":[{"embeddable":true,"href":"https:\/\/nationalarchives.ie\/ga\/wp-json\/wp\/v2\/pages\/2918"}],"wp:attachment":[{"href":"https:\/\/nationalarchives.ie\/ga\/wp-json\/wp\/v2\/media?parent=3954"}],"curies":[{"name":"wp","href":"https:\/\/api.w.org\/{rel}","templated":true}]}}