{"id":5637,"date":"2026-02-27T13:30:07","date_gmt":"2026-02-27T13:30:07","guid":{"rendered":"https:\/\/nationalarchives.ie\/ga\/the-committee-on-evil-literature-a-student-curated-glimpse\/"},"modified":"2026-02-27T13:30:06","modified_gmt":"2026-02-27T13:30:06","slug":"the-committee-on-evil-literature-a-student-curated-glimpse","status":"publish","type":"page","link":"https:\/\/nationalarchives.ie\/ga\/the-committee-on-evil-literature-a-student-curated-glimpse\/","title":{"rendered":"The Committee on Evil Literature: A student\u2011curated glimpse."},"content":{"rendered":"\n\n<section id=\"block-block_7e2884edf864fc59fba405dfe4166eac\" class=\"landing-page-header-block title-width-default block-color-gold block-row-02-type-share block-row-02-share-position-top intro-full-width\" data-style=\"style-01\">    \n\n\t<div class=\"header \">\n\n\t\t\t\t\n<div class=\"translation-notice\">\n        <div class=\"inner container\">\n            <p><strong>Cuirfear aistri\u00fach\u00e1n ar f\u00e1il go luath<\/strong><\/p>\n            <p>\u00c1r leithsc\u00e9al as an m\u00edchaoithi\u00falacht. Cuirfear aistri\u00fach\u00e1n Gaeilge ar an leathanach seo ar f\u00e1il go luath. Go raibh maith agat as do chuid foighneachta agus muid ag obair ar leagan uasd\u00e1taithe.<\/p>\n        <\/div>\n    <\/div>\n\n\n\t\t\n\t\t<div class=\"container\">\n\t\t\t<div class=\"intro\">\n\t\t\t\t<h1 class=\"heading-0\">The Committee on Evil Literature: A student curated glimpse.<\/h1>\n\t\t\t\t\n\t\t\t<\/div>\n\t\t\t\n\t\t\t<!-- mobile -->\n\t\t\t\n\t\t\t\n\t\t<\/div>\n\n\t\t\t\t\t<div class=\"header-row-02\">\n\t\t\t\t<div class=\"container\">\n\t\t\t\t\t\t\t\t\t\t\t<div class=\"share\">\n\t\t\t\t\t\t\t<button class=\"share-button pulse fade-in\" data-js=\"share-button\">SHARE<\/button>\n\t\t\t\t\t\t<\/div>\n\t\t\t\t\t\t\t\t\t\t\t\t\t\t<\/div>\n\t\t\t<\/div>\n\t\t\t\t\n\t<\/div>\n\n\t\n<\/section>\n\n\t<span class=\"notification-top\" data-js=\"share-copied\">URL copied to clipboard<\/span>","protected":false},"excerpt":{"rendered":"","protected":false},"author":14,"featured_media":0,"parent":0,"menu_order":0,"comment_status":"closed","ping_status":"closed","template":"","meta":{"_acf_changed":false,"inline_featured_image":false,"editor_notices":[],"footnotes":""},"class_list":["post-5637","page","type-page","status-publish","hentry"],"acf":[],"yoast_head":"<!-- This site is optimized with the Yoast SEO plugin v27.3 - https:\/\/yoast.com\/product\/yoast-seo-wordpress\/ -->\n<title>The Committee on Evil Literature: A student\u2011curated glimpse. - An Chartlann N\u00e1isi\u00fanta<\/title>\n<meta name=\"robots\" content=\"index, follow, max-snippet:-1, max-image-preview:large, max-video-preview:-1\" \/>\n<link rel=\"canonical\" href=\"https:\/\/nationalarchives.ie\/ga\/the-committee-on-evil-literature-a-student-curated-glimpse\/\" \/>\n<meta property=\"og:locale\" content=\"en_US\" \/>\n<meta property=\"og:type\" content=\"article\" \/>\n<meta property=\"og:title\" content=\"The Committee on Evil Literature: A student\u2011curated glimpse. - An Chartlann N\u00e1isi\u00fanta\" \/>\n<meta property=\"og:url\" content=\"https:\/\/nationalarchives.ie\/ga\/the-committee-on-evil-literature-a-student-curated-glimpse\/\" \/>\n<meta property=\"og:site_name\" content=\"An Chartlann N\u00e1isi\u00fanta\" \/>\n<meta name=\"twitter:card\" content=\"summary_large_image\" \/>\n<script type=\"application\/ld+json\" class=\"yoast-schema-graph\">{\"@context\":\"https:\\\/\\\/schema.org\",\"@graph\":[{\"@type\":\"WebPage\",\"@id\":\"https:\\\/\\\/nationalarchives.ie\\\/ga\\\/the-committee-on-evil-literature-a-student-curated-glimpse\\\/\",\"url\":\"https:\\\/\\\/nationalarchives.ie\\\/ga\\\/the-committee-on-evil-literature-a-student-curated-glimpse\\\/\",\"name\":\"The Committee on Evil Literature: A student\u2011curated glimpse. - An Chartlann N\u00e1isi\u00fanta\",\"isPartOf\":{\"@id\":\"https:\\\/\\\/nationalarchives.ie\\\/ga\\\/#website\"},\"datePublished\":\"2026-02-27T13:30:07+00:00\",\"breadcrumb\":{\"@id\":\"https:\\\/\\\/nationalarchives.ie\\\/ga\\\/the-committee-on-evil-literature-a-student-curated-glimpse\\\/#breadcrumb\"},\"inLanguage\":\"en-US\",\"potentialAction\":[{\"@type\":\"ReadAction\",\"target\":[\"https:\\\/\\\/nationalarchives.ie\\\/ga\\\/the-committee-on-evil-literature-a-student-curated-glimpse\\\/\"]}]},{\"@type\":\"BreadcrumbList\",\"@id\":\"https:\\\/\\\/nationalarchives.ie\\\/ga\\\/the-committee-on-evil-literature-a-student-curated-glimpse\\\/#breadcrumb\",\"itemListElement\":[{\"@type\":\"ListItem\",\"position\":1,\"name\":\"Home\",\"item\":\"https:\\\/\\\/nationalarchives.ie\\\/ga\\\/\"},{\"@type\":\"ListItem\",\"position\":2,\"name\":\"The Committee on Evil Literature: A student\u2011curated glimpse.\"}]},{\"@type\":\"WebSite\",\"@id\":\"https:\\\/\\\/nationalarchives.ie\\\/ga\\\/#website\",\"url\":\"https:\\\/\\\/nationalarchives.ie\\\/ga\\\/\",\"name\":\"An Chartlann N\u00e1isi\u00fanta\",\"description\":\"\",\"potentialAction\":[{\"@type\":\"SearchAction\",\"target\":{\"@type\":\"EntryPoint\",\"urlTemplate\":\"https:\\\/\\\/nationalarchives.ie\\\/ga\\\/?s={search_term_string}\"},\"query-input\":{\"@type\":\"PropertyValueSpecification\",\"valueRequired\":true,\"valueName\":\"search_term_string\"}}],\"inLanguage\":\"en-US\"}]}<\/script>\n<!-- \/ Yoast SEO plugin. -->","yoast_head_json":{"title":"The Committee on Evil Literature: A student\u2011curated glimpse. - An Chartlann N\u00e1isi\u00fanta","robots":{"index":"index","follow":"follow","max-snippet":"max-snippet:-1","max-image-preview":"max-image-preview:large","max-video-preview":"max-video-preview:-1"},"canonical":"https:\/\/nationalarchives.ie\/ga\/the-committee-on-evil-literature-a-student-curated-glimpse\/","og_locale":"en_US","og_type":"article","og_title":"The Committee on Evil Literature: A student\u2011curated glimpse. - An Chartlann N\u00e1isi\u00fanta","og_url":"https:\/\/nationalarchives.ie\/ga\/the-committee-on-evil-literature-a-student-curated-glimpse\/","og_site_name":"An Chartlann N\u00e1isi\u00fanta","twitter_card":"summary_large_image","schema":{"@context":"https:\/\/schema.org","@graph":[{"@type":"WebPage","@id":"https:\/\/nationalarchives.ie\/ga\/the-committee-on-evil-literature-a-student-curated-glimpse\/","url":"https:\/\/nationalarchives.ie\/ga\/the-committee-on-evil-literature-a-student-curated-glimpse\/","name":"The Committee on Evil Literature: A student\u2011curated glimpse. - An Chartlann N\u00e1isi\u00fanta","isPartOf":{"@id":"https:\/\/nationalarchives.ie\/ga\/#website"},"datePublished":"2026-02-27T13:30:07+00:00","breadcrumb":{"@id":"https:\/\/nationalarchives.ie\/ga\/the-committee-on-evil-literature-a-student-curated-glimpse\/#breadcrumb"},"inLanguage":"en-US","potentialAction":[{"@type":"ReadAction","target":["https:\/\/nationalarchives.ie\/ga\/the-committee-on-evil-literature-a-student-curated-glimpse\/"]}]},{"@type":"BreadcrumbList","@id":"https:\/\/nationalarchives.ie\/ga\/the-committee-on-evil-literature-a-student-curated-glimpse\/#breadcrumb","itemListElement":[{"@type":"ListItem","position":1,"name":"Home","item":"https:\/\/nationalarchives.ie\/ga\/"},{"@type":"ListItem","position":2,"name":"The Committee on Evil Literature: A student\u2011curated glimpse."}]},{"@type":"WebSite","@id":"https:\/\/nationalarchives.ie\/ga\/#website","url":"https:\/\/nationalarchives.ie\/ga\/","name":"An Chartlann N\u00e1isi\u00fanta","description":"","potentialAction":[{"@type":"SearchAction","target":{"@type":"EntryPoint","urlTemplate":"https:\/\/nationalarchives.ie\/ga\/?s={search_term_string}"},"query-input":{"@type":"PropertyValueSpecification","valueRequired":true,"valueName":"search_term_string"}}],"inLanguage":"en-US"}]}},"jetpack_sharing_enabled":true,"_links":{"self":[{"href":"https:\/\/nationalarchives.ie\/ga\/wp-json\/wp\/v2\/pages\/5637","targetHints":{"allow":["GET"]}}],"collection":[{"href":"https:\/\/nationalarchives.ie\/ga\/wp-json\/wp\/v2\/pages"}],"about":[{"href":"https:\/\/nationalarchives.ie\/ga\/wp-json\/wp\/v2\/types\/page"}],"author":[{"embeddable":true,"href":"https:\/\/nationalarchives.ie\/ga\/wp-json\/wp\/v2\/users\/14"}],"replies":[{"embeddable":true,"href":"https:\/\/nationalarchives.ie\/ga\/wp-json\/wp\/v2\/comments?post=5637"}],"version-history":[{"count":1,"href":"https:\/\/nationalarchives.ie\/ga\/wp-json\/wp\/v2\/pages\/5637\/revisions"}],"predecessor-version":[{"id":5638,"href":"https:\/\/nationalarchives.ie\/ga\/wp-json\/wp\/v2\/pages\/5637\/revisions\/5638"}],"wp:attachment":[{"href":"https:\/\/nationalarchives.ie\/ga\/wp-json\/wp\/v2\/media?parent=5637"}],"curies":[{"name":"wp","href":"https:\/\/api.w.org\/{rel}","templated":true}]}}