{"id":783,"date":"2024-11-21T09:29:41","date_gmt":"2024-11-21T09:29:41","guid":{"rendered":"https:\/\/national-archives.go-vip.net\/?page_id=783"},"modified":"2025-11-04T17:46:21","modified_gmt":"2025-11-04T17:46:21","slug":"national-centre-for-research-and-remembrance-ncrr","status":"publish","type":"page","link":"https:\/\/nationalarchives.ie\/ga\/about\/national-centre-for-research-and-remembrance-ncrr\/","title":{"rendered":"Ionad N\u00e1isi\u00fanta Taighde agus Cuimhneach\u00e1in"},"content":{"rendered":"\n\n<section id=\"block-block_77ec7ee625fc99e1dc85c87f6f0124ef\" class=\"landing-page-header-block title-width-default block-color-muted-gold block-row-02-type-share block-row-02-share-position-bottom\" data-style=\"style-11\">    \n\n\t<div class=\"header row1-media\">\n\n\t\t\t\t\n<div class=\"translation-notice\">\n        <div class=\"inner container\">\n            <p><strong>Cuirfear aistri\u00fach\u00e1n ar f\u00e1il go luath<\/strong><\/p>\n            <p>\u00c1r leithsc\u00e9al as an m\u00edchaoithi\u00falacht. Cuirfear aistri\u00fach\u00e1n Gaeilge ar an leathanach seo ar f\u00e1il go luath. Go raibh maith agat as do chuid foighneachta agus muid ag obair ar leagan uasd\u00e1taithe.<\/p>\n        <\/div>\n    <\/div>\n\n\n\t\t\n\t\t<div class=\"container\">\n\t\t\t<div class=\"intro\">\n\t\t\t\t<h1 class=\"heading-0\">Ionad N\u00e1isi\u00fanta Taighde agus Cuimhneach\u00e1in <\/h1>\n\t\t\t\t\n\t\t\t\t\t<div class='media-wrap'><img loading=\"lazy\" decoding=\"async\" width=\"600\" height=\"400\" src=\"https:\/\/nationalarchives.ie\/ga\/wp-content\/uploads\/sites\/5\/2025\/01\/NLA0724WK060.jpg?w=600\" class=\"mobile\" alt=\"\" data-js=\"img-loader\" srcset=\"https:\/\/nationalarchives.ie\/ga\/wp-content\/uploads\/sites\/5\/2025\/01\/NLA0724WK060.jpg 6600w, https:\/\/nationalarchives.ie\/ga\/wp-content\/uploads\/sites\/5\/2025\/01\/NLA0724WK060.jpg?resize=300,200 300w, https:\/\/nationalarchives.ie\/ga\/wp-content\/uploads\/sites\/5\/2025\/01\/NLA0724WK060.jpg?resize=768,512 768w, https:\/\/nationalarchives.ie\/ga\/wp-content\/uploads\/sites\/5\/2025\/01\/NLA0724WK060.jpg?resize=1024,683 1024w, https:\/\/nationalarchives.ie\/ga\/wp-content\/uploads\/sites\/5\/2025\/01\/NLA0724WK060.jpg?resize=1536,1024 1536w, https:\/\/nationalarchives.ie\/ga\/wp-content\/uploads\/sites\/5\/2025\/01\/NLA0724WK060.jpg?resize=2048,1365 2048w, https:\/\/nationalarchives.ie\/ga\/wp-content\/uploads\/sites\/5\/2025\/01\/NLA0724WK060.jpg?resize=600,400 600w\" sizes=\"auto, (max-width: 600px) 100vw, 600px\" \/><\/div>\n\t\t\t\t\t\n\t\t\t\t\t\t\t\t\t\t\t<div class=\"share\">\n\t\t\t\t\t\t\t<button class=\"share-button pulse fade-in\" data-js=\"share-button\">SHARE<\/button>\n\t\t\t\t\t\t<\/div>\n\t\t\t\t\t\n\t\t\t\t\n\t\t\t<\/div>\n\t\t\t\n\t\t\t<!-- mobile -->\n\t\t\t\n\t\t\t<div class='media-wrap'><img loading=\"lazy\" decoding=\"async\" width=\"600\" height=\"400\" src=\"https:\/\/nationalarchives.ie\/ga\/wp-content\/uploads\/sites\/5\/2025\/01\/NLA0724WK060.jpg?w=600\" class=\"mobile\" alt=\"\" data-js=\"img-loader\" srcset=\"https:\/\/nationalarchives.ie\/ga\/wp-content\/uploads\/sites\/5\/2025\/01\/NLA0724WK060.jpg 6600w, https:\/\/nationalarchives.ie\/ga\/wp-content\/uploads\/sites\/5\/2025\/01\/NLA0724WK060.jpg?resize=300,200 300w, https:\/\/nationalarchives.ie\/ga\/wp-content\/uploads\/sites\/5\/2025\/01\/NLA0724WK060.jpg?resize=768,512 768w, https:\/\/nationalarchives.ie\/ga\/wp-content\/uploads\/sites\/5\/2025\/01\/NLA0724WK060.jpg?resize=1024,683 1024w, https:\/\/nationalarchives.ie\/ga\/wp-content\/uploads\/sites\/5\/2025\/01\/NLA0724WK060.jpg?resize=1536,1024 1536w, https:\/\/nationalarchives.ie\/ga\/wp-content\/uploads\/sites\/5\/2025\/01\/NLA0724WK060.jpg?resize=2048,1365 2048w, https:\/\/nationalarchives.ie\/ga\/wp-content\/uploads\/sites\/5\/2025\/01\/NLA0724WK060.jpg?resize=600,400 600w\" sizes=\"auto, (max-width: 600px) 100vw, 600px\" \/><\/div>\n\t\t<\/div>\n\n\t\t\t\t\n\t<\/div>\n\n\t\n<\/section>\n\n\t<span class=\"notification-top\" data-js=\"share-copied\">URL copied to clipboard<\/span>\n\n\n<section id=\"block-block_e39a42688a05f4d484a1ccea8367cef4\" class=\"content-tile-block nai-block margin-top-small margin-bottom-none image_right text-regular text-black extra-padding-b bg-white no-border-top smaller-heading\" data-layout=\"layout-1-2\">        \n\t\t<div class=\"container\">\n\t\t\t\t<div class=\"content\">\n\t\t\t<div class=\"image\" data-image=\"cover\">\n\t\t\t\t\t\t\t\t\t\t\t\t\t\t\t\t\t\t\t\t\t\t\t\t\t\t\t\t\t\t<div\n\t\t\t\t\t\tclass=\"quote \" \n\t\t\t\t\t\t>\n\t\t\t\t\t\t<blockquote>L\u00e1ithre\u00e1n coinsiasa a bheidh san Ionad N\u00e1isi\u00fanta Taighde agus Cuimhneach\u00e1in. Ionad cuimhneach\u00e1in n\u00e1isi\u00fanta a bheidh ann chun an urraim ch\u00e9anna a thabhairt do dhaoine a raibh c\u00f3na\u00ed orthu in \u00e1rais m\u00e1ithreacha agus na\u00edon\u00e1n, scoileanna saothair, scoileanna ceart\u00fach\u00e1in, Neachtlanna Maighdil\u00edneacha agus institi\u00faid\u00ed eile den chine\u00e1l sin.<\/blockquote>\t\t\t\t\t\t<span><\/span>\n\t\t\t\t\t\t\t\t\t\t\t<\/div>\n\t\t\t\t\t\t\t<\/div>\n\t\t\t<div class=\"text\">\n\t\t\t\t<div class=\"text-content cms-content\">\n\t\t\t\t\t\t\t\t\t\t<p><span style=\"font-weight: 400\">Beidh an tIonad ar an l\u00e1ithre\u00e1n ar a raibh an Neachtlann Mhaighdil\u00edneach i Sr\u00e1id She\u00e1in Mhic Dhiarmada i l\u00e1r chathair Bhaile \u00c1tha Cliath. T\u00e1 s\u00e9 beartaithe gur seo a leanas a bheidh san ionad:<\/span><\/p>\n<ul>\n<li style=\"font-weight: 400\"><span style=\"font-weight: 400\">Ionad taighde agus taisclann do thaifid a bhaineann leis an tr\u00e1ma institi\u00faideach san fhichi\u00fa haois agus a bheidh mar chuid den Chartlann N\u00e1isi\u00fanta<\/span><\/li>\n<li style=\"font-weight: 400\"><span style=\"font-weight: 400\">M\u00fasaem agus sp\u00e1s taispe\u00e1ntais, an fhorbairt orthu \u00e1 treor\u00fa ag Ard-Mh\u00fasaem na h\u00c9ireann<\/span><\/li>\n<li style=\"font-weight: 400\"><span style=\"font-weight: 400\">\u00c1it mhachnaimh agus mheabhr\u00fach\u00e1in<\/span><\/li>\n<\/ul>\n<p><span style=\"font-weight: 400\">Istigh mar chuid de na pleananna don Ionad N\u00e1isi\u00fanta, beidh taisclann agus seomra l\u00e9itheoireachta ag an gCartlann N\u00e1isi\u00fanta ar an l\u00e1ithre\u00e1n i Sr\u00e1id She\u00e1in Mhic Dhiarmada. Dara l\u00e1ithre\u00e1n den Chartlann N\u00e1isi\u00fanta a bheidh sa tsaor\u00e1id, beidh s\u00ed \u00e1 rial\u00fa faoin reachta\u00edocht ch\u00e9anna agus is baill foirne \u00f3n gCartlann N\u00e1isi\u00fanta a dh\u00e9anfaidh \u00ed a riar.<\/span><\/p>\n<p><span style=\"font-weight: 400\">T\u00e1 s\u00e9 beartaithe gur cartlann speisialaithe a bheidh sa tsaor\u00e1id seo, laistigh den Chartlann N\u00e1isi\u00fanta tr\u00ed ch\u00e9ile, ina nd\u00e9anfar taifid a chaomhn\u00fa agus a chur ar f\u00e1il lena n-ini\u00fachadh, na taifid sin bainteach le r\u00f3l an St\u00e1it i bhfeidhmi\u00fa agus maoirseacht r\u00e9imse leathan institi\u00faid\u00ed in \u00c9irinn san fhichi\u00fa haois, agus taifid \u00f3 Choimisi\u00fain \u00e9ags\u00fala agus comhlachta\u00ed eile arna gcur ar bun ag an rialtas le 20 bliain anuas.\u00a0<\/span><\/p>\n<p><span style=\"font-weight: 400\">Beidh cine\u00e1lacha \u00e9ags\u00fala taifead sa chartlann, comhaid bheartais agus c\u00e1schomhaid ina measc. Cuirtear comhaid bheartais ar f\u00e1il go hiond\u00fail sa Chartlann N\u00e1isi\u00fanta agus iad tr\u00edocha bliain d\u2019aois, ach c\u00farsa\u00ed n\u00edos casta m\u00e1 bh\u00edonn c\u00e1schomhaid i gceist toisc go mb\u00edonn faisn\u00e9is phearsanta iontu.\u00a0<\/span><\/p>\n<p><span style=\"font-weight: 400\">Faoin reachta\u00edocht reatha at\u00e1 againn, is g\u00e1 aon taifid a aistr\u00edtear chun na Cartlainne N\u00e1isi\u00fanta a eisi\u00faint don phobal i gcoitinne. Tuigimid go mb\u2019fh\u00e9idir nach mbeadh an socr\u00fa sin oiri\u00fanach do na taifid ar fad at\u00e1 le st\u00f3r\u00e1il san Ionad N\u00e1isi\u00fanta. T\u00e1 an cheist \u00e1 c\u00edoradh ag Foghr\u00fapa Dl\u00ed agus Reachta\u00edochta a cuireadh ar bun chun c\u00faiseanna imn\u00ed maidir le rochtain agus cosaint sonra\u00ed a scr\u00fad\u00fa agus chun molta\u00ed a dh\u00e9anamh i dtaobh an dl\u00ed a athr\u00fa nuair is g\u00e1.\u00a0<\/span><\/p>\n<h3><strong>St\u00e1das reatha an tionscadail<\/strong><\/h3>\n<p><span style=\"font-weight: 400\">T\u00e1 na pr\u00edomhranna agus gn\u00edomhaireachta\u00ed a bhfuil taifid iomchu\u00ed ina seilbh sonraithe ag an gCartlann N\u00e1isi\u00fanta agus t\u00e1 ini\u00fachadh a dh\u00e9anamh ar na taifid seo. T\u00e1 bonn eolais curtha ar f\u00e1il ag an obair sin faoi phlean ioml\u00e1n an tionscadail. T\u00e1 t\u00fas \u00e1ite tugtha do ranna a bhfuil riar\u00e1ist\u00ed de thaifid stairi\u00fala acu a bhaineann le haidhmeanna an Ionaid N\u00e1isi\u00fanta. B\u00edodh sin mar at\u00e1, tiocfaidh forbairt ar an tionscadal agus creidtear go dtiocfaidh athr\u00fa ar na tosa\u00edochta\u00ed seo chun teacht leis na molta\u00ed \u00f3n bhFoghr\u00fapa Dl\u00ed agus Reachta\u00edochta, athruithe don reachta\u00edocht um Chartlann N\u00e1isi\u00fanta ina measc.\u00a0<\/span><\/p>\n<p><span style=\"font-weight: 400\">T\u00e1 foireann shonraithe de chartlannaithe a bhfuil taith\u00ed chu\u00ed acu curtha ar bun sa Chartlann N\u00e1isi\u00fanta agus ag obair faoi l\u00e1thair le ranna rialtais \u00e1irithe chun taifid a shonr\u00fa agus a ullmh\u00fa lena n-aistri\u00fa chun na Cartlainne N\u00e1isi\u00fanta sula n-oscl\u00f3far an tIonad N\u00e1isi\u00fanta.\u00a0<\/span><\/p>\n<h3><strong>Taifid \u00e1bhartha at\u00e1 sa Chartlann N\u00e1isi\u00fanta cheana f\u00e9in<\/strong><\/h3>\n<p><span style=\"font-weight: 400\">N\u00edor aistr\u00edodh aon taifid a sonra\u00edodh san ini\u00fachadh tosaigh chun na Cartlainne N\u00e1isi\u00fanta f\u00f3s, ach seo na taifid at\u00e1 in\u00e1r seilbh faoi l\u00e1thair:\u00a0<\/span><\/p>\n<ul>\n<li style=\"font-weight: 400\"><span style=\"font-weight: 400\">Taifid de chuid na Roinne Sl\u00e1inte<\/span><\/li>\n<li style=\"font-weight: 400\"><span style=\"font-weight: 400\">Taifid de chuid na Roinne Dl\u00ed agus Cirt<\/span><\/li>\n<li style=\"font-weight: 400\"><span style=\"font-weight: 400\">Taifid de chuid na Roinne Oideachais<\/span><\/li>\n<li style=\"font-weight: 400\"><span style=\"font-weight: 400\">Taifid de chuid Roinn an Taoisigh<\/span><\/li>\n<li style=\"font-weight: 400\"><span style=\"font-weight: 400\">Taifid de chuid na Roinne Gn\u00f3tha\u00ed Eachtracha<\/span><\/li>\n<li style=\"font-weight: 400\"><span style=\"font-weight: 400\">Baili\u00fach\u00e1in phr\u00edobh\u00e1ideacha, baili\u00fach\u00e1in \u00f3 ospid\u00e9il san \u00e1ireamh\u00a0<\/span><\/li>\n<li style=\"font-weight: 400\"><span style=\"font-weight: 400\">Taifid an Bhoird Bardachta<\/span><\/li>\n<\/ul>\n<p><span style=\"font-weight: 400\">T\u00e1 tuilleadh eolais faoi thionscadal an Ionaid N\u00e1isi\u00fanta ar f\u00e1il ag <\/span><a href=\"https:\/\/www.gov.ie\/ga\/feachtais\/0319a-national-centre-for-research-and-remembrance\/?\"><span style=\"font-weight: 400\">gov.ie &#8211; Ionad N\u00e1isi\u00fanta Taighde agus Cuimhneach\u00e1in<\/span><\/a><span style=\"font-weight: 400\">.<\/span><\/p>\n\t\t\t\t<\/div>\n\t\t\t\t<div class=\"ctas\">\n\t\t\t\t\t<a class=\"primary-button color-default size-default\" href=\"https:\/\/nationalarchives.ie\/ga\/about\/\" target=\"\">About<svg xmlns=\"http:\/\/www.w3.org\/2000\/svg\" width=\"21\" height=\"21\" viewBox=\"0 0 21 21\" fill=\"none\"><path d=\"M8.13743 5.21478C7.812 4.88934 7.28436 4.88934 6.95892 5.21478C6.63348 5.54022 6.63348 6.06786 6.95892 6.39329L11.3697 10.804L6.95892 15.2148C6.63348 15.5402 6.63348 16.0679 6.95892 16.3933C7.28436 16.7187 7.812 16.7187 8.13743 16.3933L13.1374 11.3933C13.4629 11.0679 13.4629 10.5402 13.1374 10.2148L8.13743 5.21478Z\" fill=\"white\"\/><\/svg><\/a>\t\t\t\t\t\t\t\t\t<\/div>\n\n\t\t\t\t\n\t\t\t<\/div>\n\t\t<\/div>\n\t<\/div>    \n<\/section>","protected":false},"excerpt":{"rendered":"","protected":false},"author":14,"featured_media":0,"parent":550,"menu_order":3,"comment_status":"closed","ping_status":"closed","template":"","meta":{"_acf_changed":false,"inline_featured_image":false,"editor_notices":[],"footnotes":""},"class_list":["post-783","page","type-page","status-publish","hentry"],"acf":[],"yoast_head":"<!-- This site is optimized with the Yoast SEO plugin v27.3 - https:\/\/yoast.com\/product\/yoast-seo-wordpress\/ -->\n<title>Ionad N\u00e1isi\u00fanta Taighde agus Cuimhneach\u00e1in - An Chartlann N\u00e1isi\u00fanta<\/title>\n<meta name=\"robots\" content=\"index, follow, max-snippet:-1, max-image-preview:large, max-video-preview:-1\" \/>\n<link rel=\"canonical\" href=\"https:\/\/nationalarchives.ie\/ga\/about\/national-centre-for-research-and-remembrance-ncrr\/\" \/>\n<meta property=\"og:locale\" content=\"en_US\" \/>\n<meta property=\"og:type\" content=\"article\" \/>\n<meta property=\"og:title\" content=\"Ionad N\u00e1isi\u00fanta Taighde agus Cuimhneach\u00e1in - An Chartlann N\u00e1isi\u00fanta\" \/>\n<meta property=\"og:url\" content=\"https:\/\/nationalarchives.ie\/ga\/about\/national-centre-for-research-and-remembrance-ncrr\/\" \/>\n<meta property=\"og:site_name\" content=\"An Chartlann N\u00e1isi\u00fanta\" \/>\n<meta property=\"article:modified_time\" content=\"2025-11-04T17:46:21+00:00\" \/>\n<meta name=\"twitter:card\" content=\"summary_large_image\" \/>\n<script type=\"application\/ld+json\" class=\"yoast-schema-graph\">{\"@context\":\"https:\\\/\\\/schema.org\",\"@graph\":[{\"@type\":\"WebPage\",\"@id\":\"https:\\\/\\\/nationalarchives.ie\\\/ga\\\/about\\\/national-centre-for-research-and-remembrance-ncrr\\\/\",\"url\":\"https:\\\/\\\/nationalarchives.ie\\\/ga\\\/about\\\/national-centre-for-research-and-remembrance-ncrr\\\/\",\"name\":\"Ionad N\u00e1isi\u00fanta Taighde agus Cuimhneach\u00e1in - An Chartlann N\u00e1isi\u00fanta\",\"isPartOf\":{\"@id\":\"https:\\\/\\\/nationalarchives.ie\\\/ga\\\/#website\"},\"datePublished\":\"2024-11-21T09:29:41+00:00\",\"dateModified\":\"2025-11-04T17:46:21+00:00\",\"breadcrumb\":{\"@id\":\"https:\\\/\\\/nationalarchives.ie\\\/ga\\\/about\\\/national-centre-for-research-and-remembrance-ncrr\\\/#breadcrumb\"},\"inLanguage\":\"en-US\",\"potentialAction\":[{\"@type\":\"ReadAction\",\"target\":[\"https:\\\/\\\/nationalarchives.ie\\\/ga\\\/about\\\/national-centre-for-research-and-remembrance-ncrr\\\/\"]}]},{\"@type\":\"BreadcrumbList\",\"@id\":\"https:\\\/\\\/nationalarchives.ie\\\/ga\\\/about\\\/national-centre-for-research-and-remembrance-ncrr\\\/#breadcrumb\",\"itemListElement\":[{\"@type\":\"ListItem\",\"position\":1,\"name\":\"Home\",\"item\":\"https:\\\/\\\/nationalarchives.ie\\\/ga\\\/\"},{\"@type\":\"ListItem\",\"position\":2,\"name\":\"Eolas faoin gCartlann\",\"item\":\"https:\\\/\\\/nationalarchives.ie\\\/ga\\\/about\\\/\"},{\"@type\":\"ListItem\",\"position\":3,\"name\":\"Ionad N\u00e1isi\u00fanta Taighde agus Cuimhneach\u00e1in\"}]},{\"@type\":\"WebSite\",\"@id\":\"https:\\\/\\\/nationalarchives.ie\\\/ga\\\/#website\",\"url\":\"https:\\\/\\\/nationalarchives.ie\\\/ga\\\/\",\"name\":\"An Chartlann N\u00e1isi\u00fanta\",\"description\":\"\",\"potentialAction\":[{\"@type\":\"SearchAction\",\"target\":{\"@type\":\"EntryPoint\",\"urlTemplate\":\"https:\\\/\\\/nationalarchives.ie\\\/ga\\\/?s={search_term_string}\"},\"query-input\":{\"@type\":\"PropertyValueSpecification\",\"valueRequired\":true,\"valueName\":\"search_term_string\"}}],\"inLanguage\":\"en-US\"}]}<\/script>\n<!-- \/ Yoast SEO plugin. -->","yoast_head_json":{"title":"Ionad N\u00e1isi\u00fanta Taighde agus Cuimhneach\u00e1in - An Chartlann N\u00e1isi\u00fanta","robots":{"index":"index","follow":"follow","max-snippet":"max-snippet:-1","max-image-preview":"max-image-preview:large","max-video-preview":"max-video-preview:-1"},"canonical":"https:\/\/nationalarchives.ie\/ga\/about\/national-centre-for-research-and-remembrance-ncrr\/","og_locale":"en_US","og_type":"article","og_title":"Ionad N\u00e1isi\u00fanta Taighde agus Cuimhneach\u00e1in - An Chartlann N\u00e1isi\u00fanta","og_url":"https:\/\/nationalarchives.ie\/ga\/about\/national-centre-for-research-and-remembrance-ncrr\/","og_site_name":"An Chartlann N\u00e1isi\u00fanta","article_modified_time":"2025-11-04T17:46:21+00:00","twitter_card":"summary_large_image","schema":{"@context":"https:\/\/schema.org","@graph":[{"@type":"WebPage","@id":"https:\/\/nationalarchives.ie\/ga\/about\/national-centre-for-research-and-remembrance-ncrr\/","url":"https:\/\/nationalarchives.ie\/ga\/about\/national-centre-for-research-and-remembrance-ncrr\/","name":"Ionad N\u00e1isi\u00fanta Taighde agus Cuimhneach\u00e1in - An Chartlann N\u00e1isi\u00fanta","isPartOf":{"@id":"https:\/\/nationalarchives.ie\/ga\/#website"},"datePublished":"2024-11-21T09:29:41+00:00","dateModified":"2025-11-04T17:46:21+00:00","breadcrumb":{"@id":"https:\/\/nationalarchives.ie\/ga\/about\/national-centre-for-research-and-remembrance-ncrr\/#breadcrumb"},"inLanguage":"en-US","potentialAction":[{"@type":"ReadAction","target":["https:\/\/nationalarchives.ie\/ga\/about\/national-centre-for-research-and-remembrance-ncrr\/"]}]},{"@type":"BreadcrumbList","@id":"https:\/\/nationalarchives.ie\/ga\/about\/national-centre-for-research-and-remembrance-ncrr\/#breadcrumb","itemListElement":[{"@type":"ListItem","position":1,"name":"Home","item":"https:\/\/nationalarchives.ie\/ga\/"},{"@type":"ListItem","position":2,"name":"Eolas faoin gCartlann","item":"https:\/\/nationalarchives.ie\/ga\/about\/"},{"@type":"ListItem","position":3,"name":"Ionad N\u00e1isi\u00fanta Taighde agus Cuimhneach\u00e1in"}]},{"@type":"WebSite","@id":"https:\/\/nationalarchives.ie\/ga\/#website","url":"https:\/\/nationalarchives.ie\/ga\/","name":"An Chartlann N\u00e1isi\u00fanta","description":"","potentialAction":[{"@type":"SearchAction","target":{"@type":"EntryPoint","urlTemplate":"https:\/\/nationalarchives.ie\/ga\/?s={search_term_string}"},"query-input":{"@type":"PropertyValueSpecification","valueRequired":true,"valueName":"search_term_string"}}],"inLanguage":"en-US"}]}},"jetpack_sharing_enabled":true,"_links":{"self":[{"href":"https:\/\/nationalarchives.ie\/ga\/wp-json\/wp\/v2\/pages\/783","targetHints":{"allow":["GET"]}}],"collection":[{"href":"https:\/\/nationalarchives.ie\/ga\/wp-json\/wp\/v2\/pages"}],"about":[{"href":"https:\/\/nationalarchives.ie\/ga\/wp-json\/wp\/v2\/types\/page"}],"author":[{"embeddable":true,"href":"https:\/\/nationalarchives.ie\/ga\/wp-json\/wp\/v2\/users\/14"}],"replies":[{"embeddable":true,"href":"https:\/\/nationalarchives.ie\/ga\/wp-json\/wp\/v2\/comments?post=783"}],"version-history":[{"count":26,"href":"https:\/\/nationalarchives.ie\/ga\/wp-json\/wp\/v2\/pages\/783\/revisions"}],"predecessor-version":[{"id":5554,"href":"https:\/\/nationalarchives.ie\/ga\/wp-json\/wp\/v2\/pages\/783\/revisions\/5554"}],"up":[{"embeddable":true,"href":"https:\/\/nationalarchives.ie\/ga\/wp-json\/wp\/v2\/pages\/550"}],"wp:attachment":[{"href":"https:\/\/nationalarchives.ie\/ga\/wp-json\/wp\/v2\/media?parent=783"}],"curies":[{"name":"wp","href":"https:\/\/api.w.org\/{rel}","templated":true}]}}