{"id":855,"date":"2024-11-22T09:23:50","date_gmt":"2024-11-22T09:23:50","guid":{"rendered":"https:\/\/national-archives.go-vip.net\/?page_id=855"},"modified":"2026-01-05T12:34:51","modified_gmt":"2026-01-05T12:34:51","slug":"group-visits","status":"publish","type":"page","link":"https:\/\/nationalarchives.ie\/ga\/dean-cuairt-a-phleanail\/group-visits\/","title":{"rendered":"Cuairteanna gr\u00fapa"},"content":{"rendered":"\n\n<section id=\"block-block_38e400bdaf789a217265fc084e25f3b5\" class=\"landing-page-header-block title-width-default block-color-blue block-row-02-type-share block-row-02-share-position-bottom\" data-style=\"style-11\">    \n\n\t<div class=\"header row1-media\">\n\n\t\t\t\t\n<div class=\"translation-notice\">\n        <div class=\"inner container\">\n            <p><strong>Cuirfear aistri\u00fach\u00e1n ar f\u00e1il go luath<\/strong><\/p>\n            <p>\u00c1r leithsc\u00e9al as an m\u00edchaoithi\u00falacht. Cuirfear aistri\u00fach\u00e1n Gaeilge ar an leathanach seo ar f\u00e1il go luath. Go raibh maith agat as do chuid foighneachta agus muid ag obair ar leagan uasd\u00e1taithe.<\/p>\n        <\/div>\n    <\/div>\n\n\n\t\t\n\t\t<div class=\"container\">\n\t\t\t<div class=\"intro\">\n\t\t\t\t<h1 class=\"heading-0\">Cuairteanna gr\u00fapa<\/h1>\n\t\t\t\t\n\t\t\t\t\t<div class='media-wrap'><img loading=\"lazy\" decoding=\"async\" width=\"600\" height=\"400\" src=\"https:\/\/nationalarchives.ie\/ga\/wp-content\/uploads\/sites\/5\/2025\/01\/Dublins-Culture-Connects_Culture-Club_National-Archives_18-April-2018_Jonathan-Ho_LOW_11.jpg?w=600\" class=\"mobile\" alt=\"\" data-js=\"img-loader\" srcset=\"https:\/\/nationalarchives.ie\/ga\/wp-content\/uploads\/sites\/5\/2025\/01\/Dublins-Culture-Connects_Culture-Club_National-Archives_18-April-2018_Jonathan-Ho_LOW_11.jpg 1078w, https:\/\/nationalarchives.ie\/ga\/wp-content\/uploads\/sites\/5\/2025\/01\/Dublins-Culture-Connects_Culture-Club_National-Archives_18-April-2018_Jonathan-Ho_LOW_11.jpg?resize=300,200 300w, https:\/\/nationalarchives.ie\/ga\/wp-content\/uploads\/sites\/5\/2025\/01\/Dublins-Culture-Connects_Culture-Club_National-Archives_18-April-2018_Jonathan-Ho_LOW_11.jpg?resize=768,512 768w, https:\/\/nationalarchives.ie\/ga\/wp-content\/uploads\/sites\/5\/2025\/01\/Dublins-Culture-Connects_Culture-Club_National-Archives_18-April-2018_Jonathan-Ho_LOW_11.jpg?resize=1024,683 1024w, https:\/\/nationalarchives.ie\/ga\/wp-content\/uploads\/sites\/5\/2025\/01\/Dublins-Culture-Connects_Culture-Club_National-Archives_18-April-2018_Jonathan-Ho_LOW_11.jpg?resize=600,400 600w\" sizes=\"auto, (max-width: 600px) 100vw, 600px\" \/><\/div>\n\t\t\t\t\t<div class=\"text h3\"><p>T\u00e1 f\u00e1ilte ag an gCartlann N\u00e1isi\u00fanta roimh ghr\u00fapa\u00ed chuig \u00e1r n-\u00e1itreabh ar Shr\u00e1id an Easpaig i mBaile \u00c1tha Cliath. \u00d3st\u00e1laimid cuairteanna \u00f3 go leor cine\u00e1lacha gr\u00fapa\u00ed, idir chumainn stairi\u00fala \u00e1iti\u00fala agus ghr\u00fapa\u00ed taighde acad\u00fala.<\/p>\n<\/div>\n\t\t\t\t\t\t\t\t\t\t\t<div class=\"share\">\n\t\t\t\t\t\t\t<button class=\"share-button pulse fade-in\" data-js=\"share-button\">SHARE<\/button>\n\t\t\t\t\t\t<\/div>\n\t\t\t\t\t\n\t\t\t\t\n\t\t\t<\/div>\n\t\t\t\n\t\t\t<!-- mobile -->\n\t\t\t\n\t\t\t<div class='media-wrap'><img loading=\"lazy\" decoding=\"async\" width=\"600\" height=\"400\" src=\"https:\/\/nationalarchives.ie\/ga\/wp-content\/uploads\/sites\/5\/2025\/01\/Dublins-Culture-Connects_Culture-Club_National-Archives_18-April-2018_Jonathan-Ho_LOW_11.jpg?w=600\" class=\"mobile\" alt=\"\" data-js=\"img-loader\" srcset=\"https:\/\/nationalarchives.ie\/ga\/wp-content\/uploads\/sites\/5\/2025\/01\/Dublins-Culture-Connects_Culture-Club_National-Archives_18-April-2018_Jonathan-Ho_LOW_11.jpg 1078w, https:\/\/nationalarchives.ie\/ga\/wp-content\/uploads\/sites\/5\/2025\/01\/Dublins-Culture-Connects_Culture-Club_National-Archives_18-April-2018_Jonathan-Ho_LOW_11.jpg?resize=300,200 300w, https:\/\/nationalarchives.ie\/ga\/wp-content\/uploads\/sites\/5\/2025\/01\/Dublins-Culture-Connects_Culture-Club_National-Archives_18-April-2018_Jonathan-Ho_LOW_11.jpg?resize=768,512 768w, https:\/\/nationalarchives.ie\/ga\/wp-content\/uploads\/sites\/5\/2025\/01\/Dublins-Culture-Connects_Culture-Club_National-Archives_18-April-2018_Jonathan-Ho_LOW_11.jpg?resize=1024,683 1024w, https:\/\/nationalarchives.ie\/ga\/wp-content\/uploads\/sites\/5\/2025\/01\/Dublins-Culture-Connects_Culture-Club_National-Archives_18-April-2018_Jonathan-Ho_LOW_11.jpg?resize=600,400 600w\" sizes=\"auto, (max-width: 600px) 100vw, 600px\" \/><\/div>\n\t\t<\/div>\n\n\t\t\t\t\n\t<\/div>\n\n\t\n<\/section>\n\n\t<span class=\"notification-top\" data-js=\"share-copied\">URL copied to clipboard<\/span>\n\n\n<section id=\"block-block_15243cdfdb104c22cde2cd216d97312f\" class=\"content-tile-block nai-block margin-top-small margin-bottom-none image_right text-regular text-black extra-padding-b bg-white no-border-top smaller-heading\" data-layout=\"layout-1-2\">        \n\t\t<div class=\"container\">\n\t\t\t\t<div class=\"content\">\n\t\t\t<div class=\"image\" data-image=\"cover\">\n\t\t\t\t\t\t\t\t\t\t\t\t\t\t\t\t\t\t\t\t\t\t\t\t\t\t\t\t<\/div>\n\t\t\t<div class=\"text\">\n\t\t\t\t<div class=\"text-content cms-content\">\n\t\t\t\t\t\t\t\t\t\t<p>Is bealach suimi\u00fail \u00e9 cuairt a thabhairt i ngr\u00fapa chun n\u00edos m\u00f3 a fhoghlaim faoin gCartlann N\u00e1isi\u00fanta agus faoi na baili\u00fach\u00e1in at\u00e1 againn.<\/p>\n<h2>Cuairteanna ginear\u00e1lta gr\u00fapa\u00ed<\/h2>\n<p>T\u00e1 na cuairteanna seo oiri\u00fanach do ghr\u00fapa\u00ed ar mian leo n\u00edos m\u00f3 a fhoghlaim faoin gCartlann N\u00e1isi\u00fanta agus treoir a fh\u00e1il maidir le taighde cartlainne. N\u00ed f\u00e9idir linn freastal ar chuairteanna \u00f3 ghr\u00fapa\u00ed bunscoile n\u00e1 me\u00e1nscoile.<\/p>\n<p>Bainfidh do ghr\u00fapa taitneamh as:<\/p>\n<ul>\n<li>Comhr\u00e1 faoin\u00e1r gcuid oibre agus na seirbh\u00eds\u00ed a chuirimid ar f\u00e1il<\/li>\n<li>Treoir maidir leis na h\u00e1iseanna aimsithe agus catal\u00f3ga at\u00e1 againn a \u00fas\u00e1id<\/li>\n<\/ul>\n<h3><span lang=\"GA\">Fad agus costas<\/span><\/h3>\n<p>T\u00e1 turais ghr\u00fapa saor in aisce. Maireann siad uair an chloig de ghn\u00e1th.<\/p>\n<h2><span lang=\"GA\">Cuairteanna gr\u00fapa taighde<\/span><\/h2>\n<p>T\u00e1 na cuairteanna gr\u00fapa seo oiri\u00fanach do ghr\u00fapa\u00ed taighde at\u00e1 ag iarraidh eisp\u00e9ireas saincheaptha agus eolas n\u00edos doimhne.<\/p>\n<p>Beidh a leanas i gceist le cuairt taighde:<\/p>\n<ul>\n<li>R\u00e9amhr\u00e1 saincheaptha 45 n\u00f3im\u00e9ad ar \u00e1bhar cartlainne agus ar thaighde cartlainne<\/li>\n<li>Comhairle maidir le conas catal\u00f3ga agus \u00e1iseanna aimsithe a \u00fas\u00e1id chun rochtain a fh\u00e1il ar dhoicim\u00e9id<\/li>\n<li>Seisi\u00fan ceisteanna agus freagra\u00ed 15 n\u00f3im\u00e9ad leis an gcartlanna\u00ed<\/li>\n<\/ul>\n<p>Is f\u00e9idir an r\u00e9amhr\u00e1 seo a chur i l\u00e1thair tr\u00ed fh\u00edschomhdh\u00e1il freisin mura f\u00e9idir leis an ngr\u00fapa a bheith i l\u00e1thair go pearsanta.<\/p>\n<h3><span lang=\"GA\">Fad agus costas<\/span><\/h3>\n<p>T\u00e1 cuairteanna gr\u00fapa taighde saor in aisce. Maireann siad uair an chloig de ghn\u00e1th.<\/p>\n<h2><span lang=\"GA\">Cuairt ghr\u00fapa a shocr\u00fa<\/span><\/h2>\n<p><!--StartFragment --><span class=\"cf0\">M\u00e1s <\/span><span class=\"cf0\">sp\u00e9is<\/span> <span class=\"cf0\">leat<\/span> <span class=\"cf0\">cuairt<\/span> <span class=\"cf0\">ghr\u00fapa<\/span><span class=\"cf0\"> a chur in <\/span><span class=\"cf0\">\u00e1irithe<\/span><span class=\"cf0\">, <\/span><span class=\"cf0\">l\u00edon<\/span> <span class=\"cf0\">isteach<\/span><span class=\"cf0\"> an <\/span><span class=\"cf0\">fhoirm<\/span> <span class=\"cf0\">th\u00edos<\/span> <span class=\"cf0\">agus<\/span> <span class=\"cf0\">beimid<\/span> <span class=\"cf0\">i<\/span> <span class=\"cf0\">dteagmh\u00e1il<\/span> <span class=\"cf0\">leat<\/span><span class=\"cf0\">. <\/span><span class=\"cf0\">Tabhair<\/span> <span class=\"cf0\">faoi<\/span> <span class=\"cf0\">deara<\/span><span class=\"cf0\">\u00a0le do <\/span><span class=\"cf0\">thoil<\/span><span class=\"cf0\">, go <\/span><span class=\"cf0\">gcaithfear<\/span> <span class=\"cf0\">iarratais<\/span> <span class=\"cf0\">ar<\/span> <span class=\"cf0\">chuairteanna<\/span> <span class=\"cf0\">gr\u00fapa<\/span><span class=\"cf0\"> a <\/span><span class=\"cf0\">dh\u00e9anamh<\/span><strong><span class=\"cf0\"> 4 <\/span><span class=\"cf0\">seachtaine<\/span> <span class=\"cf0\">ar<\/span><span class=\"cf0\"> a <\/span><span class=\"cf0\">laghad<\/span><\/strong> <span class=\"cf0\">roimh<\/span><span class=\"cf0\"> an <\/span><span class=\"cf0\">d\u00e1ta<\/span> <span class=\"cf0\">at\u00e1<\/span><span class=\"cf0\"> ag <\/span><span class=\"cf0\">teast\u00e1il<\/span><span class=\"cf0\">.<\/span><!--EndFragment --><\/p>\n<div id=\"awebChromeHelper\" data-version=\"1.23.6\"><\/div>\n\t\t\t\t<\/div>\n\t\t\t\t<div class=\"ctas\">\n\t\t\t\t\t<a class=\"primary-button color-default size-default\" href=\"https:\/\/nationalarchives.ie\/ga\/contact-us\/\" target=\"\">Contact us to enquire about a group visit<svg xmlns=\"http:\/\/www.w3.org\/2000\/svg\" width=\"21\" height=\"21\" viewBox=\"0 0 21 21\" fill=\"none\"><path d=\"M8.13743 5.21478C7.812 4.88934 7.28436 4.88934 6.95892 5.21478C6.63348 5.54022 6.63348 6.06786 6.95892 6.39329L11.3697 10.804L6.95892 15.2148C6.63348 15.5402 6.63348 16.0679 6.95892 16.3933C7.28436 16.7187 7.812 16.7187 8.13743 16.3933L13.1374 11.3933C13.4629 11.0679 13.4629 10.5402 13.1374 10.2148L8.13743 5.21478Z\" fill=\"white\"\/><\/svg><\/a>\t\t\t\t\t\t\t\t\t<\/div>\n\n\t\t\t\t\n\t\t\t<\/div>\n\t\t<\/div>\n\t<\/div>    \n<\/section>","protected":false},"excerpt":{"rendered":"","protected":false},"author":7,"featured_media":0,"parent":298,"menu_order":4,"comment_status":"closed","ping_status":"closed","template":"","meta":{"_acf_changed":false,"inline_featured_image":false,"editor_notices":[],"footnotes":""},"class_list":["post-855","page","type-page","status-publish","hentry"],"acf":[],"yoast_head":"<!-- This site is optimized with the Yoast SEO plugin v27.3 - https:\/\/yoast.com\/product\/yoast-seo-wordpress\/ -->\n<title>Cuairteanna gr\u00fapa - An Chartlann N\u00e1isi\u00fanta<\/title>\n<meta name=\"robots\" content=\"index, follow, max-snippet:-1, max-image-preview:large, max-video-preview:-1\" \/>\n<link rel=\"canonical\" href=\"https:\/\/nationalarchives.ie\/ga\/dean-cuairt-a-phleanail\/group-visits\/\" \/>\n<meta property=\"og:locale\" content=\"en_US\" \/>\n<meta property=\"og:type\" content=\"article\" \/>\n<meta property=\"og:title\" content=\"Cuairteanna gr\u00fapa - An Chartlann N\u00e1isi\u00fanta\" \/>\n<meta property=\"og:url\" content=\"https:\/\/nationalarchives.ie\/ga\/dean-cuairt-a-phleanail\/group-visits\/\" \/>\n<meta property=\"og:site_name\" content=\"An Chartlann N\u00e1isi\u00fanta\" \/>\n<meta property=\"article:modified_time\" content=\"2026-01-05T12:34:51+00:00\" \/>\n<meta name=\"twitter:card\" content=\"summary_large_image\" \/>\n<script type=\"application\/ld+json\" class=\"yoast-schema-graph\">{\"@context\":\"https:\\\/\\\/schema.org\",\"@graph\":[{\"@type\":\"WebPage\",\"@id\":\"https:\\\/\\\/nationalarchives.ie\\\/ga\\\/dean-cuairt-a-phleanail\\\/group-visits\\\/\",\"url\":\"https:\\\/\\\/nationalarchives.ie\\\/ga\\\/dean-cuairt-a-phleanail\\\/group-visits\\\/\",\"name\":\"Cuairteanna gr\u00fapa - An Chartlann N\u00e1isi\u00fanta\",\"isPartOf\":{\"@id\":\"https:\\\/\\\/nationalarchives.ie\\\/ga\\\/#website\"},\"datePublished\":\"2024-11-22T09:23:50+00:00\",\"dateModified\":\"2026-01-05T12:34:51+00:00\",\"breadcrumb\":{\"@id\":\"https:\\\/\\\/nationalarchives.ie\\\/ga\\\/dean-cuairt-a-phleanail\\\/group-visits\\\/#breadcrumb\"},\"inLanguage\":\"en-US\",\"potentialAction\":[{\"@type\":\"ReadAction\",\"target\":[\"https:\\\/\\\/nationalarchives.ie\\\/ga\\\/dean-cuairt-a-phleanail\\\/group-visits\\\/\"]}]},{\"@type\":\"BreadcrumbList\",\"@id\":\"https:\\\/\\\/nationalarchives.ie\\\/ga\\\/dean-cuairt-a-phleanail\\\/group-visits\\\/#breadcrumb\",\"itemListElement\":[{\"@type\":\"ListItem\",\"position\":1,\"name\":\"Home\",\"item\":\"https:\\\/\\\/nationalarchives.ie\\\/ga\\\/\"},{\"@type\":\"ListItem\",\"position\":2,\"name\":\"D\u00e9an cuairt a phlean\u00e1il\",\"item\":\"https:\\\/\\\/nationalarchives.ie\\\/ga\\\/dean-cuairt-a-phleanail\\\/\"},{\"@type\":\"ListItem\",\"position\":3,\"name\":\"Cuairteanna gr\u00fapa\"}]},{\"@type\":\"WebSite\",\"@id\":\"https:\\\/\\\/nationalarchives.ie\\\/ga\\\/#website\",\"url\":\"https:\\\/\\\/nationalarchives.ie\\\/ga\\\/\",\"name\":\"An Chartlann N\u00e1isi\u00fanta\",\"description\":\"\",\"potentialAction\":[{\"@type\":\"SearchAction\",\"target\":{\"@type\":\"EntryPoint\",\"urlTemplate\":\"https:\\\/\\\/nationalarchives.ie\\\/ga\\\/?s={search_term_string}\"},\"query-input\":{\"@type\":\"PropertyValueSpecification\",\"valueRequired\":true,\"valueName\":\"search_term_string\"}}],\"inLanguage\":\"en-US\"}]}<\/script>\n<!-- \/ Yoast SEO plugin. -->","yoast_head_json":{"title":"Cuairteanna gr\u00fapa - An Chartlann N\u00e1isi\u00fanta","robots":{"index":"index","follow":"follow","max-snippet":"max-snippet:-1","max-image-preview":"max-image-preview:large","max-video-preview":"max-video-preview:-1"},"canonical":"https:\/\/nationalarchives.ie\/ga\/dean-cuairt-a-phleanail\/group-visits\/","og_locale":"en_US","og_type":"article","og_title":"Cuairteanna gr\u00fapa - An Chartlann N\u00e1isi\u00fanta","og_url":"https:\/\/nationalarchives.ie\/ga\/dean-cuairt-a-phleanail\/group-visits\/","og_site_name":"An Chartlann N\u00e1isi\u00fanta","article_modified_time":"2026-01-05T12:34:51+00:00","twitter_card":"summary_large_image","schema":{"@context":"https:\/\/schema.org","@graph":[{"@type":"WebPage","@id":"https:\/\/nationalarchives.ie\/ga\/dean-cuairt-a-phleanail\/group-visits\/","url":"https:\/\/nationalarchives.ie\/ga\/dean-cuairt-a-phleanail\/group-visits\/","name":"Cuairteanna gr\u00fapa - An Chartlann N\u00e1isi\u00fanta","isPartOf":{"@id":"https:\/\/nationalarchives.ie\/ga\/#website"},"datePublished":"2024-11-22T09:23:50+00:00","dateModified":"2026-01-05T12:34:51+00:00","breadcrumb":{"@id":"https:\/\/nationalarchives.ie\/ga\/dean-cuairt-a-phleanail\/group-visits\/#breadcrumb"},"inLanguage":"en-US","potentialAction":[{"@type":"ReadAction","target":["https:\/\/nationalarchives.ie\/ga\/dean-cuairt-a-phleanail\/group-visits\/"]}]},{"@type":"BreadcrumbList","@id":"https:\/\/nationalarchives.ie\/ga\/dean-cuairt-a-phleanail\/group-visits\/#breadcrumb","itemListElement":[{"@type":"ListItem","position":1,"name":"Home","item":"https:\/\/nationalarchives.ie\/ga\/"},{"@type":"ListItem","position":2,"name":"D\u00e9an cuairt a phlean\u00e1il","item":"https:\/\/nationalarchives.ie\/ga\/dean-cuairt-a-phleanail\/"},{"@type":"ListItem","position":3,"name":"Cuairteanna gr\u00fapa"}]},{"@type":"WebSite","@id":"https:\/\/nationalarchives.ie\/ga\/#website","url":"https:\/\/nationalarchives.ie\/ga\/","name":"An Chartlann N\u00e1isi\u00fanta","description":"","potentialAction":[{"@type":"SearchAction","target":{"@type":"EntryPoint","urlTemplate":"https:\/\/nationalarchives.ie\/ga\/?s={search_term_string}"},"query-input":{"@type":"PropertyValueSpecification","valueRequired":true,"valueName":"search_term_string"}}],"inLanguage":"en-US"}]}},"jetpack_sharing_enabled":true,"_links":{"self":[{"href":"https:\/\/nationalarchives.ie\/ga\/wp-json\/wp\/v2\/pages\/855","targetHints":{"allow":["GET"]}}],"collection":[{"href":"https:\/\/nationalarchives.ie\/ga\/wp-json\/wp\/v2\/pages"}],"about":[{"href":"https:\/\/nationalarchives.ie\/ga\/wp-json\/wp\/v2\/types\/page"}],"author":[{"embeddable":true,"href":"https:\/\/nationalarchives.ie\/ga\/wp-json\/wp\/v2\/users\/7"}],"replies":[{"embeddable":true,"href":"https:\/\/nationalarchives.ie\/ga\/wp-json\/wp\/v2\/comments?post=855"}],"version-history":[{"count":20,"href":"https:\/\/nationalarchives.ie\/ga\/wp-json\/wp\/v2\/pages\/855\/revisions"}],"predecessor-version":[{"id":5625,"href":"https:\/\/nationalarchives.ie\/ga\/wp-json\/wp\/v2\/pages\/855\/revisions\/5625"}],"up":[{"embeddable":true,"href":"https:\/\/nationalarchives.ie\/ga\/wp-json\/wp\/v2\/pages\/298"}],"wp:attachment":[{"href":"https:\/\/nationalarchives.ie\/ga\/wp-json\/wp\/v2\/media?parent=855"}],"curies":[{"name":"wp","href":"https:\/\/api.w.org\/{rel}","templated":true}]}}