{"id":919,"date":"2024-11-22T16:16:12","date_gmt":"2024-11-22T16:16:12","guid":{"rendered":"https:\/\/national-archives.go-vip.net\/?page_id=919"},"modified":"2025-06-19T14:39:33","modified_gmt":"2025-06-19T14:39:33","slug":"the-treaty-1921-records-from-the-archives","status":"publish","type":"page","link":"https:\/\/nationalarchives.ie\/ga\/engage-and-learn\/exhibitions-and-loans\/the-treaty-1921-records-from-the-archives\/","title":{"rendered":"The Treaty 1921: Records from the Archives"},"content":{"rendered":"\n\n<section id=\"block-block_c46d8f8d6bbb6efce97f10604d3d01b9\" class=\"landing-page-header-block title-width-default block-color-gold block-row-02-type-share block-row-02-share-position-bottom\" data-style=\"style-11\">    \n\n\t<div class=\"header row1-media\">\n\n\t\t\t\t\n<div class=\"translation-notice\">\n        <div class=\"inner container\">\n            <p><strong>Cuirfear aistri\u00fach\u00e1n ar f\u00e1il go luath<\/strong><\/p>\n            <p>\u00c1r leithsc\u00e9al as an m\u00edchaoithi\u00falacht. Cuirfear aistri\u00fach\u00e1n Gaeilge ar an leathanach seo ar f\u00e1il go luath. Go raibh maith agat as do chuid foighneachta agus muid ag obair ar leagan uasd\u00e1taithe.<\/p>\n        <\/div>\n    <\/div>\n\n\n\t\t\n\t\t<div class=\"container\">\n\t\t\t<div class=\"intro\">\n\t\t\t\t<h1 class=\"heading-0\">The Treaty 1921: Records from the Archives<\/h1>\n\t\t\t\t\n\t\t\t\t\t<div class='media-wrap'><img loading=\"lazy\" decoding=\"async\" width=\"600\" height=\"473\" src=\"https:\/\/nationalarchives.ie\/ga\/wp-content\/uploads\/sites\/5\/2025\/06\/the-treaty-1921-extended.jpg?w=600\" class=\"mobile\" alt=\"\" data-js=\"img-loader\" srcset=\"https:\/\/nationalarchives.ie\/ga\/wp-content\/uploads\/sites\/5\/2025\/06\/the-treaty-1921-extended.jpg 1200w, https:\/\/nationalarchives.ie\/ga\/wp-content\/uploads\/sites\/5\/2025\/06\/the-treaty-1921-extended.jpg?resize=300,236 300w, https:\/\/nationalarchives.ie\/ga\/wp-content\/uploads\/sites\/5\/2025\/06\/the-treaty-1921-extended.jpg?resize=768,605 768w, https:\/\/nationalarchives.ie\/ga\/wp-content\/uploads\/sites\/5\/2025\/06\/the-treaty-1921-extended.jpg?resize=1024,806 1024w, https:\/\/nationalarchives.ie\/ga\/wp-content\/uploads\/sites\/5\/2025\/06\/the-treaty-1921-extended.jpg?resize=600,473 600w\" sizes=\"auto, (max-width: 600px) 100vw, 600px\" \/><\/div>\n\t\t\t\t\t<div class=\"text h3\"><p>The exhibition featured Anglo-Irish Treaty records, with virtual and regional tours extending its reach, and publications and lectures offering in-depth insights.<\/p>\n<\/div>\n\t\t\t\t\t\t\t\t\t\t\t<div class=\"share\">\n\t\t\t\t\t\t\t<button class=\"share-button pulse fade-in\" data-js=\"share-button\">SHARE<\/button>\n\t\t\t\t\t\t<\/div>\n\t\t\t\t\t\n\t\t\t\t\n\t\t\t<\/div>\n\t\t\t\n\t\t\t<!-- mobile -->\n\t\t\t\n\t\t\t<div class='media-wrap'><img loading=\"lazy\" decoding=\"async\" width=\"600\" height=\"473\" src=\"https:\/\/nationalarchives.ie\/ga\/wp-content\/uploads\/sites\/5\/2025\/06\/the-treaty-1921-extended.jpg?w=600\" class=\"mobile\" alt=\"\" data-js=\"img-loader\" srcset=\"https:\/\/nationalarchives.ie\/ga\/wp-content\/uploads\/sites\/5\/2025\/06\/the-treaty-1921-extended.jpg 1200w, https:\/\/nationalarchives.ie\/ga\/wp-content\/uploads\/sites\/5\/2025\/06\/the-treaty-1921-extended.jpg?resize=300,236 300w, https:\/\/nationalarchives.ie\/ga\/wp-content\/uploads\/sites\/5\/2025\/06\/the-treaty-1921-extended.jpg?resize=768,605 768w, https:\/\/nationalarchives.ie\/ga\/wp-content\/uploads\/sites\/5\/2025\/06\/the-treaty-1921-extended.jpg?resize=1024,806 1024w, https:\/\/nationalarchives.ie\/ga\/wp-content\/uploads\/sites\/5\/2025\/06\/the-treaty-1921-extended.jpg?resize=600,473 600w\" sizes=\"auto, (max-width: 600px) 100vw, 600px\" \/><\/div>\n\t\t<\/div>\n\n\t\t\t\t\n\t<\/div>\n\n\t\n<\/section>\n\n\t<span class=\"notification-top\" data-js=\"share-copied\">URL copied to clipboard<\/span>\n\n\n<section id=\"block-block_072d7d533751d102249e924383bd415b\" class=\"content-tile-block nai-block margin-top-small margin-bottom-default image_right text-regular text-black bg-white no-border-top smaller-heading\" data-layout=\"layout-1-2\">        \n\t\t<div class=\"container\">\n\t\t\t\t<div class=\"content\">\n\t\t\t<div class=\"image\" data-image=\"cover\">\n\t\t\t\t\t\t\t\t\t\t\t\t\t\t\t\t\t\t\t\t\t\t\t\t\t\t\t\t<\/div>\n\t\t\t<div class=\"text\">\n\t\t\t\t<div class=\"text-content cms-content\">\n\t\t\t\t\t\t\t\t\t\t<p>The Treaty, 1921: Records from the Archives\u2019 exhibition placed the Treaty document on public display for the first time and took the form of a major large-scale exhibition in Dublin Castle which opened in December 2021.<\/p>\n<p>A national tour developed in partnership with local authorities was delivered in April, May and June 2022 in Cork, Donegal, Limerick, Tipperary, Wexford and Wicklow, along with an online virtual tour and a special presentation as part of the National Ploughing Championships in September 2022.<\/p>\n<p>An exhibition catalogue was published in partnership with the Royal Irish Academy. A learning resource was also produced in partnership with the Department of Education and distributed to all secondary schools across Ireland. \u2018The Treaty, 1921: Records from the Archives\u2019 exhibitions including online and touring projects and publications were viewed by over 36,000 people.<\/p>\n<p>The Anglo-Irish Treaty is one of the most significant historical documents held by the National Archives. This exhibition marked the centenary of the National Archives&#8217; role as the official repository of the State&#8217;s records. For the first time in the history of the State, significant historical records, official documents, and private papers were presented to the public, including the first public display of the Treaty document.<\/p>\n<p>The exhibition placed the Treaty negotiations within the political context of the Irish Revolution and the aftermath of the First World War. This was done using contemporary reportage, images, and footage. It began with the exploratory talks between \u00c9amon de Valera, President of D\u00e1il \u00c9ireann, and British Prime Minister David Lloyd George in the summer of 1921. The exhibition detailed the work of the Irish plenipotentiaries and their secretariat through the documentary records they left behind.<\/p>\n<p>The exhibition also chronicled the daily life of the Irish delegation in London, from social events to the tense final days leading to the signing of the Treaty just after 2 am on 6 December 1921. It documented the delegation\u2019s return to Dublin and the D\u00e1il \u00c9ireann cabinet meeting that highlighted the split in the independence movement over the Treaty terms, leading to civil war.<\/p>\n<p>Although the exhibition has concluded, its impact continues to resonate, offering new insights into this pivotal moment in Irish history.<\/p>\n\t\t\t\t<\/div>\n\t\t\t\t<div class=\"ctas\">\n\t\t\t\t\t<a class=\"primary-button color-default size-default\" href=\"https:\/\/nationalarchives.ie\/ga\/engage-and-learn\/\" target=\"\">Engage and learn<svg xmlns=\"http:\/\/www.w3.org\/2000\/svg\" width=\"21\" height=\"21\" viewBox=\"0 0 21 21\" fill=\"none\"><path d=\"M8.13743 5.21478C7.812 4.88934 7.28436 4.88934 6.95892 5.21478C6.63348 5.54022 6.63348 6.06786 6.95892 6.39329L11.3697 10.804L6.95892 15.2148C6.63348 15.5402 6.63348 16.0679 6.95892 16.3933C7.28436 16.7187 7.812 16.7187 8.13743 16.3933L13.1374 11.3933C13.4629 11.0679 13.4629 10.5402 13.1374 10.2148L8.13743 5.21478Z\" fill=\"white\"\/><\/svg><\/a>\t\t\t\t\t\t\t\t\t<\/div>\n\n\t\t\t\t\n\t\t\t<\/div>\n\t\t<\/div>\n\t<\/div>    \n<\/section>\n\n<section id=\"block-block_f6712944b406faaa0a710d2b052a1493\" class=\"cards-row-block nai-block margin-top-default margin-bottom-default numbers-columns-3 images-ratio-landscape\">\n    <div class=\"container\">          \n            <header class=\"section-header-component text-content\">\n        <div class=\"header-content\">                \n            <h2 class=\"h2\">Related content<\/h2>            \n                                                <\/div>\n    <\/header>     \n            <section class=\"cards\">\n                                    <article class=\"card-component fade-in\">\n                        <a href=\"https:\/\/nationalarchives.ie\/ga\/engage-and-learn\/exhibitions-and-loans\/public-record-office-of-ireland-the-story-of-a-building\/\" title=\"Public Records Office of Ireland\">\n                                                            <img loading=\"lazy\" decoding=\"async\" width=\"768\" height=\"768\" src=\"https:\/\/nationalarchives.ie\/ga\/wp-content\/uploads\/sites\/5\/2024\/11\/PROI-Logo-English-01.jpg?w=768\" class=\"attachment-medium_large size-medium_large\" alt=\"\" data-js=\"img-loader\" srcset=\"https:\/\/nationalarchives.ie\/ga\/wp-content\/uploads\/sites\/5\/2024\/11\/PROI-Logo-English-01.jpg 2481w, https:\/\/nationalarchives.ie\/ga\/wp-content\/uploads\/sites\/5\/2024\/11\/PROI-Logo-English-01.jpg?resize=150,150 150w, https:\/\/nationalarchives.ie\/ga\/wp-content\/uploads\/sites\/5\/2024\/11\/PROI-Logo-English-01.jpg?resize=300,300 300w, https:\/\/nationalarchives.ie\/ga\/wp-content\/uploads\/sites\/5\/2024\/11\/PROI-Logo-English-01.jpg?resize=768,768 768w, https:\/\/nationalarchives.ie\/ga\/wp-content\/uploads\/sites\/5\/2024\/11\/PROI-Logo-English-01.jpg?resize=1024,1024 1024w, https:\/\/nationalarchives.ie\/ga\/wp-content\/uploads\/sites\/5\/2024\/11\/PROI-Logo-English-01.jpg?resize=1536,1536 1536w, https:\/\/nationalarchives.ie\/ga\/wp-content\/uploads\/sites\/5\/2024\/11\/PROI-Logo-English-01.jpg?resize=2048,2048 2048w, https:\/\/nationalarchives.ie\/ga\/wp-content\/uploads\/sites\/5\/2024\/11\/PROI-Logo-English-01.jpg?resize=600,600 600w\" sizes=\"auto, (max-width: 768px) 100vw, 768px\" \/>                                                    \n                            <div class=\"intro no-pb\">\n                                                                <h3 class=\"\">Public Records Office of Ireland<\/h3>                                <p>The Story of a Building<\/p>                    \n                                                            <\/div>\n                        <\/a>\n                    <\/article>\n                                    <article class=\"card-component fade-in\">\n                        <a href=\"https:\/\/nationalarchives.ie\/ga\/engage-and-learn\/exhibitions-and-loans\/shadowing-the-archives\/\" title=\"Shadowing the Archives\">\n                                                            <img loading=\"lazy\" decoding=\"async\" width=\"768\" height=\"768\" src=\"https:\/\/nationalarchives.ie\/ga\/wp-content\/uploads\/sites\/5\/2024\/11\/NA_JB_Exhibition_Social_Media_Instagram_V1.png?w=768\" class=\"attachment-medium_large size-medium_large\" alt=\"\" data-js=\"img-loader\" srcset=\"https:\/\/nationalarchives.ie\/ga\/wp-content\/uploads\/sites\/5\/2024\/11\/NA_JB_Exhibition_Social_Media_Instagram_V1.png 1080w, https:\/\/nationalarchives.ie\/ga\/wp-content\/uploads\/sites\/5\/2024\/11\/NA_JB_Exhibition_Social_Media_Instagram_V1.png?resize=150,150 150w, https:\/\/nationalarchives.ie\/ga\/wp-content\/uploads\/sites\/5\/2024\/11\/NA_JB_Exhibition_Social_Media_Instagram_V1.png?resize=300,300 300w, https:\/\/nationalarchives.ie\/ga\/wp-content\/uploads\/sites\/5\/2024\/11\/NA_JB_Exhibition_Social_Media_Instagram_V1.png?resize=768,768 768w, https:\/\/nationalarchives.ie\/ga\/wp-content\/uploads\/sites\/5\/2024\/11\/NA_JB_Exhibition_Social_Media_Instagram_V1.png?resize=1024,1024 1024w, https:\/\/nationalarchives.ie\/ga\/wp-content\/uploads\/sites\/5\/2024\/11\/NA_JB_Exhibition_Social_Media_Instagram_V1.png?resize=600,600 600w\" sizes=\"auto, (max-width: 768px) 100vw, 768px\" \/>                                                    \n                            <div class=\"intro no-pb\">\n                                                                <h3 class=\"\">Shadowing the Archives<\/h3>                                <p>Artist-in-Residence, National Archives, 2021-2023<\/p>                    \n                                                            <\/div>\n                        <\/a>\n                    <\/article>\n                                    <article class=\"card-component fade-in\">\n                        <a href=\"https:\/\/nationalarchives.ie\/ga\/engage-and-learn\/exhibitions-and-loans\/the-secret-space-palimpsest\/\" title=\"The Secret Space: Palimpsest\">\n                                                            <img loading=\"lazy\" decoding=\"async\" width=\"768\" height=\"439\" src=\"https:\/\/nationalarchives.ie\/ga\/wp-content\/uploads\/sites\/5\/2025\/01\/ANU_Invitation.jpg?w=768\" class=\"attachment-medium_large size-medium_large\" alt=\"\" data-js=\"img-loader\" srcset=\"https:\/\/nationalarchives.ie\/ga\/wp-content\/uploads\/sites\/5\/2025\/01\/ANU_Invitation.jpg 797w, https:\/\/nationalarchives.ie\/ga\/wp-content\/uploads\/sites\/5\/2025\/01\/ANU_Invitation.jpg?resize=300,172 300w, https:\/\/nationalarchives.ie\/ga\/wp-content\/uploads\/sites\/5\/2025\/01\/ANU_Invitation.jpg?resize=768,439 768w, https:\/\/nationalarchives.ie\/ga\/wp-content\/uploads\/sites\/5\/2025\/01\/ANU_Invitation.jpg?resize=600,343 600w\" sizes=\"auto, (max-width: 768px) 100vw, 768px\" \/>                                                    \n                            <div class=\"intro no-pb\">\n                                                                <h3 class=\"\">The Secret Space: Palimpsest<\/h3>                                                    \n                                                            <\/div>\n                        <\/a>\n                    <\/article>\n                            <\/section>\n        \n    <\/div>\n<\/section>","protected":false},"excerpt":{"rendered":"","protected":false},"author":7,"featured_media":0,"parent":909,"menu_order":4,"comment_status":"closed","ping_status":"closed","template":"","meta":{"_acf_changed":false,"inline_featured_image":false,"editor_notices":[],"footnotes":""},"class_list":["post-919","page","type-page","status-publish","hentry"],"acf":[],"yoast_head":"<!-- This site is optimized with the Yoast SEO plugin v27.3 - https:\/\/yoast.com\/product\/yoast-seo-wordpress\/ -->\n<title>The Treaty 1921: Records from the Archives - An Chartlann N\u00e1isi\u00fanta<\/title>\n<meta name=\"robots\" content=\"index, follow, max-snippet:-1, max-image-preview:large, max-video-preview:-1\" \/>\n<link rel=\"canonical\" href=\"https:\/\/nationalarchives.ie\/ga\/engage-and-learn\/exhibitions-and-loans\/the-treaty-1921-records-from-the-archives\/\" \/>\n<meta property=\"og:locale\" content=\"en_US\" \/>\n<meta property=\"og:type\" content=\"article\" \/>\n<meta property=\"og:title\" content=\"The Treaty 1921: Records from the Archives - An Chartlann N\u00e1isi\u00fanta\" \/>\n<meta property=\"og:url\" content=\"https:\/\/nationalarchives.ie\/ga\/engage-and-learn\/exhibitions-and-loans\/the-treaty-1921-records-from-the-archives\/\" \/>\n<meta property=\"og:site_name\" content=\"An Chartlann N\u00e1isi\u00fanta\" \/>\n<meta property=\"article:modified_time\" content=\"2025-06-19T14:39:33+00:00\" \/>\n<meta name=\"twitter:card\" content=\"summary_large_image\" \/>\n<script type=\"application\/ld+json\" class=\"yoast-schema-graph\">{\"@context\":\"https:\\\/\\\/schema.org\",\"@graph\":[{\"@type\":\"WebPage\",\"@id\":\"https:\\\/\\\/nationalarchives.ie\\\/ga\\\/engage-and-learn\\\/exhibitions-and-loans\\\/the-treaty-1921-records-from-the-archives\\\/\",\"url\":\"https:\\\/\\\/nationalarchives.ie\\\/ga\\\/engage-and-learn\\\/exhibitions-and-loans\\\/the-treaty-1921-records-from-the-archives\\\/\",\"name\":\"The Treaty 1921: Records from the Archives - An Chartlann N\u00e1isi\u00fanta\",\"isPartOf\":{\"@id\":\"https:\\\/\\\/nationalarchives.ie\\\/ga\\\/#website\"},\"datePublished\":\"2024-11-22T16:16:12+00:00\",\"dateModified\":\"2025-06-19T14:39:33+00:00\",\"breadcrumb\":{\"@id\":\"https:\\\/\\\/nationalarchives.ie\\\/ga\\\/engage-and-learn\\\/exhibitions-and-loans\\\/the-treaty-1921-records-from-the-archives\\\/#breadcrumb\"},\"inLanguage\":\"en-US\",\"potentialAction\":[{\"@type\":\"ReadAction\",\"target\":[\"https:\\\/\\\/nationalarchives.ie\\\/ga\\\/engage-and-learn\\\/exhibitions-and-loans\\\/the-treaty-1921-records-from-the-archives\\\/\"]}]},{\"@type\":\"BreadcrumbList\",\"@id\":\"https:\\\/\\\/nationalarchives.ie\\\/ga\\\/engage-and-learn\\\/exhibitions-and-loans\\\/the-treaty-1921-records-from-the-archives\\\/#breadcrumb\",\"itemListElement\":[{\"@type\":\"ListItem\",\"position\":1,\"name\":\"Home\",\"item\":\"https:\\\/\\\/nationalarchives.ie\\\/ga\\\/\"},{\"@type\":\"ListItem\",\"position\":2,\"name\":\"Rannph\u00e1irteach agus foghlaim\",\"item\":\"https:\\\/\\\/nationalarchives.ie\\\/ga\\\/engage-and-learn\\\/\"},{\"@type\":\"ListItem\",\"position\":3,\"name\":\"Taispe\u00e1ntais agus iasachta\u00ed\",\"item\":\"https:\\\/\\\/nationalarchives.ie\\\/ga\\\/engage-and-learn\\\/exhibitions-and-loans\\\/\"},{\"@type\":\"ListItem\",\"position\":4,\"name\":\"The Treaty 1921: Records from the Archives\"}]},{\"@type\":\"WebSite\",\"@id\":\"https:\\\/\\\/nationalarchives.ie\\\/ga\\\/#website\",\"url\":\"https:\\\/\\\/nationalarchives.ie\\\/ga\\\/\",\"name\":\"An Chartlann N\u00e1isi\u00fanta\",\"description\":\"\",\"potentialAction\":[{\"@type\":\"SearchAction\",\"target\":{\"@type\":\"EntryPoint\",\"urlTemplate\":\"https:\\\/\\\/nationalarchives.ie\\\/ga\\\/?s={search_term_string}\"},\"query-input\":{\"@type\":\"PropertyValueSpecification\",\"valueRequired\":true,\"valueName\":\"search_term_string\"}}],\"inLanguage\":\"en-US\"}]}<\/script>\n<!-- \/ Yoast SEO plugin. -->","yoast_head_json":{"title":"The Treaty 1921: Records from the Archives - An Chartlann N\u00e1isi\u00fanta","robots":{"index":"index","follow":"follow","max-snippet":"max-snippet:-1","max-image-preview":"max-image-preview:large","max-video-preview":"max-video-preview:-1"},"canonical":"https:\/\/nationalarchives.ie\/ga\/engage-and-learn\/exhibitions-and-loans\/the-treaty-1921-records-from-the-archives\/","og_locale":"en_US","og_type":"article","og_title":"The Treaty 1921: Records from the Archives - An Chartlann N\u00e1isi\u00fanta","og_url":"https:\/\/nationalarchives.ie\/ga\/engage-and-learn\/exhibitions-and-loans\/the-treaty-1921-records-from-the-archives\/","og_site_name":"An Chartlann N\u00e1isi\u00fanta","article_modified_time":"2025-06-19T14:39:33+00:00","twitter_card":"summary_large_image","schema":{"@context":"https:\/\/schema.org","@graph":[{"@type":"WebPage","@id":"https:\/\/nationalarchives.ie\/ga\/engage-and-learn\/exhibitions-and-loans\/the-treaty-1921-records-from-the-archives\/","url":"https:\/\/nationalarchives.ie\/ga\/engage-and-learn\/exhibitions-and-loans\/the-treaty-1921-records-from-the-archives\/","name":"The Treaty 1921: Records from the Archives - An Chartlann N\u00e1isi\u00fanta","isPartOf":{"@id":"https:\/\/nationalarchives.ie\/ga\/#website"},"datePublished":"2024-11-22T16:16:12+00:00","dateModified":"2025-06-19T14:39:33+00:00","breadcrumb":{"@id":"https:\/\/nationalarchives.ie\/ga\/engage-and-learn\/exhibitions-and-loans\/the-treaty-1921-records-from-the-archives\/#breadcrumb"},"inLanguage":"en-US","potentialAction":[{"@type":"ReadAction","target":["https:\/\/nationalarchives.ie\/ga\/engage-and-learn\/exhibitions-and-loans\/the-treaty-1921-records-from-the-archives\/"]}]},{"@type":"BreadcrumbList","@id":"https:\/\/nationalarchives.ie\/ga\/engage-and-learn\/exhibitions-and-loans\/the-treaty-1921-records-from-the-archives\/#breadcrumb","itemListElement":[{"@type":"ListItem","position":1,"name":"Home","item":"https:\/\/nationalarchives.ie\/ga\/"},{"@type":"ListItem","position":2,"name":"Rannph\u00e1irteach agus foghlaim","item":"https:\/\/nationalarchives.ie\/ga\/engage-and-learn\/"},{"@type":"ListItem","position":3,"name":"Taispe\u00e1ntais agus iasachta\u00ed","item":"https:\/\/nationalarchives.ie\/ga\/engage-and-learn\/exhibitions-and-loans\/"},{"@type":"ListItem","position":4,"name":"The Treaty 1921: Records from the Archives"}]},{"@type":"WebSite","@id":"https:\/\/nationalarchives.ie\/ga\/#website","url":"https:\/\/nationalarchives.ie\/ga\/","name":"An Chartlann N\u00e1isi\u00fanta","description":"","potentialAction":[{"@type":"SearchAction","target":{"@type":"EntryPoint","urlTemplate":"https:\/\/nationalarchives.ie\/ga\/?s={search_term_string}"},"query-input":{"@type":"PropertyValueSpecification","valueRequired":true,"valueName":"search_term_string"}}],"inLanguage":"en-US"}]}},"jetpack_sharing_enabled":true,"_links":{"self":[{"href":"https:\/\/nationalarchives.ie\/ga\/wp-json\/wp\/v2\/pages\/919","targetHints":{"allow":["GET"]}}],"collection":[{"href":"https:\/\/nationalarchives.ie\/ga\/wp-json\/wp\/v2\/pages"}],"about":[{"href":"https:\/\/nationalarchives.ie\/ga\/wp-json\/wp\/v2\/types\/page"}],"author":[{"embeddable":true,"href":"https:\/\/nationalarchives.ie\/ga\/wp-json\/wp\/v2\/users\/7"}],"replies":[{"embeddable":true,"href":"https:\/\/nationalarchives.ie\/ga\/wp-json\/wp\/v2\/comments?post=919"}],"version-history":[{"count":13,"href":"https:\/\/nationalarchives.ie\/ga\/wp-json\/wp\/v2\/pages\/919\/revisions"}],"predecessor-version":[{"id":5470,"href":"https:\/\/nationalarchives.ie\/ga\/wp-json\/wp\/v2\/pages\/919\/revisions\/5470"}],"up":[{"embeddable":true,"href":"https:\/\/nationalarchives.ie\/ga\/wp-json\/wp\/v2\/pages\/909"}],"wp:attachment":[{"href":"https:\/\/nationalarchives.ie\/ga\/wp-json\/wp\/v2\/media?parent=919"}],"curies":[{"name":"wp","href":"https:\/\/api.w.org\/{rel}","templated":true}]}}